{"id":12204,"date":"2025-04-15T10:26:56","date_gmt":"2025-04-15T10:26:56","guid":{"rendered":"https:\/\/www.nanwangpaperbag.com\/?post_type=product&#038;p=12204"},"modified":"2025-04-15T10:26:57","modified_gmt":"2025-04-15T10:26:57","slug":"non-woven-one-step-forming-bags","status":"publish","type":"product","link":"https:\/\/www.nanwangpaperbag.com\/pt\/produto\/non-woven-one-step-forming-bags\/","title":{"rendered":"Sacos n\u00e3o tecidos de forma\u00e7\u00e3o em uma etapa"},"content":{"rendered":"<p>O nosso <a href=\"https:\/\/www.nanwangpaperbag.com\/pt\/category\/non-woven-bags\/one-step-forming-bags\/\"><strong>sacos de moldagem numa s\u00f3 etapa<\/strong> <\/a>est\u00e3o dispon\u00edveis em duas s\u00e9ries: de topo plano e com fecho herm\u00e9tico. A s\u00e9rie de topo plano inclui sacos de topo plano com pega plana e sacos de m\u00e3o de topo plano, entre outros; a s\u00e9rie ressel\u00e1vel inclui sacos ressel\u00e1veis de abertura alta e baixa e de abertura alta dupla. Os sacos de forma\u00e7\u00e3o numa s\u00f3 etapa s\u00e3o produzidos atrav\u00e9s de processos totalmente autom\u00e1ticos, garantindo uma elevada efici\u00eancia de produ\u00e7\u00e3o e uma qualidade est\u00e1vel. Pode ser aplicado em v\u00e1rios cen\u00e1rios, como retalho, supermercados e outros locais.<\/p>\n<p><img loading=\"lazy\" decoding=\"async\" class=\"alignnone size-full wp-image-12210\" data-src=\"https:\/\/www.nanwangpaperbag.com\/wp-content\/uploads\/2025\/04\/High-and-low-opening-resealable-bags.webp\" alt=\"sacos de moldagem numa s\u00f3 etapa\" width=\"210\" height=\"210\" srcset=\"https:\/\/www.nanwangpaperbag.com\/wp-content\/uploads\/2025\/04\/High-and-low-opening-resealable-bags.webp 210w, https:\/\/www.nanwangpaperbag.com\/wp-content\/uploads\/2025\/04\/High-and-low-opening-resealable-bags-150x150.webp 150w, https:\/\/www.nanwangpaperbag.com\/wp-content\/uploads\/2025\/04\/High-and-low-opening-resealable-bags-12x12.webp 12w, https:\/\/www.nanwangpaperbag.com\/wp-content\/uploads\/2025\/04\/High-and-low-opening-resealable-bags-100x100.webp 100w\" sizes=\"(max-width: 210px) 100vw, 210px\" \/><img loading=\"lazy\" decoding=\"async\" class=\"alignnone size-full wp-image-12212\" data-src=\"https:\/\/www.nanwangpaperbag.com\/wp-content\/uploads\/2025\/04\/Dual-high-opening-resealable-bags.webp\" alt=\"sacos de moldagem numa s\u00f3 etapa\" width=\"210\" height=\"210\" srcset=\"https:\/\/www.nanwangpaperbag.com\/wp-content\/uploads\/2025\/04\/Dual-high-opening-resealable-bags.webp 210w, https:\/\/www.nanwangpaperbag.com\/wp-content\/uploads\/2025\/04\/Dual-high-opening-resealable-bags-150x150.webp 150w, https:\/\/www.nanwangpaperbag.com\/wp-content\/uploads\/2025\/04\/Dual-high-opening-resealable-bags-12x12.webp 12w, https:\/\/www.nanwangpaperbag.com\/wp-content\/uploads\/2025\/04\/Dual-high-opening-resealable-bags-100x100.webp 100w\" sizes=\"(max-width: 210px) 100vw, 210px\" \/> <img loading=\"lazy\" decoding=\"async\" class=\"alignnone size-full wp-image-12209\" data-src=\"https:\/\/www.nanwangpaperbag.com\/wp-content\/uploads\/2025\/04\/Flat-top-bags.webp\" alt=\"sacos de moldagem numa s\u00f3 etapa\" width=\"210\" height=\"210\" srcset=\"https:\/\/www.nanwangpaperbag.com\/wp-content\/uploads\/2025\/04\/Flat-top-bags.webp 210w, https:\/\/www.nanwangpaperbag.com\/wp-content\/uploads\/2025\/04\/Flat-top-bags-150x150.webp 150w, https:\/\/www.nanwangpaperbag.com\/wp-content\/uploads\/2025\/04\/Flat-top-bags-12x12.webp 12w, https:\/\/www.nanwangpaperbag.com\/wp-content\/uploads\/2025\/04\/Flat-top-bags-100x100.webp 100w\" sizes=\"(max-width: 210px) 100vw, 210px\" \/> <img loading=\"lazy\" decoding=\"async\" class=\"alignnone size-full wp-image-12208\" data-src=\"https:\/\/www.nanwangpaperbag.com\/wp-content\/uploads\/2025\/04\/Flat-handle-flat-top-bags.webp\" alt=\"sacos de moldagem numa s\u00f3 etapa\" width=\"210\" height=\"210\" srcset=\"https:\/\/www.nanwangpaperbag.com\/wp-content\/uploads\/2025\/04\/Flat-handle-flat-top-bags.webp 210w, https:\/\/www.nanwangpaperbag.com\/wp-content\/uploads\/2025\/04\/Flat-handle-flat-top-bags-150x150.webp 150w, https:\/\/www.nanwangpaperbag.com\/wp-content\/uploads\/2025\/04\/Flat-handle-flat-top-bags-12x12.webp 12w, https:\/\/www.nanwangpaperbag.com\/wp-content\/uploads\/2025\/04\/Flat-handle-flat-top-bags-100x100.webp 100w\" sizes=\"(max-width: 210px) 100vw, 210px\" \/><img loading=\"lazy\" decoding=\"async\" class=\"alignnone size-full wp-image-12211\" data-src=\"https:\/\/www.nanwangpaperbag.com\/wp-content\/uploads\/2025\/04\/Non-woven-One-step-forming-bags_1.webp\" alt=\"sacos de moldagem numa s\u00f3 etapa\" width=\"210\" height=\"210\" srcset=\"https:\/\/www.nanwangpaperbag.com\/wp-content\/uploads\/2025\/04\/Non-woven-One-step-forming-bags_1.webp 210w, https:\/\/www.nanwangpaperbag.com\/wp-content\/uploads\/2025\/04\/Non-woven-One-step-forming-bags_1-150x150.webp 150w, https:\/\/www.nanwangpaperbag.com\/wp-content\/uploads\/2025\/04\/Non-woven-One-step-forming-bags_1-12x12.webp 12w, https:\/\/www.nanwangpaperbag.com\/wp-content\/uploads\/2025\/04\/Non-woven-One-step-forming-bags_1-100x100.webp 100w\" sizes=\"(max-width: 210px) 100vw, 210px\" \/><\/p>\n<h2>MATERIAL STANDARD RECOMENDADO<\/h2>\n<p>Material:Tecido n\u00e3o tecido, folha de alum\u00ednio, pel\u00edcula BOPP<br \/>\nProcesso: Fabrico de sacos com forma\u00e7\u00e3o numa s\u00f3 fase<br \/>\nTecido:50-120 g<br \/>\nCor: V\u00e1rias cores dispon\u00edveis<br \/>\nOp\u00e7\u00f5es de tipo: Saco sem lateral e sem fundo,<br \/>\nSaco sem costuras com fundo,<br \/>\nSaco com os dois lados e o fundo<br \/>\nOp\u00e7\u00f5es de selagem: Fixador de gancho e la\u00e7o\/fita adesiva<br \/>\nCores de impress\u00e3o:9 cores<br \/>\nResist\u00eancia: Capacidade de carga m\u00e1xima de 3,5-10 kg<br \/>\nTamanho: Largura:230-420mm<br \/>\nAltura: 200-410 mm<br \/>\nRefor\u00e7o: 60-250mm<\/p>\n<h2>Carater\u00edsticas<\/h2>\n<p>Prensa quente\/costura por ultra-sons<br \/>\nEst\u00e3o dispon\u00edveis sacos com ambos os lados e fundo<br \/>\nEst\u00e3o dispon\u00edveis sacos com pegas<\/p>\n<h2>Fluxo do processo<\/h2>\n<p>Tecelagem<br \/>\nImpress\u00e3o<br \/>\nRevestimento<br \/>\nFabrico de sacos<\/p>\n<h2>FAQ<\/h2>\n<p>Q1. Quando \u00e9 que a encomenda \u00e9 processada e enviada?<br \/>\nR: Normalmente n\u00e3o temos artigos de impress\u00e3o em stock, trataremos do envio no prazo de 7 dias ap\u00f3s o seu pagamento. Se o valor da encomenda for superior a 20000 unidades, e o log\u00f3tipo precisar de ser personalizado, demorar\u00e1 cerca de 20-30 dias a terminar a produ\u00e7\u00e3o em massa.<\/p>\n<p>Q2. Quando ligo para o n\u00famero de telefone indicado no vosso s\u00edtio Web, n\u00e3o h\u00e1 resposta?<br \/>\nR: Devido \u00e0 diferen\u00e7a hor\u00e1ria, \u00e9 poss\u00edvel que n\u00e3o recebamos a sua chamada. Se for urgente, envie-nos um e-mail para: sales@nwpak.com. Assim que recebermos o seu e-mail, entraremos em contacto consigo no prazo de 24 horas.<\/p>\n<p>Q3. Qual \u00e9 o MOQ e o tempo de amostragem?<br \/>\nA: Nosso MOQ \u00e9 20000pcs. E o tempo das amostras \u00e9 de 2-3 dias se n\u00e3o houver pedidos especiais.<\/p>\n<p>Q4. Posso ter a minha pr\u00f3pria caixa para a minha encomenda?<br \/>\nR: Sim, se o seu QTY for superior a 20000pcs, podemos fornecer-lhe a sua pr\u00f3pria marca\u00e7\u00e3o de cart\u00e3o concebida gratuitamente.<\/p>\n<p>Q5. Qual \u00e9 o seu prazo de pagamento regular?<br \/>\nR: O nosso prazo de pagamento regular \u00e9 T\/T: Transfer\u00eancia Telegr\u00e1fica. O dep\u00f3sito 30% deve ser transferido antes da produ\u00e7\u00e3o em massa. E o saldo ser\u00e1 pago contra a c\u00f3pia do Bill of Loading.<\/p>\n<p>&nbsp;<\/p>","protected":false},"excerpt":{"rendered":"<p>Artigo: Sacos de forma\u00e7\u00e3o de uma etapa<br \/>\nPegas: pegas em chapa com\/sem lamina\u00e7\u00e3o<br \/>\nCarater\u00edstica: elevada efici\u00eancia de produ\u00e7\u00e3o, m\u00faltiplas escolhas<\/p>","protected":false},"featured_media":12213,"comment_status":"open","ping_status":"closed","template":"","meta":{"_et_pb_use_builder":"","_et_pb_old_content":"","_et_gb_content_width":""},"product_cat":[293,295],"product_tag":[319],"yoast_head":"<!-- This site is optimized with the Yoast SEO plugin v22.7 - https:\/\/yoast.com\/wordpress\/plugins\/seo\/ -->\n<title>Non-woven One-step Forming Bags - Nanwang Paper Packaging<\/title>\n<meta name=\"description\" content=\"Non-woven One-step Forming Bags - Nanwang Paper Packaging , we supply Luxury Paper Bags, Shopping Paper Bag, Paper Carry Bag, Delivery Bag for you with good price.\" \/>\n<meta name=\"robots\" content=\"index, follow, max-snippet:-1, max-image-preview:large, max-video-preview:-1\" \/>\n<link rel=\"canonical\" href=\"https:\/\/www.nanwangpaperbag.com\/pt\/produto\/non-woven-one-step-forming-bags\/\" \/>\n<meta property=\"og:locale\" content=\"pt_PT\" \/>\n<meta property=\"og:type\" content=\"article\" \/>\n<meta property=\"og:title\" content=\"Non-woven One-step Forming Bags - Nanwang Paper Packaging\" \/>\n<meta property=\"og:description\" content=\"Non-woven One-step Forming Bags - Nanwang Paper Packaging , we supply Luxury Paper Bags, Shopping Paper Bag, Paper Carry Bag, Delivery Bag for you with good price.\" \/>\n<meta property=\"og:url\" content=\"https:\/\/www.nanwangpaperbag.com\/pt\/produto\/non-woven-one-step-forming-bags\/\" \/>\n<meta property=\"og:site_name\" content=\"Nanwang Paper Packaging\" \/>\n<meta property=\"article:publisher\" content=\"https:\/\/www.facebook.com\/NanwangPaperBag\" \/>\n<meta property=\"article:modified_time\" content=\"2025-04-15T10:26:57+00:00\" \/>\n<meta property=\"og:image\" content=\"https:\/\/www.nanwangpaperbag.com\/wp-content\/uploads\/2025\/04\/Non-woven-One-step-forming-bags_1-1.webp\" \/>\n\t<meta property=\"og:image:width\" content=\"800\" \/>\n\t<meta property=\"og:image:height\" content=\"800\" \/>\n\t<meta property=\"og:image:type\" content=\"image\/webp\" \/>\n<meta name=\"twitter:card\" content=\"summary_large_image\" \/>\n<meta name=\"twitter:site\" content=\"@NanwangPack\" \/>\n<meta name=\"twitter:label1\" content=\"Tempo estimado de leitura\" \/>\n\t<meta name=\"twitter:data1\" content=\"3 minutos\" \/>\n<script type=\"application\/ld+json\" class=\"yoast-schema-graph\">{\"@context\":\"https:\/\/schema.org\",\"@graph\":[{\"@type\":\"WebPage\",\"@id\":\"https:\/\/www.nanwangpaperbag.com\/product\/non-woven-one-step-forming-bags\/\",\"url\":\"https:\/\/www.nanwangpaperbag.com\/product\/non-woven-one-step-forming-bags\/\",\"name\":\"Non-woven One-step Forming Bags - Nanwang Paper Packaging\",\"isPartOf\":{\"@id\":\"https:\/\/www.nanwangpaperbag.com\/#website\"},\"primaryImageOfPage\":{\"@id\":\"https:\/\/www.nanwangpaperbag.com\/product\/non-woven-one-step-forming-bags\/#primaryimage\"},\"image\":{\"@id\":\"https:\/\/www.nanwangpaperbag.com\/product\/non-woven-one-step-forming-bags\/#primaryimage\"},\"thumbnailUrl\":\"https:\/\/www.nanwangpaperbag.com\/wp-content\/uploads\/2025\/04\/Non-woven-One-step-forming-bags_1-1.webp\",\"datePublished\":\"2025-04-15T10:26:56+00:00\",\"dateModified\":\"2025-04-15T10:26:57+00:00\",\"description\":\"Non-woven One-step Forming Bags - Nanwang Paper Packaging , we supply Luxury Paper Bags, Shopping Paper Bag, Paper Carry Bag, Delivery Bag for you with good price.\",\"breadcrumb\":{\"@id\":\"https:\/\/www.nanwangpaperbag.com\/product\/non-woven-one-step-forming-bags\/#breadcrumb\"},\"inLanguage\":\"pt-PT\",\"potentialAction\":[{\"@type\":\"ReadAction\",\"target\":[\"https:\/\/www.nanwangpaperbag.com\/product\/non-woven-one-step-forming-bags\/\"]}]},{\"@type\":\"ImageObject\",\"inLanguage\":\"pt-PT\",\"@id\":\"https:\/\/www.nanwangpaperbag.com\/product\/non-woven-one-step-forming-bags\/#primaryimage\",\"url\":\"https:\/\/www.nanwangpaperbag.com\/wp-content\/uploads\/2025\/04\/Non-woven-One-step-forming-bags_1-1.webp\",\"contentUrl\":\"https:\/\/www.nanwangpaperbag.com\/wp-content\/uploads\/2025\/04\/Non-woven-One-step-forming-bags_1-1.webp\",\"width\":800,\"height\":800,\"caption\":\"Non-woven One-step forming bags\"},{\"@type\":\"BreadcrumbList\",\"@id\":\"https:\/\/www.nanwangpaperbag.com\/product\/non-woven-one-step-forming-bags\/#breadcrumb\",\"itemListElement\":[{\"@type\":\"ListItem\",\"position\":1,\"name\":\"Home\",\"item\":\"https:\/\/www.nanwangpaperbag.com\/\"},{\"@type\":\"ListItem\",\"position\":2,\"name\":\"Productos\",\"item\":\"https:\/\/www.nanwangpaperbag.com\/es\/shop\/\"},{\"@type\":\"ListItem\",\"position\":3,\"name\":\"Non-woven One-step Forming Bags\"}]},{\"@type\":\"WebSite\",\"@id\":\"https:\/\/www.nanwangpaperbag.com\/#website\",\"url\":\"https:\/\/www.nanwangpaperbag.com\/\",\"name\":\"Nanwang Paper Packaging\",\"description\":\"\",\"publisher\":{\"@id\":\"https:\/\/www.nanwangpaperbag.com\/#organization\"},\"potentialAction\":[{\"@type\":\"SearchAction\",\"target\":{\"@type\":\"EntryPoint\",\"urlTemplate\":\"https:\/\/www.nanwangpaperbag.com\/?s={search_term_string}\"},\"query-input\":\"required name=search_term_string\"}],\"inLanguage\":\"pt-PT\"},{\"@type\":\"Organization\",\"@id\":\"https:\/\/www.nanwangpaperbag.com\/#organization\",\"name\":\"Nanwang Pack\",\"url\":\"https:\/\/www.nanwangpaperbag.com\/\",\"logo\":{\"@type\":\"ImageObject\",\"inLanguage\":\"pt-PT\",\"@id\":\"https:\/\/www.nanwangpaperbag.com\/#\/schema\/logo\/image\/\",\"url\":\"https:\/\/www.nanwangpaperbag.com\/wp-content\/uploads\/2025\/03\/logo2.webp\",\"contentUrl\":\"https:\/\/www.nanwangpaperbag.com\/wp-content\/uploads\/2025\/03\/logo2.webp\",\"width\":433,\"height\":407,\"caption\":\"Nanwang Pack\"},\"image\":{\"@id\":\"https:\/\/www.nanwangpaperbag.com\/#\/schema\/logo\/image\/\"},\"sameAs\":[\"https:\/\/www.facebook.com\/NanwangPaperBag\",\"https:\/\/x.com\/NanwangPack\",\"https:\/\/www.linkedin.com\/company\/nanwang-paper-bag\/\",\"https:\/\/www.youtube.com\/@NanwangPaperBag\",\"https:\/\/www.tiktok.com\/@nanwangpaperbag\"]}]}<\/script>\n<!-- \/ Yoast SEO plugin. -->","yoast_head_json":{"title":"Non-woven One-step Forming Bags - Nanwang Paper Packaging","description":"Non-woven One-step Forming Bags - Nanwang Paper Packaging , we supply Luxury Paper Bags, Shopping Paper Bag, Paper Carry Bag, Delivery Bag for you with good price.","robots":{"index":"index","follow":"follow","max-snippet":"max-snippet:-1","max-image-preview":"max-image-preview:large","max-video-preview":"max-video-preview:-1"},"canonical":"https:\/\/www.nanwangpaperbag.com\/pt\/produto\/non-woven-one-step-forming-bags\/","og_locale":"pt_PT","og_type":"article","og_title":"Non-woven One-step Forming Bags - Nanwang Paper Packaging","og_description":"Non-woven One-step Forming Bags - Nanwang Paper Packaging , we supply Luxury Paper Bags, Shopping Paper Bag, Paper Carry Bag, Delivery Bag for you with good price.","og_url":"https:\/\/www.nanwangpaperbag.com\/pt\/produto\/non-woven-one-step-forming-bags\/","og_site_name":"Nanwang Paper Packaging","article_publisher":"https:\/\/www.facebook.com\/NanwangPaperBag","article_modified_time":"2025-04-15T10:26:57+00:00","og_image":[{"width":800,"height":800,"url":"https:\/\/www.nanwangpaperbag.com\/wp-content\/uploads\/2025\/04\/Non-woven-One-step-forming-bags_1-1.webp","type":"image\/webp"}],"twitter_card":"summary_large_image","twitter_site":"@NanwangPack","twitter_misc":{"Tempo estimado de leitura":"3 minutos"},"schema":{"@context":"https:\/\/schema.org","@graph":[{"@type":"WebPage","@id":"https:\/\/www.nanwangpaperbag.com\/product\/non-woven-one-step-forming-bags\/","url":"https:\/\/www.nanwangpaperbag.com\/product\/non-woven-one-step-forming-bags\/","name":"Non-woven One-step Forming Bags - Nanwang Paper Packaging","isPartOf":{"@id":"https:\/\/www.nanwangpaperbag.com\/#website"},"primaryImageOfPage":{"@id":"https:\/\/www.nanwangpaperbag.com\/product\/non-woven-one-step-forming-bags\/#primaryimage"},"image":{"@id":"https:\/\/www.nanwangpaperbag.com\/product\/non-woven-one-step-forming-bags\/#primaryimage"},"thumbnailUrl":"https:\/\/www.nanwangpaperbag.com\/wp-content\/uploads\/2025\/04\/Non-woven-One-step-forming-bags_1-1.webp","datePublished":"2025-04-15T10:26:56+00:00","dateModified":"2025-04-15T10:26:57+00:00","description":"Non-woven One-step Forming Bags - Nanwang Paper Packaging , we supply Luxury Paper Bags, Shopping Paper Bag, Paper Carry Bag, Delivery Bag for you with good price.","breadcrumb":{"@id":"https:\/\/www.nanwangpaperbag.com\/product\/non-woven-one-step-forming-bags\/#breadcrumb"},"inLanguage":"pt-PT","potentialAction":[{"@type":"ReadAction","target":["https:\/\/www.nanwangpaperbag.com\/product\/non-woven-one-step-forming-bags\/"]}]},{"@type":"ImageObject","inLanguage":"pt-PT","@id":"https:\/\/www.nanwangpaperbag.com\/product\/non-woven-one-step-forming-bags\/#primaryimage","url":"https:\/\/www.nanwangpaperbag.com\/wp-content\/uploads\/2025\/04\/Non-woven-One-step-forming-bags_1-1.webp","contentUrl":"https:\/\/www.nanwangpaperbag.com\/wp-content\/uploads\/2025\/04\/Non-woven-One-step-forming-bags_1-1.webp","width":800,"height":800,"caption":"Non-woven One-step forming bags"},{"@type":"BreadcrumbList","@id":"https:\/\/www.nanwangpaperbag.com\/product\/non-woven-one-step-forming-bags\/#breadcrumb","itemListElement":[{"@type":"ListItem","position":1,"name":"Home","item":"https:\/\/www.nanwangpaperbag.com\/"},{"@type":"ListItem","position":2,"name":"Productos","item":"https:\/\/www.nanwangpaperbag.com\/es\/shop\/"},{"@type":"ListItem","position":3,"name":"Non-woven One-step Forming Bags"}]},{"@type":"WebSite","@id":"https:\/\/www.nanwangpaperbag.com\/#website","url":"https:\/\/www.nanwangpaperbag.com\/","name":"Nanwang Paper Packaging","description":"","publisher":{"@id":"https:\/\/www.nanwangpaperbag.com\/#organization"},"potentialAction":[{"@type":"SearchAction","target":{"@type":"EntryPoint","urlTemplate":"https:\/\/www.nanwangpaperbag.com\/?s={search_term_string}"},"query-input":"required name=search_term_string"}],"inLanguage":"pt-PT"},{"@type":"Organization","@id":"https:\/\/www.nanwangpaperbag.com\/#organization","name":"Nanwang Pack","url":"https:\/\/www.nanwangpaperbag.com\/","logo":{"@type":"ImageObject","inLanguage":"pt-PT","@id":"https:\/\/www.nanwangpaperbag.com\/#\/schema\/logo\/image\/","url":"https:\/\/www.nanwangpaperbag.com\/wp-content\/uploads\/2025\/03\/logo2.webp","contentUrl":"https:\/\/www.nanwangpaperbag.com\/wp-content\/uploads\/2025\/03\/logo2.webp","width":433,"height":407,"caption":"Nanwang Pack"},"image":{"@id":"https:\/\/www.nanwangpaperbag.com\/#\/schema\/logo\/image\/"},"sameAs":["https:\/\/www.facebook.com\/NanwangPaperBag","https:\/\/x.com\/NanwangPack","https:\/\/www.linkedin.com\/company\/nanwang-paper-bag\/","https:\/\/www.youtube.com\/@NanwangPaperBag","https:\/\/www.tiktok.com\/@nanwangpaperbag"]}]}},"_links":{"self":[{"href":"https:\/\/www.nanwangpaperbag.com\/pt\/wp-json\/wp\/v2\/product\/12204"}],"collection":[{"href":"https:\/\/www.nanwangpaperbag.com\/pt\/wp-json\/wp\/v2\/product"}],"about":[{"href":"https:\/\/www.nanwangpaperbag.com\/pt\/wp-json\/wp\/v2\/types\/product"}],"replies":[{"embeddable":true,"href":"https:\/\/www.nanwangpaperbag.com\/pt\/wp-json\/wp\/v2\/comments?post=12204"}],"wp:featuredmedia":[{"embeddable":true,"href":"https:\/\/www.nanwangpaperbag.com\/pt\/wp-json\/wp\/v2\/media\/12213"}],"wp:attachment":[{"href":"https:\/\/www.nanwangpaperbag.com\/pt\/wp-json\/wp\/v2\/media?parent=12204"}],"wp:term":[{"taxonomy":"product_cat","embeddable":true,"href":"https:\/\/www.nanwangpaperbag.com\/pt\/wp-json\/wp\/v2\/product_cat?post=12204"},{"taxonomy":"product_tag","embeddable":true,"href":"https:\/\/www.nanwangpaperbag.com\/pt\/wp-json\/wp\/v2\/product_tag?post=12204"}],"curies":[{"name":"wp","href":"https:\/\/api.w.org\/{rel}","templated":true}]}}