{"id":12217,"date":"2025-04-15T01:15:53","date_gmt":"2025-04-15T01:15:53","guid":{"rendered":"https:\/\/www.nanwangpaperbag.com\/?post_type=product&#038;p=12217"},"modified":"2025-05-07T02:24:30","modified_gmt":"2025-05-07T02:24:30","slug":"non-woven-thermal-insulation-bag","status":"publish","type":"product","link":"https:\/\/www.nanwangpaperbag.com\/pt\/produto\/saco-de-isolamento-termico-nao-tecido\/","title":{"rendered":"Saco de isolamento t\u00e9rmico em n\u00e3o-tecido"},"content":{"rendered":"<p><a href=\"https:\/\/www.nanwangpaperbag.com\/pt\/produto\/saco-de-isolamento-termico-nao-tecido\/\"><strong>Sacos com isolamento t\u00e9rmico<\/strong><\/a> s\u00e3o utilizados principalmente para take-away, com fortes propriedades de veda\u00e7\u00e3o e isolamento, bem como uma excelente capacidade de carga. S\u00e3o recicl\u00e1veis e podem ser produzidos atrav\u00e9s de processos totalmente automatizados ou manuais, garantindo uma qualidade consistente e fi\u00e1vel. <a href=\"https:\/\/www.nanwangpaperbag.com\/pt\/category\/non-woven-bags\/thermal-bags\/\"><strong>Sacos t\u00e9rmicos<\/strong><\/a> s\u00e3o amplamente compat\u00edveis e podem ser aplicados no com\u00e9rcio retalhista, em supermercados e em v\u00e1rios outros cen\u00e1rios.<\/p>\n<p><img loading=\"lazy\" decoding=\"async\" class=\"size-full wp-image-12219 aligncenter\" data-src=\"https:\/\/www.nanwangpaperbag.com\/wp-content\/uploads\/2025\/04\/Non-woven-Thermal-Insulation-Bag_1.webp\" alt=\"Sacos com isolamento t\u00e9rmico\" width=\"800\" height=\"800\" srcset=\"https:\/\/www.nanwangpaperbag.com\/wp-content\/uploads\/2025\/04\/Non-woven-Thermal-Insulation-Bag_1.webp 800w, https:\/\/www.nanwangpaperbag.com\/wp-content\/uploads\/2025\/04\/Non-woven-Thermal-Insulation-Bag_1-480x480.webp 480w\" sizes=\"(min-width: 0px) and (max-width: 480px) 480px, (min-width: 481px) 800px, 100vw\" \/><\/p>\n<h2>Material recomendado<\/h2>\n<p>Tecido n\u00e3o tecido, 70-120g<\/p>\n<h2>Carater\u00edsticas<\/h2>\n<p>Camada de isolamento t\u00e9rmico em folha de alum\u00ednio no interior<br \/>\nRevestimento laminado exterior imperme\u00e1vel e resistente ao \u00f3leo<br \/>\nIsolamento t\u00e9rmico eficaz e reten\u00e7\u00e3o do frio<\/p>\n<h2>FAQ<\/h2>\n<p>Q1. O MOQ do seu OEM \u00e9 20000 pcs? mas se estamos a pedir menos para 20000 pcs, est\u00e1 tudo bem?<br \/>\nR: Sim, n\u00e3o h\u00e1 problema, tamb\u00e9m o podemos fazer, mas o pre\u00e7o \u00e9 bastante diferente.<\/p>\n<p>Q2: Em que sectores se aplicam principalmente os seus produtos?<br \/>\nR: Os nossos produtos incluem basicamente sacos de compras e sacos de embalagem de alimentos, que s\u00e3o aplicados principalmente no sector da restaura\u00e7\u00e3o r\u00e1pida, vestu\u00e1rio e cal\u00e7ado, tais como restaurantes, padarias, caf\u00e9s, lojas de presentes, lojas de vestu\u00e1rio, etc.<\/p>\n<p>Q3: Qual \u00e9 o prazo de entrega de uma nova encomenda?<br \/>\nR: Depende da quantidade, normalmente demora 20 a 45 dias.<\/p>\n<p>Q4: Qual \u00e9 a sua capacidade?<br \/>\nR: A nossa capacidade para sacos de compras \u00e9 de 1 bili\u00e3o por ano e para sacos de embalagem de alimentos \u00e9 de 4 mil milh\u00f5es por ano.<\/p>\n<p>Q5: Quantos sacos de al\u00e7a podem ser produzidos por m\u00eas?<br \/>\nR: Podemos produzir cerca de 80 milh\u00f5es de unidades por m\u00eas.<\/p>","protected":false},"excerpt":{"rendered":"<p>Material do produto:Tecido n\u00e3o tecido, folha de alum\u00ednio, filme BOPP<br \/>\nProcesso de produ\u00e7\u00e3o:Fabrico de sacos em uma etapa, fabrico de sacos \u00e0 m\u00e3o<br \/>\nGramagem do produto:70-120 g<br \/>\nOp\u00e7\u00f5es de selagem: fita adesiva \/ fecho de gancho e la\u00e7o \/ fecho de correr<br \/>\nCores de impress\u00e3o:8 cores<br \/>\nResist\u00eancia: Capacidade de carga m\u00e1xima de 5-20 kg<br \/>\nTamanho: Largura: 250-400 mm<br \/>\nAltura: 300-500 mm<br \/>\nRefor\u00e7o: 0-120 mm<\/p>","protected":false},"featured_media":12220,"comment_status":"open","ping_status":"closed","template":"","meta":{"_et_pb_use_builder":"","_et_pb_old_content":"","_et_gb_content_width":""},"product_cat":[293,296],"product_tag":[352,320],"yoast_head":"<!-- This site is optimized with the Yoast SEO plugin v22.7 - https:\/\/yoast.com\/wordpress\/plugins\/seo\/ -->\n<title>Non-woven Thermal Insulation Bag - Nanwang Paper Packaging<\/title>\n<meta name=\"description\" content=\"Non-woven Thermal Insulation Bag - Nanwang Paper Packaging , we supply Luxury Paper Bags, Shopping Paper Bag, Paper Carry Bag, Delivery Bag for you with good price.\" \/>\n<meta name=\"robots\" content=\"index, follow, max-snippet:-1, max-image-preview:large, max-video-preview:-1\" \/>\n<link rel=\"canonical\" href=\"https:\/\/www.nanwangpaperbag.com\/pt\/produto\/saco-de-isolamento-termico-nao-tecido\/\" \/>\n<meta property=\"og:locale\" content=\"pt_PT\" \/>\n<meta property=\"og:type\" content=\"article\" \/>\n<meta property=\"og:title\" content=\"Non-woven Thermal Insulation Bag - Nanwang Paper Packaging\" \/>\n<meta property=\"og:description\" content=\"Non-woven Thermal Insulation Bag - Nanwang Paper Packaging , we supply Luxury Paper Bags, Shopping Paper Bag, Paper Carry Bag, Delivery Bag for you with good price.\" \/>\n<meta property=\"og:url\" content=\"https:\/\/www.nanwangpaperbag.com\/pt\/produto\/saco-de-isolamento-termico-nao-tecido\/\" \/>\n<meta property=\"og:site_name\" content=\"Nanwang Paper Packaging\" \/>\n<meta property=\"article:publisher\" content=\"https:\/\/www.facebook.com\/NanwangPaperBag\" \/>\n<meta property=\"article:modified_time\" content=\"2025-05-07T02:24:30+00:00\" \/>\n<meta property=\"og:image\" content=\"https:\/\/www.nanwangpaperbag.com\/wp-content\/uploads\/2025\/04\/Non-woven-Thermal-Insulation-Bag_1-1.webp\" \/>\n\t<meta property=\"og:image:width\" content=\"800\" \/>\n\t<meta property=\"og:image:height\" content=\"800\" \/>\n\t<meta property=\"og:image:type\" content=\"image\/webp\" \/>\n<meta name=\"twitter:card\" content=\"summary_large_image\" \/>\n<meta name=\"twitter:site\" content=\"@NanwangPack\" \/>\n<meta name=\"twitter:label1\" content=\"Tempo estimado de leitura\" \/>\n\t<meta name=\"twitter:data1\" content=\"2 minutos\" \/>\n<script type=\"application\/ld+json\" class=\"yoast-schema-graph\">{\"@context\":\"https:\/\/schema.org\",\"@graph\":[{\"@type\":\"WebPage\",\"@id\":\"https:\/\/www.nanwangpaperbag.com\/product\/non-woven-thermal-insulation-bag\/\",\"url\":\"https:\/\/www.nanwangpaperbag.com\/product\/non-woven-thermal-insulation-bag\/\",\"name\":\"Non-woven Thermal Insulation Bag - Nanwang Paper Packaging\",\"isPartOf\":{\"@id\":\"https:\/\/www.nanwangpaperbag.com\/#website\"},\"primaryImageOfPage\":{\"@id\":\"https:\/\/www.nanwangpaperbag.com\/product\/non-woven-thermal-insulation-bag\/#primaryimage\"},\"image\":{\"@id\":\"https:\/\/www.nanwangpaperbag.com\/product\/non-woven-thermal-insulation-bag\/#primaryimage\"},\"thumbnailUrl\":\"https:\/\/www.nanwangpaperbag.com\/wp-content\/uploads\/2025\/04\/Non-woven-Thermal-Insulation-Bag_1-1.webp\",\"datePublished\":\"2025-04-15T01:15:53+00:00\",\"dateModified\":\"2025-05-07T02:24:30+00:00\",\"description\":\"Non-woven Thermal Insulation Bag - Nanwang Paper Packaging , we supply Luxury Paper Bags, Shopping Paper Bag, Paper Carry Bag, Delivery Bag for you with good price.\",\"breadcrumb\":{\"@id\":\"https:\/\/www.nanwangpaperbag.com\/product\/non-woven-thermal-insulation-bag\/#breadcrumb\"},\"inLanguage\":\"pt-PT\",\"potentialAction\":[{\"@type\":\"ReadAction\",\"target\":[\"https:\/\/www.nanwangpaperbag.com\/product\/non-woven-thermal-insulation-bag\/\"]}]},{\"@type\":\"ImageObject\",\"inLanguage\":\"pt-PT\",\"@id\":\"https:\/\/www.nanwangpaperbag.com\/product\/non-woven-thermal-insulation-bag\/#primaryimage\",\"url\":\"https:\/\/www.nanwangpaperbag.com\/wp-content\/uploads\/2025\/04\/Non-woven-Thermal-Insulation-Bag_1-1.webp\",\"contentUrl\":\"https:\/\/www.nanwangpaperbag.com\/wp-content\/uploads\/2025\/04\/Non-woven-Thermal-Insulation-Bag_1-1.webp\",\"width\":800,\"height\":800,\"caption\":\"Thermal insulated bags\"},{\"@type\":\"BreadcrumbList\",\"@id\":\"https:\/\/www.nanwangpaperbag.com\/product\/non-woven-thermal-insulation-bag\/#breadcrumb\",\"itemListElement\":[{\"@type\":\"ListItem\",\"position\":1,\"name\":\"Home\",\"item\":\"https:\/\/www.nanwangpaperbag.com\/\"},{\"@type\":\"ListItem\",\"position\":2,\"name\":\"Productos\",\"item\":\"https:\/\/www.nanwangpaperbag.com\/es\/shop\/\"},{\"@type\":\"ListItem\",\"position\":3,\"name\":\"Non-woven Thermal Insulation Bag\"}]},{\"@type\":\"WebSite\",\"@id\":\"https:\/\/www.nanwangpaperbag.com\/#website\",\"url\":\"https:\/\/www.nanwangpaperbag.com\/\",\"name\":\"Nanwang Paper Packaging\",\"description\":\"\",\"publisher\":{\"@id\":\"https:\/\/www.nanwangpaperbag.com\/#organization\"},\"potentialAction\":[{\"@type\":\"SearchAction\",\"target\":{\"@type\":\"EntryPoint\",\"urlTemplate\":\"https:\/\/www.nanwangpaperbag.com\/?s={search_term_string}\"},\"query-input\":\"required name=search_term_string\"}],\"inLanguage\":\"pt-PT\"},{\"@type\":\"Organization\",\"@id\":\"https:\/\/www.nanwangpaperbag.com\/#organization\",\"name\":\"Nanwang Pack\",\"url\":\"https:\/\/www.nanwangpaperbag.com\/\",\"logo\":{\"@type\":\"ImageObject\",\"inLanguage\":\"pt-PT\",\"@id\":\"https:\/\/www.nanwangpaperbag.com\/#\/schema\/logo\/image\/\",\"url\":\"https:\/\/www.nanwangpaperbag.com\/wp-content\/uploads\/2025\/03\/logo2.webp\",\"contentUrl\":\"https:\/\/www.nanwangpaperbag.com\/wp-content\/uploads\/2025\/03\/logo2.webp\",\"width\":433,\"height\":407,\"caption\":\"Nanwang Pack\"},\"image\":{\"@id\":\"https:\/\/www.nanwangpaperbag.com\/#\/schema\/logo\/image\/\"},\"sameAs\":[\"https:\/\/www.facebook.com\/NanwangPaperBag\",\"https:\/\/x.com\/NanwangPack\",\"https:\/\/www.linkedin.com\/company\/nanwang-paper-bag\/\",\"https:\/\/www.youtube.com\/@NanwangPaperBag\",\"https:\/\/www.tiktok.com\/@nanwangpaperbag\"]}]}<\/script>\n<!-- \/ Yoast SEO plugin. -->","yoast_head_json":{"title":"Non-woven Thermal Insulation Bag - Nanwang Paper Packaging","description":"Non-woven Thermal Insulation Bag - Nanwang Paper Packaging , we supply Luxury Paper Bags, Shopping Paper Bag, Paper Carry Bag, Delivery Bag for you with good price.","robots":{"index":"index","follow":"follow","max-snippet":"max-snippet:-1","max-image-preview":"max-image-preview:large","max-video-preview":"max-video-preview:-1"},"canonical":"https:\/\/www.nanwangpaperbag.com\/pt\/produto\/saco-de-isolamento-termico-nao-tecido\/","og_locale":"pt_PT","og_type":"article","og_title":"Non-woven Thermal Insulation Bag - Nanwang Paper Packaging","og_description":"Non-woven Thermal Insulation Bag - Nanwang Paper Packaging , we supply Luxury Paper Bags, Shopping Paper Bag, Paper Carry Bag, Delivery Bag for you with good price.","og_url":"https:\/\/www.nanwangpaperbag.com\/pt\/produto\/saco-de-isolamento-termico-nao-tecido\/","og_site_name":"Nanwang Paper Packaging","article_publisher":"https:\/\/www.facebook.com\/NanwangPaperBag","article_modified_time":"2025-05-07T02:24:30+00:00","og_image":[{"width":800,"height":800,"url":"https:\/\/www.nanwangpaperbag.com\/wp-content\/uploads\/2025\/04\/Non-woven-Thermal-Insulation-Bag_1-1.webp","type":"image\/webp"}],"twitter_card":"summary_large_image","twitter_site":"@NanwangPack","twitter_misc":{"Tempo estimado de leitura":"2 minutos"},"schema":{"@context":"https:\/\/schema.org","@graph":[{"@type":"WebPage","@id":"https:\/\/www.nanwangpaperbag.com\/product\/non-woven-thermal-insulation-bag\/","url":"https:\/\/www.nanwangpaperbag.com\/product\/non-woven-thermal-insulation-bag\/","name":"Non-woven Thermal Insulation Bag - Nanwang Paper Packaging","isPartOf":{"@id":"https:\/\/www.nanwangpaperbag.com\/#website"},"primaryImageOfPage":{"@id":"https:\/\/www.nanwangpaperbag.com\/product\/non-woven-thermal-insulation-bag\/#primaryimage"},"image":{"@id":"https:\/\/www.nanwangpaperbag.com\/product\/non-woven-thermal-insulation-bag\/#primaryimage"},"thumbnailUrl":"https:\/\/www.nanwangpaperbag.com\/wp-content\/uploads\/2025\/04\/Non-woven-Thermal-Insulation-Bag_1-1.webp","datePublished":"2025-04-15T01:15:53+00:00","dateModified":"2025-05-07T02:24:30+00:00","description":"Non-woven Thermal Insulation Bag - Nanwang Paper Packaging , we supply Luxury Paper Bags, Shopping Paper Bag, Paper Carry Bag, Delivery Bag for you with good price.","breadcrumb":{"@id":"https:\/\/www.nanwangpaperbag.com\/product\/non-woven-thermal-insulation-bag\/#breadcrumb"},"inLanguage":"pt-PT","potentialAction":[{"@type":"ReadAction","target":["https:\/\/www.nanwangpaperbag.com\/product\/non-woven-thermal-insulation-bag\/"]}]},{"@type":"ImageObject","inLanguage":"pt-PT","@id":"https:\/\/www.nanwangpaperbag.com\/product\/non-woven-thermal-insulation-bag\/#primaryimage","url":"https:\/\/www.nanwangpaperbag.com\/wp-content\/uploads\/2025\/04\/Non-woven-Thermal-Insulation-Bag_1-1.webp","contentUrl":"https:\/\/www.nanwangpaperbag.com\/wp-content\/uploads\/2025\/04\/Non-woven-Thermal-Insulation-Bag_1-1.webp","width":800,"height":800,"caption":"Thermal insulated bags"},{"@type":"BreadcrumbList","@id":"https:\/\/www.nanwangpaperbag.com\/product\/non-woven-thermal-insulation-bag\/#breadcrumb","itemListElement":[{"@type":"ListItem","position":1,"name":"Home","item":"https:\/\/www.nanwangpaperbag.com\/"},{"@type":"ListItem","position":2,"name":"Productos","item":"https:\/\/www.nanwangpaperbag.com\/es\/shop\/"},{"@type":"ListItem","position":3,"name":"Non-woven Thermal Insulation Bag"}]},{"@type":"WebSite","@id":"https:\/\/www.nanwangpaperbag.com\/#website","url":"https:\/\/www.nanwangpaperbag.com\/","name":"Nanwang Paper Packaging","description":"","publisher":{"@id":"https:\/\/www.nanwangpaperbag.com\/#organization"},"potentialAction":[{"@type":"SearchAction","target":{"@type":"EntryPoint","urlTemplate":"https:\/\/www.nanwangpaperbag.com\/?s={search_term_string}"},"query-input":"required name=search_term_string"}],"inLanguage":"pt-PT"},{"@type":"Organization","@id":"https:\/\/www.nanwangpaperbag.com\/#organization","name":"Nanwang Pack","url":"https:\/\/www.nanwangpaperbag.com\/","logo":{"@type":"ImageObject","inLanguage":"pt-PT","@id":"https:\/\/www.nanwangpaperbag.com\/#\/schema\/logo\/image\/","url":"https:\/\/www.nanwangpaperbag.com\/wp-content\/uploads\/2025\/03\/logo2.webp","contentUrl":"https:\/\/www.nanwangpaperbag.com\/wp-content\/uploads\/2025\/03\/logo2.webp","width":433,"height":407,"caption":"Nanwang Pack"},"image":{"@id":"https:\/\/www.nanwangpaperbag.com\/#\/schema\/logo\/image\/"},"sameAs":["https:\/\/www.facebook.com\/NanwangPaperBag","https:\/\/x.com\/NanwangPack","https:\/\/www.linkedin.com\/company\/nanwang-paper-bag\/","https:\/\/www.youtube.com\/@NanwangPaperBag","https:\/\/www.tiktok.com\/@nanwangpaperbag"]}]}},"_links":{"self":[{"href":"https:\/\/www.nanwangpaperbag.com\/pt\/wp-json\/wp\/v2\/product\/12217"}],"collection":[{"href":"https:\/\/www.nanwangpaperbag.com\/pt\/wp-json\/wp\/v2\/product"}],"about":[{"href":"https:\/\/www.nanwangpaperbag.com\/pt\/wp-json\/wp\/v2\/types\/product"}],"replies":[{"embeddable":true,"href":"https:\/\/www.nanwangpaperbag.com\/pt\/wp-json\/wp\/v2\/comments?post=12217"}],"wp:featuredmedia":[{"embeddable":true,"href":"https:\/\/www.nanwangpaperbag.com\/pt\/wp-json\/wp\/v2\/media\/12220"}],"wp:attachment":[{"href":"https:\/\/www.nanwangpaperbag.com\/pt\/wp-json\/wp\/v2\/media?parent=12217"}],"wp:term":[{"taxonomy":"product_cat","embeddable":true,"href":"https:\/\/www.nanwangpaperbag.com\/pt\/wp-json\/wp\/v2\/product_cat?post=12217"},{"taxonomy":"product_tag","embeddable":true,"href":"https:\/\/www.nanwangpaperbag.com\/pt\/wp-json\/wp\/v2\/product_tag?post=12217"}],"curies":[{"name":"wp","href":"https:\/\/api.w.org\/{rel}","templated":true}]}}