{"id":12232,"date":"2025-04-15T02:43:28","date_gmt":"2025-04-15T02:43:28","guid":{"rendered":"https:\/\/www.nanwangpaperbag.com\/?post_type=product&#038;p=12232"},"modified":"2025-04-16T03:03:24","modified_gmt":"2025-04-16T03:03:24","slug":"kraft-express-paper-bag","status":"publish","type":"product","link":"https:\/\/www.nanwangpaperbag.com\/pt\/produto\/kraft-express-paper-bag\/","title":{"rendered":"Saco de papel Kraft Express"},"content":{"rendered":"<p>Os sacos de papel expresso s\u00e3o especialmente concebidos para o transporte e a entrega de artigos, normalmente fabricados em papel dur\u00e1vel com propriedades de resist\u00eancia \u00e0 \u00e1gua e ao rasgamento. Estes sacos t\u00eam normalmente um design selado para garantir que as embalagens permanecem seguras e intactas durante o transporte. O forro interior pode proporcionar uma prote\u00e7\u00e3o adicional contra a humidade que afecta o conte\u00fado. <a href=\"https:\/\/www.nanwangpaperbag.com\/pt\/category\/new-product\/express-paper-bag\/\"><strong>Sacos de papel expresso<\/strong><\/a> s\u00e3o frequentemente fornecidas com fechos auto-adesivos, o que as torna f\u00e1ceis de selar e abrir, melhorando assim a experi\u00eancia do utilizador. Al\u00e9m disso, s\u00e3o leves e f\u00e1ceis de armazenar, o que os torna adequados para v\u00e1rios servi\u00e7os de com\u00e9rcio eletr\u00f3nico e de correio r\u00e1pido. Em suma, os sacos de papel expresso s\u00e3o uma escolha pr\u00e1tica e amiga do ambiente que satisfaz eficazmente as exig\u00eancias da log\u00edstica moderna.<\/p>\n<p><img loading=\"lazy\" decoding=\"async\" class=\"size-full wp-image-12234 aligncenter\" data-src=\"https:\/\/www.nanwangpaperbag.com\/wp-content\/uploads\/2025\/04\/kraft-Express-paper-bag_1.webp\" alt=\"Sacos de papel expresso\" width=\"800\" height=\"800\" srcset=\"https:\/\/www.nanwangpaperbag.com\/wp-content\/uploads\/2025\/04\/kraft-Express-paper-bag_1.webp 800w, https:\/\/www.nanwangpaperbag.com\/wp-content\/uploads\/2025\/04\/kraft-Express-paper-bag_1-480x480.webp 480w\" sizes=\"(min-width: 0px) and (max-width: 480px) 480px, (min-width: 481px) 800px, 100vw\" \/><\/p>\n<h2>Vantagens dos produtos<\/h2>\n<p>1. Para o ambiente: fornecer uma solu\u00e7\u00e3o de embalagem sustent\u00e1vel, substituindo os tradicionais sacos de pl\u00e1stico n\u00e3o degrad\u00e1veis por papel.<\/p>\n<p>2. Para os sectores: \u00c9 adequado para v\u00e1rias ind\u00fastrias, incluindo vestu\u00e1rio de homem, vestu\u00e1rio de senhora, roupa interior e vestu\u00e1rio de beb\u00e9 e crian\u00e7a.<\/p>\n<p>3. Por fun\u00e7\u00e3o: Os materiais utilizados para os sacos de vidro podem ser ajustados de forma flex\u00edvel com base na gramagem e transpar\u00eancia desejadas do papel.<\/p>\n<p>4. Para quantidade: Pode ser personalizado de acordo com as prefer\u00eancias da marca. O papel utilizado \u00e9 s\u00f3lido e liso, proporcionando uma textura delicada e suave que constitui uma melhoria significativa em rela\u00e7\u00e3o aos sacos de pl\u00e1stico interiores<\/p>\n<h2>Carater\u00edsticas<\/h2>\n<p>1. Papel delicado e suave, novo processo de selagem a quente, selagem de papel de liberta\u00e7\u00e3o, design de orif\u00edcio respir\u00e1vel invis\u00edvel na parte inferior.<br \/>\n2. Veda\u00e7\u00e3o de papel, design de orif\u00edcios de ventila\u00e7\u00e3o invis\u00edveis na parte inferior.<\/p>\n<p><img loading=\"lazy\" decoding=\"async\" class=\"size-full wp-image-12235 aligncenter\" data-src=\"https:\/\/www.nanwangpaperbag.com\/wp-content\/uploads\/2025\/04\/kraft-Express-paper-bag_2.webp\" alt=\"Sacos de papel expresso\" width=\"1097\" height=\"937\" srcset=\"https:\/\/www.nanwangpaperbag.com\/wp-content\/uploads\/2025\/04\/kraft-Express-paper-bag_2.webp 1097w, https:\/\/www.nanwangpaperbag.com\/wp-content\/uploads\/2025\/04\/kraft-Express-paper-bag_2-980x837.webp 980w, https:\/\/www.nanwangpaperbag.com\/wp-content\/uploads\/2025\/04\/kraft-Express-paper-bag_2-480x410.webp 480w\" sizes=\"(min-width: 0px) and (max-width: 480px) 480px, (min-width: 481px) and (max-width: 980px) 980px, (min-width: 981px) 1097px, 100vw\" \/><\/p>\n<h2>FAQ<\/h2>\n<p>Q1: Que tipo de formato de documento \u00e9 aceite para impress\u00e3o?<br \/>\nA: AI, CDR, PDF, PSD, EPS, JPG ou PNG de alta resolu\u00e7\u00e3o.<\/p>\n<p>Q2: E o controlo de qualidade dos produtos?<br \/>\nR: Produzimos produtos de acordo com a qualidade confirmada por ambas as partes. Iremos inspecionar e testar os produtos durante a produ\u00e7\u00e3o e antes do envio. Bem-vindo \u00e0 inspe\u00e7\u00e3o de organiza\u00e7\u00f5es terceiras.<\/p>\n<p>Q3: Podem aceitar inspec\u00e7\u00f5es de organiza\u00e7\u00f5es internacionais terceiras?<br \/>\nR: Sim, bem-vindo.<\/p>\n<p>Q4: Podem conceber o produto de acordo com os meus requisitos (especifica\u00e7\u00f5es)?<br \/>\nR: Sim, podemos.<\/p>\n<p>Q5: Quanto \u00e9 que vou pagar de cau\u00e7\u00e3o?<br \/>\nR: Depende da situa\u00e7\u00e3o da encomenda, geralmente \u00e9 50% dep\u00f3sitos de pagamentos completos.<\/p>","protected":false},"excerpt":{"rendered":"<p>Saco de papel Envelope para correio<br \/>\nenvelopes de papel kraft para correio<\/p>","protected":false},"featured_media":12236,"comment_status":"open","ping_status":"closed","template":"","meta":{"_et_pb_use_builder":"","_et_pb_old_content":"","_et_gb_content_width":""},"product_cat":[300,297],"product_tag":[322],"yoast_head":"<!-- This site is optimized with the Yoast SEO plugin v22.7 - https:\/\/yoast.com\/wordpress\/plugins\/seo\/ -->\n<title>Kraft Express Paper Bag - Nanwang Paper Packaging<\/title>\n<meta name=\"description\" content=\"Kraft Express Paper Bag - Nanwang Paper Packaging , we supply Luxury Paper Bags, Shopping Paper Bag, Paper Carry Bag, Delivery Bag for you with good price.\" \/>\n<meta name=\"robots\" content=\"index, follow, max-snippet:-1, max-image-preview:large, max-video-preview:-1\" \/>\n<link rel=\"canonical\" href=\"https:\/\/www.nanwangpaperbag.com\/pt\/produto\/kraft-express-paper-bag\/\" \/>\n<meta property=\"og:locale\" content=\"pt_PT\" \/>\n<meta property=\"og:type\" content=\"article\" \/>\n<meta property=\"og:title\" content=\"Kraft Express Paper Bag - Nanwang Paper Packaging\" \/>\n<meta property=\"og:description\" content=\"Kraft Express Paper Bag - Nanwang Paper Packaging , we supply Luxury Paper Bags, Shopping Paper Bag, Paper Carry Bag, Delivery Bag for you with good price.\" \/>\n<meta property=\"og:url\" content=\"https:\/\/www.nanwangpaperbag.com\/pt\/produto\/kraft-express-paper-bag\/\" \/>\n<meta property=\"og:site_name\" content=\"Nanwang Paper Packaging\" \/>\n<meta property=\"article:publisher\" content=\"https:\/\/www.facebook.com\/NanwangPaperBag\" \/>\n<meta property=\"article:modified_time\" content=\"2025-04-16T03:03:24+00:00\" \/>\n<meta property=\"og:image\" content=\"https:\/\/www.nanwangpaperbag.com\/wp-content\/uploads\/2025\/04\/kraft-Express-paper-bag_1-1.webp\" \/>\n\t<meta property=\"og:image:width\" content=\"800\" \/>\n\t<meta property=\"og:image:height\" content=\"800\" \/>\n\t<meta property=\"og:image:type\" content=\"image\/webp\" \/>\n<meta name=\"twitter:card\" content=\"summary_large_image\" \/>\n<meta name=\"twitter:site\" content=\"@NanwangPack\" \/>\n<meta name=\"twitter:label1\" content=\"Tempo estimado de leitura\" \/>\n\t<meta name=\"twitter:data1\" content=\"3 minutos\" \/>\n<script type=\"application\/ld+json\" class=\"yoast-schema-graph\">{\"@context\":\"https:\/\/schema.org\",\"@graph\":[{\"@type\":\"WebPage\",\"@id\":\"https:\/\/www.nanwangpaperbag.com\/product\/kraft-express-paper-bag\/\",\"url\":\"https:\/\/www.nanwangpaperbag.com\/product\/kraft-express-paper-bag\/\",\"name\":\"Kraft Express Paper Bag - Nanwang Paper Packaging\",\"isPartOf\":{\"@id\":\"https:\/\/www.nanwangpaperbag.com\/#website\"},\"primaryImageOfPage\":{\"@id\":\"https:\/\/www.nanwangpaperbag.com\/product\/kraft-express-paper-bag\/#primaryimage\"},\"image\":{\"@id\":\"https:\/\/www.nanwangpaperbag.com\/product\/kraft-express-paper-bag\/#primaryimage\"},\"thumbnailUrl\":\"https:\/\/www.nanwangpaperbag.com\/wp-content\/uploads\/2025\/04\/kraft-Express-paper-bag_1-1.webp\",\"datePublished\":\"2025-04-15T02:43:28+00:00\",\"dateModified\":\"2025-04-16T03:03:24+00:00\",\"description\":\"Kraft Express Paper Bag - Nanwang Paper Packaging , we supply Luxury Paper Bags, Shopping Paper Bag, Paper Carry Bag, Delivery Bag for you with good price.\",\"breadcrumb\":{\"@id\":\"https:\/\/www.nanwangpaperbag.com\/product\/kraft-express-paper-bag\/#breadcrumb\"},\"inLanguage\":\"pt-PT\",\"potentialAction\":[{\"@type\":\"ReadAction\",\"target\":[\"https:\/\/www.nanwangpaperbag.com\/product\/kraft-express-paper-bag\/\"]}]},{\"@type\":\"ImageObject\",\"inLanguage\":\"pt-PT\",\"@id\":\"https:\/\/www.nanwangpaperbag.com\/product\/kraft-express-paper-bag\/#primaryimage\",\"url\":\"https:\/\/www.nanwangpaperbag.com\/wp-content\/uploads\/2025\/04\/kraft-Express-paper-bag_1-1.webp\",\"contentUrl\":\"https:\/\/www.nanwangpaperbag.com\/wp-content\/uploads\/2025\/04\/kraft-Express-paper-bag_1-1.webp\",\"width\":800,\"height\":800,\"caption\":\"Express paper bag\"},{\"@type\":\"BreadcrumbList\",\"@id\":\"https:\/\/www.nanwangpaperbag.com\/product\/kraft-express-paper-bag\/#breadcrumb\",\"itemListElement\":[{\"@type\":\"ListItem\",\"position\":1,\"name\":\"Home\",\"item\":\"https:\/\/www.nanwangpaperbag.com\/\"},{\"@type\":\"ListItem\",\"position\":2,\"name\":\"Productos\",\"item\":\"https:\/\/www.nanwangpaperbag.com\/es\/shop\/\"},{\"@type\":\"ListItem\",\"position\":3,\"name\":\"Kraft Express Paper Bag\"}]},{\"@type\":\"WebSite\",\"@id\":\"https:\/\/www.nanwangpaperbag.com\/#website\",\"url\":\"https:\/\/www.nanwangpaperbag.com\/\",\"name\":\"Nanwang Paper Packaging\",\"description\":\"\",\"publisher\":{\"@id\":\"https:\/\/www.nanwangpaperbag.com\/#organization\"},\"potentialAction\":[{\"@type\":\"SearchAction\",\"target\":{\"@type\":\"EntryPoint\",\"urlTemplate\":\"https:\/\/www.nanwangpaperbag.com\/?s={search_term_string}\"},\"query-input\":\"required name=search_term_string\"}],\"inLanguage\":\"pt-PT\"},{\"@type\":\"Organization\",\"@id\":\"https:\/\/www.nanwangpaperbag.com\/#organization\",\"name\":\"Nanwang Pack\",\"url\":\"https:\/\/www.nanwangpaperbag.com\/\",\"logo\":{\"@type\":\"ImageObject\",\"inLanguage\":\"pt-PT\",\"@id\":\"https:\/\/www.nanwangpaperbag.com\/#\/schema\/logo\/image\/\",\"url\":\"https:\/\/www.nanwangpaperbag.com\/wp-content\/uploads\/2025\/03\/logo2.webp\",\"contentUrl\":\"https:\/\/www.nanwangpaperbag.com\/wp-content\/uploads\/2025\/03\/logo2.webp\",\"width\":433,\"height\":407,\"caption\":\"Nanwang Pack\"},\"image\":{\"@id\":\"https:\/\/www.nanwangpaperbag.com\/#\/schema\/logo\/image\/\"},\"sameAs\":[\"https:\/\/www.facebook.com\/NanwangPaperBag\",\"https:\/\/x.com\/NanwangPack\",\"https:\/\/www.linkedin.com\/company\/nanwang-paper-bag\/\",\"https:\/\/www.youtube.com\/@NanwangPaperBag\",\"https:\/\/www.tiktok.com\/@nanwangpaperbag\"]}]}<\/script>\n<!-- \/ Yoast SEO plugin. -->","yoast_head_json":{"title":"Kraft Express Paper Bag - Nanwang Paper Packaging","description":"Kraft Express Paper Bag - Nanwang Paper Packaging , we supply Luxury Paper Bags, Shopping Paper Bag, Paper Carry Bag, Delivery Bag for you with good price.","robots":{"index":"index","follow":"follow","max-snippet":"max-snippet:-1","max-image-preview":"max-image-preview:large","max-video-preview":"max-video-preview:-1"},"canonical":"https:\/\/www.nanwangpaperbag.com\/pt\/produto\/kraft-express-paper-bag\/","og_locale":"pt_PT","og_type":"article","og_title":"Kraft Express Paper Bag - Nanwang Paper Packaging","og_description":"Kraft Express Paper Bag - Nanwang Paper Packaging , we supply Luxury Paper Bags, Shopping Paper Bag, Paper Carry Bag, Delivery Bag for you with good price.","og_url":"https:\/\/www.nanwangpaperbag.com\/pt\/produto\/kraft-express-paper-bag\/","og_site_name":"Nanwang Paper Packaging","article_publisher":"https:\/\/www.facebook.com\/NanwangPaperBag","article_modified_time":"2025-04-16T03:03:24+00:00","og_image":[{"width":800,"height":800,"url":"https:\/\/www.nanwangpaperbag.com\/wp-content\/uploads\/2025\/04\/kraft-Express-paper-bag_1-1.webp","type":"image\/webp"}],"twitter_card":"summary_large_image","twitter_site":"@NanwangPack","twitter_misc":{"Tempo estimado de leitura":"3 minutos"},"schema":{"@context":"https:\/\/schema.org","@graph":[{"@type":"WebPage","@id":"https:\/\/www.nanwangpaperbag.com\/product\/kraft-express-paper-bag\/","url":"https:\/\/www.nanwangpaperbag.com\/product\/kraft-express-paper-bag\/","name":"Kraft Express Paper Bag - Nanwang Paper Packaging","isPartOf":{"@id":"https:\/\/www.nanwangpaperbag.com\/#website"},"primaryImageOfPage":{"@id":"https:\/\/www.nanwangpaperbag.com\/product\/kraft-express-paper-bag\/#primaryimage"},"image":{"@id":"https:\/\/www.nanwangpaperbag.com\/product\/kraft-express-paper-bag\/#primaryimage"},"thumbnailUrl":"https:\/\/www.nanwangpaperbag.com\/wp-content\/uploads\/2025\/04\/kraft-Express-paper-bag_1-1.webp","datePublished":"2025-04-15T02:43:28+00:00","dateModified":"2025-04-16T03:03:24+00:00","description":"Kraft Express Paper Bag - Nanwang Paper Packaging , we supply Luxury Paper Bags, Shopping Paper Bag, Paper Carry Bag, Delivery Bag for you with good price.","breadcrumb":{"@id":"https:\/\/www.nanwangpaperbag.com\/product\/kraft-express-paper-bag\/#breadcrumb"},"inLanguage":"pt-PT","potentialAction":[{"@type":"ReadAction","target":["https:\/\/www.nanwangpaperbag.com\/product\/kraft-express-paper-bag\/"]}]},{"@type":"ImageObject","inLanguage":"pt-PT","@id":"https:\/\/www.nanwangpaperbag.com\/product\/kraft-express-paper-bag\/#primaryimage","url":"https:\/\/www.nanwangpaperbag.com\/wp-content\/uploads\/2025\/04\/kraft-Express-paper-bag_1-1.webp","contentUrl":"https:\/\/www.nanwangpaperbag.com\/wp-content\/uploads\/2025\/04\/kraft-Express-paper-bag_1-1.webp","width":800,"height":800,"caption":"Express paper bag"},{"@type":"BreadcrumbList","@id":"https:\/\/www.nanwangpaperbag.com\/product\/kraft-express-paper-bag\/#breadcrumb","itemListElement":[{"@type":"ListItem","position":1,"name":"Home","item":"https:\/\/www.nanwangpaperbag.com\/"},{"@type":"ListItem","position":2,"name":"Productos","item":"https:\/\/www.nanwangpaperbag.com\/es\/shop\/"},{"@type":"ListItem","position":3,"name":"Kraft Express Paper Bag"}]},{"@type":"WebSite","@id":"https:\/\/www.nanwangpaperbag.com\/#website","url":"https:\/\/www.nanwangpaperbag.com\/","name":"Nanwang Paper Packaging","description":"","publisher":{"@id":"https:\/\/www.nanwangpaperbag.com\/#organization"},"potentialAction":[{"@type":"SearchAction","target":{"@type":"EntryPoint","urlTemplate":"https:\/\/www.nanwangpaperbag.com\/?s={search_term_string}"},"query-input":"required name=search_term_string"}],"inLanguage":"pt-PT"},{"@type":"Organization","@id":"https:\/\/www.nanwangpaperbag.com\/#organization","name":"Nanwang Pack","url":"https:\/\/www.nanwangpaperbag.com\/","logo":{"@type":"ImageObject","inLanguage":"pt-PT","@id":"https:\/\/www.nanwangpaperbag.com\/#\/schema\/logo\/image\/","url":"https:\/\/www.nanwangpaperbag.com\/wp-content\/uploads\/2025\/03\/logo2.webp","contentUrl":"https:\/\/www.nanwangpaperbag.com\/wp-content\/uploads\/2025\/03\/logo2.webp","width":433,"height":407,"caption":"Nanwang Pack"},"image":{"@id":"https:\/\/www.nanwangpaperbag.com\/#\/schema\/logo\/image\/"},"sameAs":["https:\/\/www.facebook.com\/NanwangPaperBag","https:\/\/x.com\/NanwangPack","https:\/\/www.linkedin.com\/company\/nanwang-paper-bag\/","https:\/\/www.youtube.com\/@NanwangPaperBag","https:\/\/www.tiktok.com\/@nanwangpaperbag"]}]}},"_links":{"self":[{"href":"https:\/\/www.nanwangpaperbag.com\/pt\/wp-json\/wp\/v2\/product\/12232"}],"collection":[{"href":"https:\/\/www.nanwangpaperbag.com\/pt\/wp-json\/wp\/v2\/product"}],"about":[{"href":"https:\/\/www.nanwangpaperbag.com\/pt\/wp-json\/wp\/v2\/types\/product"}],"replies":[{"embeddable":true,"href":"https:\/\/www.nanwangpaperbag.com\/pt\/wp-json\/wp\/v2\/comments?post=12232"}],"wp:featuredmedia":[{"embeddable":true,"href":"https:\/\/www.nanwangpaperbag.com\/pt\/wp-json\/wp\/v2\/media\/12236"}],"wp:attachment":[{"href":"https:\/\/www.nanwangpaperbag.com\/pt\/wp-json\/wp\/v2\/media?parent=12232"}],"wp:term":[{"taxonomy":"product_cat","embeddable":true,"href":"https:\/\/www.nanwangpaperbag.com\/pt\/wp-json\/wp\/v2\/product_cat?post=12232"},{"taxonomy":"product_tag","embeddable":true,"href":"https:\/\/www.nanwangpaperbag.com\/pt\/wp-json\/wp\/v2\/product_tag?post=12232"}],"curies":[{"name":"wp","href":"https:\/\/api.w.org\/{rel}","templated":true}]}}