{"id":12271,"date":"2025-04-16T07:21:22","date_gmt":"2025-04-16T07:21:22","guid":{"rendered":"https:\/\/www.nanwangpaperbag.com\/?post_type=product&#038;p=12271"},"modified":"2025-05-15T02:48:36","modified_gmt":"2025-05-15T02:48:36","slug":"white-kraft-paper-bags-with-die-cut-handles","status":"publish","type":"product","link":"https:\/\/www.nanwangpaperbag.com\/pt\/produto\/white-kraft-paper-bags-with-die-cut-handles\/","title":{"rendered":"Sacos de papel kraft branco com pegas cortadas"},"content":{"rendered":"<p>O saco de papel kraft branco com pega cortada foi concebido para guardar v\u00e1rios artigos, incluindo alimentos, presentes, legumes, produtos de pastelaria e vestu\u00e1rio. Estes <a href=\"https:\/\/www.nanwangpaperbag.com\/pt\/produto\/white-kraft-paper-bags-with-die-cut-handles\/\"><strong>sacos de papel kraft<\/strong><\/a> s\u00e3o recicl\u00e1veis e reutiliz\u00e1veis, com uma pega em forma de D e um fundo quadrado para facilitar o transporte. S\u00e3o amigos do ambiente, visualmente apelativos e pr\u00e1ticos para uma utiliza\u00e7\u00e3o quotidiana.<br \/>\nEstes sacos s\u00e3o ideais para embalar e armazenar. Est\u00e3o dispon\u00edveis numa vasta gama de tamanhos e formas, proporcionando muitas op\u00e7\u00f5es. Pode personaliz\u00e1-los adicionando o seu log\u00f3tipo. A um pre\u00e7o econ\u00f3mico, estes sacos personalizados podem ser introduzidos na sua empresa, tornando-se artigos de marca \u00fanicos que se destacam.<\/p>\n<p><img loading=\"lazy\" decoding=\"async\" class=\"wp-image-12273 aligncenter\" data-src=\"https:\/\/www.nanwangpaperbag.com\/wp-content\/uploads\/2025\/04\/White-kraft-Paper-Bags-with-Die-Cut-Handles-1.webp\" alt=\"sacos de papel kraft\" width=\"592\" height=\"463\" srcset=\"https:\/\/www.nanwangpaperbag.com\/wp-content\/uploads\/2025\/04\/White-kraft-Paper-Bags-with-Die-Cut-Handles-1.webp 592w, https:\/\/www.nanwangpaperbag.com\/wp-content\/uploads\/2025\/04\/White-kraft-Paper-Bags-with-Die-Cut-Handles-1-480x376.webp 480w\" sizes=\"(min-width: 0px) and (max-width: 480px) 480px, (min-width: 481px) 592px, 100vw\" \/><\/p>\n<h2>Tamanhos padr\u00e3o NanWang<\/h2>\n<table class=\"tg\" style=\"border-collapse: collapse; border-spacing: 0;\">\n<thead>\n<tr>\n<th style=\"font-family: Arial, sans-serif; font-size: 14px; font-weight: normal; overflow: hidden; padding: 10px 5px; text-align: center; vertical-align: top; word-break: normal; border: 1px solid black;\">C\u00f3digo Ltem<\/th>\n<th style=\"font-family: Arial, sans-serif; font-size: 14px; font-weight: normal; overflow: hidden; padding: 10px 5px; text-align: center; vertical-align: top; word-break: normal; border: 1px solid black;\">Dimens\u00f5es do saco (mm)<br \/>\n( Largura x Altura x Refor\u00e7o )<\/th>\n<th style=\"font-family: Arial, sans-serif; font-size: 14px; font-weight: normal; overflow: hidden; padding: 10px 5px; text-align: center; vertical-align: top; word-break: normal; border: 1px solid black;\">Dimens\u00f5es do saco (polegadas)<br \/>\n( Largura x Altura x Refor\u00e7o )<\/th>\n<th style=\"font-family: Arial, sans-serif; font-size: 14px; font-weight: normal; overflow: hidden; padding: 10px 5px; text-align: center; vertical-align: top; word-break: normal; border: 1px solid black;\">Tamanho da embalagem<br \/>\n(pcs \/ ctn)<\/th>\n<th style=\"font-family: Arial, sans-serif; font-size: 14px; font-weight: normal; overflow: hidden; padding: 10px 5px; text-align: center; vertical-align: top; word-break: normal; border: 1px solid black;\">Liso MOQ<br \/>\n(unidades)<\/th>\n<th style=\"font-family: Arial, sans-serif; font-size: 14px; font-weight: normal; overflow: hidden; padding: 10px 5px; text-align: center; vertical-align: top; word-break: normal; border: 1px solid black;\">Impresso MOQ<br \/>\n(unidades)<\/th>\n<\/tr>\n<\/thead>\n<tbody>\n<tr>\n<td style=\"font-family: Arial, sans-serif; font-size: 14px; overflow: hidden; padding: 10px 5px; text-align: center; vertical-align: top; word-break: normal; border: 1px solid black;\">NWD240NA<\/td>\n<td style=\"font-family: Arial, sans-serif; font-size: 14px; overflow: hidden; padding: 10px 5px; text-align: center; vertical-align: top; word-break: normal; border: 1px solid black;\">240x350x120mm<\/td>\n<td style=\"font-family: Arial, sans-serif; font-size: 14px; overflow: hidden; padding: 10px 5px; text-align: center; vertical-align: top; word-break: normal; border: 1px solid black;\">9,45\u2033x13,78\u2033x4,72\u2033<\/td>\n<td style=\"font-family: Arial, sans-serif; font-size: 14px; overflow: hidden; padding: 10px 5px; text-align: center; vertical-align: top; word-break: normal; border: 1px solid black;\">400<\/td>\n<td style=\"font-family: Arial, sans-serif; font-size: 14px; overflow: hidden; padding: 10px 5px; text-align: center; vertical-align: top; word-break: normal; border: 1px solid black;\">100000<\/td>\n<td style=\"font-family: Arial, sans-serif; font-size: 14px; overflow: hidden; padding: 10px 5px; text-align: center; vertical-align: top; word-break: normal; border: 1px solid black;\">100000<\/td>\n<\/tr>\n<tr>\n<td style=\"font-family: Arial, sans-serif; font-size: 14px; overflow: hidden; padding: 10px 5px; text-align: center; vertical-align: top; word-break: normal; border: 1px solid black;\">NWD270NA<\/td>\n<td style=\"font-family: Arial, sans-serif; font-size: 14px; overflow: hidden; padding: 10px 5px; text-align: center; vertical-align: top; word-break: normal; border: 1px solid black;\">270x280x100mm<\/td>\n<td style=\"font-family: Arial, sans-serif; font-size: 14px; overflow: hidden; padding: 10px 5px; text-align: center; vertical-align: top; word-break: normal; border: 1px solid black;\">10,63\u2033x11\u2033x3,94\u2033<\/td>\n<td style=\"font-family: Arial, sans-serif; font-size: 14px; overflow: hidden; padding: 10px 5px; text-align: center; vertical-align: top; word-break: normal; border: 1px solid black;\">400<\/td>\n<td style=\"font-family: Arial, sans-serif; font-size: 14px; overflow: hidden; padding: 10px 5px; text-align: center; vertical-align: top; word-break: normal; border: 1px solid black;\">100000<\/td>\n<td style=\"font-family: Arial, sans-serif; font-size: 14px; overflow: hidden; padding: 10px 5px; text-align: center; vertical-align: top; word-break: normal; border: 1px solid black;\">100000<\/td>\n<\/tr>\n<tr>\n<td style=\"font-family: Arial, sans-serif; font-size: 14px; overflow: hidden; padding: 10px 5px; text-align: center; vertical-align: top; word-break: normal; border: 1px solid black;\">NWD270NA<\/td>\n<td style=\"font-family: Arial, sans-serif; font-size: 14px; overflow: hidden; padding: 10px 5px; text-align: center; vertical-align: top; word-break: normal; border: 1px solid black;\">270x350x140mm<\/td>\n<td style=\"font-family: Arial, sans-serif; font-size: 14px; overflow: hidden; padding: 10px 5px; text-align: center; vertical-align: top; word-break: normal; border: 1px solid black;\">10,63\u2033x13,78\u2033x5,5\u2033<\/td>\n<td style=\"font-family: Arial, sans-serif; font-size: 14px; overflow: hidden; padding: 10px 5px; text-align: center; vertical-align: top; word-break: normal; border: 1px solid black;\">300<\/td>\n<td style=\"font-family: Arial, sans-serif; font-size: 14px; overflow: hidden; padding: 10px 5px; text-align: center; vertical-align: top; word-break: normal; border: 1px solid black;\">100000<\/td>\n<td style=\"font-family: Arial, sans-serif; font-size: 14px; overflow: hidden; padding: 10px 5px; text-align: center; vertical-align: top; word-break: normal; border: 1px solid black;\">100000<\/td>\n<\/tr>\n<\/tbody>\n<\/table>\n<p><img loading=\"lazy\" decoding=\"async\" class=\"size-full wp-image-12274 aligncenter\" data-src=\"https:\/\/www.nanwangpaperbag.com\/wp-content\/uploads\/2025\/04\/White-kraft-Paper-Bags-with-Die-Cut-Handles-2.webp\" alt=\"sacos de papel kraft\" width=\"600\" height=\"495\" srcset=\"https:\/\/www.nanwangpaperbag.com\/wp-content\/uploads\/2025\/04\/White-kraft-Paper-Bags-with-Die-Cut-Handles-2.webp 600w, https:\/\/www.nanwangpaperbag.com\/wp-content\/uploads\/2025\/04\/White-kraft-Paper-Bags-with-Die-Cut-Handles-2-480x396.webp 480w\" sizes=\"(min-width: 0px) and (max-width: 480px) 480px, (min-width: 481px) 600px, 100vw\" \/><\/p>\n<h2>Carater\u00edsticas<\/h2>\n<ul>\n<li>Fundo espa\u00e7oso para comida para levar: Concebidos com uma grande \u00e1rea inferior, estes sacos s\u00e3o perfeitos para transportar de forma segura encomendas de comida para levar, garantindo espa\u00e7o suficiente para v\u00e1rios itens alimentares.<\/li>\n<li>Materiais eco-conscientes: S\u00e3o reutiliz\u00e1veis e biodegrad\u00e1veis, o que os torna uma escolha amiga do ambiente. Ideais para embalar e armazenar alimentos, ajudam a reduzir o desperd\u00edcio na vida quotidiana.<\/li>\n<li>Utiliza\u00e7\u00e3o quotidiana vers\u00e1til: Amplamente aplic\u00e1vel em cen\u00e1rios di\u00e1rios, quer seja para um almo\u00e7o r\u00e1pido ou para embalar restos de comida.<\/li>\n<li>Personaliza\u00e7\u00e3o : Pode adicionar log\u00f3tipos, desenhos ou outros elementos de marca para os tornar \u00fanicos.<\/li>\n<li>Design est\u00e1vel e aut\u00f3nomo: Os sacos com fundo plano e refor\u00e7ado foram concebidos para se manterem independentes. Esta carater\u00edstica torna-os convenientes tanto para o enchimento como para a exposi\u00e7\u00e3o de produtos alimentares.<\/li>\n<\/ul>\n<h2>A nossa vantagem<\/h2>\n<ol>\n<li data-start=\"172\" data-end=\"277\">Como experi\u00eancia <a href=\"https:\/\/www.nanwangpaperbag.com\/pt\/category\/retail-paper-bags\/\"><strong>fabricantes de sacos de papel<\/strong><\/a>Temos uma grande capacidade para satisfazer os seus pedidos de grandes quantidades.<\/li>\n<li data-start=\"281\" data-end=\"388\">Alta qualidade: mais de 40 conjuntos de m\u00e1quinas de sacos de compras, com a maioria dos equipamentos importados do Jap\u00e3o e da Alemanha.<\/li>\n<li data-start=\"392\" data-end=\"464\">Ampla gama de produtos para satisfazer todos os tipos de requisitos de produtos.<\/li>\n<li data-start=\"468\" data-end=\"523\">Grande equipa de I&amp;D para fornecer desenhos personalizados para si.<\/li>\n<\/ol>\n<h2>FAQ<\/h2>\n<p>Q1: Os vossos produtos s\u00e3o degrad\u00e1veis?<br \/>\nR: Sim, o papel pode ser degrad\u00e1vel.<\/p>\n<p>Q2: Os vossos pre\u00e7os incluem a embalagem?<br \/>\nR: Sim. Todos os produtos incluem caixa de cart\u00e3o canelado de 5 camadas.<\/p>\n<p>P3: Como \u00e9 que as queixas s\u00e3o tratadas?<br \/>\nR:Seremos respons\u00e1veis pelas reclama\u00e7\u00f5es resultantes de problemas de qualidade dos produtos Nanwang. Por isso, assinaremos a norma de qualidade antes de efetuar a encomenda.<\/p>\n<p>Q4: Quantas caixas de cart\u00e3o por 40HQ?<br \/>\nA: Produtos de tamanhos diferentes teriam QTY de carregamento diferente, bem-vindo para nos informar os detalhes do seu pedido.<\/p>\n<p>Q5: Os sacos podem carregar alimentos congelados?<br \/>\nR: Sim, podemos utilizar papel ou revestimento especial.<\/p>","protected":false},"excerpt":{"rendered":"<p>Papel: Papel kraft recicl\u00e1vel de 80g \/ 100g<br \/>\nImpress\u00e3o: Impress\u00e3o flexogr\u00e1fica; impress\u00e3o offset<br \/>\nCor: Cores completas CMYK ou cores pantone<br \/>\nUtiliza\u00e7\u00e3o: Embalagem de cal\u00e7ado e vestu\u00e1rio<br \/>\nCarater\u00edsticas: reutiliz\u00e1vel e recicl\u00e1vel<br \/>\nMOQ:100,000pcs<\/p>","protected":false},"featured_media":12276,"comment_status":"open","ping_status":"closed","template":"","meta":{"_et_pb_use_builder":"","_et_pb_old_content":"","_et_gb_content_width":""},"product_cat":[266,261],"product_tag":[329,277],"yoast_head":"<!-- This site is optimized with the Yoast SEO plugin v22.7 - https:\/\/yoast.com\/wordpress\/plugins\/seo\/ -->\n<title>White Kraft Paper Bags with Die Cut Handles - Nanwang Paper Packaging<\/title>\n<meta name=\"description\" content=\"White Kraft Paper Bags with Die Cut Handles - Nanwang Paper Packaging , we supply Luxury Paper Bags, Shopping Paper Bag, Paper Carry Bag, Delivery Bag for you with good price.\" \/>\n<meta name=\"robots\" content=\"index, follow, max-snippet:-1, max-image-preview:large, max-video-preview:-1\" \/>\n<link rel=\"canonical\" href=\"https:\/\/www.nanwangpaperbag.com\/pt\/produto\/white-kraft-paper-bags-with-die-cut-handles\/\" \/>\n<meta property=\"og:locale\" content=\"pt_PT\" \/>\n<meta property=\"og:type\" content=\"article\" \/>\n<meta property=\"og:title\" content=\"White Kraft Paper Bags with Die Cut Handles - Nanwang Paper Packaging\" \/>\n<meta property=\"og:description\" content=\"White Kraft Paper Bags with Die Cut Handles - Nanwang Paper Packaging , we supply Luxury Paper Bags, Shopping Paper Bag, Paper Carry Bag, Delivery Bag for you with good price.\" \/>\n<meta property=\"og:url\" content=\"https:\/\/www.nanwangpaperbag.com\/pt\/produto\/white-kraft-paper-bags-with-die-cut-handles\/\" \/>\n<meta property=\"og:site_name\" content=\"Nanwang Paper Packaging\" \/>\n<meta property=\"article:publisher\" content=\"https:\/\/www.facebook.com\/NanwangPaperBag\" \/>\n<meta property=\"article:modified_time\" content=\"2025-05-15T02:48:36+00:00\" \/>\n<meta property=\"og:image\" content=\"https:\/\/www.nanwangpaperbag.com\/wp-content\/uploads\/2025\/04\/White-kraft-Paper-Bags-with-Die-Cut-Handles-1-1.webp\" \/>\n\t<meta property=\"og:image:width\" content=\"800\" \/>\n\t<meta property=\"og:image:height\" content=\"800\" \/>\n\t<meta property=\"og:image:type\" content=\"image\/webp\" \/>\n<meta name=\"twitter:card\" content=\"summary_large_image\" \/>\n<meta name=\"twitter:site\" content=\"@NanwangPack\" \/>\n<meta name=\"twitter:label1\" content=\"Tempo estimado de leitura\" \/>\n\t<meta name=\"twitter:data1\" content=\"3 minutos\" \/>\n<script type=\"application\/ld+json\" class=\"yoast-schema-graph\">{\"@context\":\"https:\/\/schema.org\",\"@graph\":[{\"@type\":\"WebPage\",\"@id\":\"https:\/\/www.nanwangpaperbag.com\/product\/white-kraft-paper-bags-with-die-cut-handles\/\",\"url\":\"https:\/\/www.nanwangpaperbag.com\/product\/white-kraft-paper-bags-with-die-cut-handles\/\",\"name\":\"White Kraft Paper Bags with Die Cut Handles - Nanwang Paper Packaging\",\"isPartOf\":{\"@id\":\"https:\/\/www.nanwangpaperbag.com\/#website\"},\"primaryImageOfPage\":{\"@id\":\"https:\/\/www.nanwangpaperbag.com\/product\/white-kraft-paper-bags-with-die-cut-handles\/#primaryimage\"},\"image\":{\"@id\":\"https:\/\/www.nanwangpaperbag.com\/product\/white-kraft-paper-bags-with-die-cut-handles\/#primaryimage\"},\"thumbnailUrl\":\"https:\/\/www.nanwangpaperbag.com\/wp-content\/uploads\/2025\/04\/White-kraft-Paper-Bags-with-Die-Cut-Handles-1-1.webp\",\"datePublished\":\"2025-04-16T07:21:22+00:00\",\"dateModified\":\"2025-05-15T02:48:36+00:00\",\"description\":\"White Kraft Paper Bags with Die Cut Handles - Nanwang Paper Packaging , we supply Luxury Paper Bags, Shopping Paper Bag, Paper Carry Bag, Delivery Bag for you with good price.\",\"breadcrumb\":{\"@id\":\"https:\/\/www.nanwangpaperbag.com\/product\/white-kraft-paper-bags-with-die-cut-handles\/#breadcrumb\"},\"inLanguage\":\"pt-PT\",\"potentialAction\":[{\"@type\":\"ReadAction\",\"target\":[\"https:\/\/www.nanwangpaperbag.com\/product\/white-kraft-paper-bags-with-die-cut-handles\/\"]}]},{\"@type\":\"ImageObject\",\"inLanguage\":\"pt-PT\",\"@id\":\"https:\/\/www.nanwangpaperbag.com\/product\/white-kraft-paper-bags-with-die-cut-handles\/#primaryimage\",\"url\":\"https:\/\/www.nanwangpaperbag.com\/wp-content\/uploads\/2025\/04\/White-kraft-Paper-Bags-with-Die-Cut-Handles-1-1.webp\",\"contentUrl\":\"https:\/\/www.nanwangpaperbag.com\/wp-content\/uploads\/2025\/04\/White-kraft-Paper-Bags-with-Die-Cut-Handles-1-1.webp\",\"width\":800,\"height\":800,\"caption\":\"kraft paper bags\"},{\"@type\":\"BreadcrumbList\",\"@id\":\"https:\/\/www.nanwangpaperbag.com\/product\/white-kraft-paper-bags-with-die-cut-handles\/#breadcrumb\",\"itemListElement\":[{\"@type\":\"ListItem\",\"position\":1,\"name\":\"Home\",\"item\":\"https:\/\/www.nanwangpaperbag.com\/\"},{\"@type\":\"ListItem\",\"position\":2,\"name\":\"Productos\",\"item\":\"https:\/\/www.nanwangpaperbag.com\/es\/shop\/\"},{\"@type\":\"ListItem\",\"position\":3,\"name\":\"White Kraft Paper Bags with Die Cut Handles\"}]},{\"@type\":\"WebSite\",\"@id\":\"https:\/\/www.nanwangpaperbag.com\/#website\",\"url\":\"https:\/\/www.nanwangpaperbag.com\/\",\"name\":\"Nanwang Paper Packaging\",\"description\":\"\",\"publisher\":{\"@id\":\"https:\/\/www.nanwangpaperbag.com\/#organization\"},\"potentialAction\":[{\"@type\":\"SearchAction\",\"target\":{\"@type\":\"EntryPoint\",\"urlTemplate\":\"https:\/\/www.nanwangpaperbag.com\/?s={search_term_string}\"},\"query-input\":\"required name=search_term_string\"}],\"inLanguage\":\"pt-PT\"},{\"@type\":\"Organization\",\"@id\":\"https:\/\/www.nanwangpaperbag.com\/#organization\",\"name\":\"Nanwang Pack\",\"url\":\"https:\/\/www.nanwangpaperbag.com\/\",\"logo\":{\"@type\":\"ImageObject\",\"inLanguage\":\"pt-PT\",\"@id\":\"https:\/\/www.nanwangpaperbag.com\/#\/schema\/logo\/image\/\",\"url\":\"https:\/\/www.nanwangpaperbag.com\/wp-content\/uploads\/2025\/03\/logo2.webp\",\"contentUrl\":\"https:\/\/www.nanwangpaperbag.com\/wp-content\/uploads\/2025\/03\/logo2.webp\",\"width\":433,\"height\":407,\"caption\":\"Nanwang Pack\"},\"image\":{\"@id\":\"https:\/\/www.nanwangpaperbag.com\/#\/schema\/logo\/image\/\"},\"sameAs\":[\"https:\/\/www.facebook.com\/NanwangPaperBag\",\"https:\/\/x.com\/NanwangPack\",\"https:\/\/www.linkedin.com\/company\/nanwang-paper-bag\/\",\"https:\/\/www.youtube.com\/@NanwangPaperBag\",\"https:\/\/www.tiktok.com\/@nanwangpaperbag\"]}]}<\/script>\n<!-- \/ Yoast SEO plugin. -->","yoast_head_json":{"title":"White Kraft Paper Bags with Die Cut Handles - Nanwang Paper Packaging","description":"White Kraft Paper Bags with Die Cut Handles - Nanwang Paper Packaging , we supply Luxury Paper Bags, Shopping Paper Bag, Paper Carry Bag, Delivery Bag for you with good price.","robots":{"index":"index","follow":"follow","max-snippet":"max-snippet:-1","max-image-preview":"max-image-preview:large","max-video-preview":"max-video-preview:-1"},"canonical":"https:\/\/www.nanwangpaperbag.com\/pt\/produto\/white-kraft-paper-bags-with-die-cut-handles\/","og_locale":"pt_PT","og_type":"article","og_title":"White Kraft Paper Bags with Die Cut Handles - Nanwang Paper Packaging","og_description":"White Kraft Paper Bags with Die Cut Handles - Nanwang Paper Packaging , we supply Luxury Paper Bags, Shopping Paper Bag, Paper Carry Bag, Delivery Bag for you with good price.","og_url":"https:\/\/www.nanwangpaperbag.com\/pt\/produto\/white-kraft-paper-bags-with-die-cut-handles\/","og_site_name":"Nanwang Paper Packaging","article_publisher":"https:\/\/www.facebook.com\/NanwangPaperBag","article_modified_time":"2025-05-15T02:48:36+00:00","og_image":[{"width":800,"height":800,"url":"https:\/\/www.nanwangpaperbag.com\/wp-content\/uploads\/2025\/04\/White-kraft-Paper-Bags-with-Die-Cut-Handles-1-1.webp","type":"image\/webp"}],"twitter_card":"summary_large_image","twitter_site":"@NanwangPack","twitter_misc":{"Tempo estimado de leitura":"3 minutos"},"schema":{"@context":"https:\/\/schema.org","@graph":[{"@type":"WebPage","@id":"https:\/\/www.nanwangpaperbag.com\/product\/white-kraft-paper-bags-with-die-cut-handles\/","url":"https:\/\/www.nanwangpaperbag.com\/product\/white-kraft-paper-bags-with-die-cut-handles\/","name":"White Kraft Paper Bags with Die Cut Handles - Nanwang Paper Packaging","isPartOf":{"@id":"https:\/\/www.nanwangpaperbag.com\/#website"},"primaryImageOfPage":{"@id":"https:\/\/www.nanwangpaperbag.com\/product\/white-kraft-paper-bags-with-die-cut-handles\/#primaryimage"},"image":{"@id":"https:\/\/www.nanwangpaperbag.com\/product\/white-kraft-paper-bags-with-die-cut-handles\/#primaryimage"},"thumbnailUrl":"https:\/\/www.nanwangpaperbag.com\/wp-content\/uploads\/2025\/04\/White-kraft-Paper-Bags-with-Die-Cut-Handles-1-1.webp","datePublished":"2025-04-16T07:21:22+00:00","dateModified":"2025-05-15T02:48:36+00:00","description":"White Kraft Paper Bags with Die Cut Handles - Nanwang Paper Packaging , we supply Luxury Paper Bags, Shopping Paper Bag, Paper Carry Bag, Delivery Bag for you with good price.","breadcrumb":{"@id":"https:\/\/www.nanwangpaperbag.com\/product\/white-kraft-paper-bags-with-die-cut-handles\/#breadcrumb"},"inLanguage":"pt-PT","potentialAction":[{"@type":"ReadAction","target":["https:\/\/www.nanwangpaperbag.com\/product\/white-kraft-paper-bags-with-die-cut-handles\/"]}]},{"@type":"ImageObject","inLanguage":"pt-PT","@id":"https:\/\/www.nanwangpaperbag.com\/product\/white-kraft-paper-bags-with-die-cut-handles\/#primaryimage","url":"https:\/\/www.nanwangpaperbag.com\/wp-content\/uploads\/2025\/04\/White-kraft-Paper-Bags-with-Die-Cut-Handles-1-1.webp","contentUrl":"https:\/\/www.nanwangpaperbag.com\/wp-content\/uploads\/2025\/04\/White-kraft-Paper-Bags-with-Die-Cut-Handles-1-1.webp","width":800,"height":800,"caption":"kraft paper bags"},{"@type":"BreadcrumbList","@id":"https:\/\/www.nanwangpaperbag.com\/product\/white-kraft-paper-bags-with-die-cut-handles\/#breadcrumb","itemListElement":[{"@type":"ListItem","position":1,"name":"Home","item":"https:\/\/www.nanwangpaperbag.com\/"},{"@type":"ListItem","position":2,"name":"Productos","item":"https:\/\/www.nanwangpaperbag.com\/es\/shop\/"},{"@type":"ListItem","position":3,"name":"White Kraft Paper Bags with Die Cut Handles"}]},{"@type":"WebSite","@id":"https:\/\/www.nanwangpaperbag.com\/#website","url":"https:\/\/www.nanwangpaperbag.com\/","name":"Nanwang Paper Packaging","description":"","publisher":{"@id":"https:\/\/www.nanwangpaperbag.com\/#organization"},"potentialAction":[{"@type":"SearchAction","target":{"@type":"EntryPoint","urlTemplate":"https:\/\/www.nanwangpaperbag.com\/?s={search_term_string}"},"query-input":"required name=search_term_string"}],"inLanguage":"pt-PT"},{"@type":"Organization","@id":"https:\/\/www.nanwangpaperbag.com\/#organization","name":"Nanwang Pack","url":"https:\/\/www.nanwangpaperbag.com\/","logo":{"@type":"ImageObject","inLanguage":"pt-PT","@id":"https:\/\/www.nanwangpaperbag.com\/#\/schema\/logo\/image\/","url":"https:\/\/www.nanwangpaperbag.com\/wp-content\/uploads\/2025\/03\/logo2.webp","contentUrl":"https:\/\/www.nanwangpaperbag.com\/wp-content\/uploads\/2025\/03\/logo2.webp","width":433,"height":407,"caption":"Nanwang Pack"},"image":{"@id":"https:\/\/www.nanwangpaperbag.com\/#\/schema\/logo\/image\/"},"sameAs":["https:\/\/www.facebook.com\/NanwangPaperBag","https:\/\/x.com\/NanwangPack","https:\/\/www.linkedin.com\/company\/nanwang-paper-bag\/","https:\/\/www.youtube.com\/@NanwangPaperBag","https:\/\/www.tiktok.com\/@nanwangpaperbag"]}]}},"_links":{"self":[{"href":"https:\/\/www.nanwangpaperbag.com\/pt\/wp-json\/wp\/v2\/product\/12271"}],"collection":[{"href":"https:\/\/www.nanwangpaperbag.com\/pt\/wp-json\/wp\/v2\/product"}],"about":[{"href":"https:\/\/www.nanwangpaperbag.com\/pt\/wp-json\/wp\/v2\/types\/product"}],"replies":[{"embeddable":true,"href":"https:\/\/www.nanwangpaperbag.com\/pt\/wp-json\/wp\/v2\/comments?post=12271"}],"wp:featuredmedia":[{"embeddable":true,"href":"https:\/\/www.nanwangpaperbag.com\/pt\/wp-json\/wp\/v2\/media\/12276"}],"wp:attachment":[{"href":"https:\/\/www.nanwangpaperbag.com\/pt\/wp-json\/wp\/v2\/media?parent=12271"}],"wp:term":[{"taxonomy":"product_cat","embeddable":true,"href":"https:\/\/www.nanwangpaperbag.com\/pt\/wp-json\/wp\/v2\/product_cat?post=12271"},{"taxonomy":"product_tag","embeddable":true,"href":"https:\/\/www.nanwangpaperbag.com\/pt\/wp-json\/wp\/v2\/product_tag?post=12271"}],"curies":[{"name":"wp","href":"https:\/\/api.w.org\/{rel}","templated":true}]}}