{"id":12272,"date":"2025-04-16T07:21:24","date_gmt":"2025-04-16T07:21:24","guid":{"rendered":"https:\/\/www.nanwangpaperbag.com\/?post_type=product&#038;p=12272"},"modified":"2025-05-15T02:48:15","modified_gmt":"2025-05-15T02:48:15","slug":"popular-die-cut-paper-bag","status":"publish","type":"product","link":"https:\/\/www.nanwangpaperbag.com\/pt\/produto\/saco-de-papel-recortado-popular\/","title":{"rendered":"Saco de papel recortado popular"},"content":{"rendered":"<p>O nosso <a href=\"https:\/\/www.nanwangpaperbag.com\/pt\/category\/retail-paper-bags\/die-cut-paper-bag\/\"><strong>Sacos de papel cortados<\/strong><\/a> est\u00e3o a ganhar uma popularidade significativa na ind\u00fastria. Apresentam placas de refor\u00e7o laterais e inferiores robustas, o que as torna perfeitas para transportar artigos leves. Oferecemos uma vasta gama de op\u00e7\u00f5es de personaliza\u00e7\u00e3o. Pode escolher desde a impress\u00e3o a cores simples a desenhos multicoloridos, e podemos at\u00e9 imprimir imagens fotogr\u00e1ficas, permitindo-lhe estabelecer uma marca distinta. Estes sacos de papel s\u00e3o altamente vers\u00e1teis, adequados para embalar alimentos, transportar presentes ou armazenar objectos essenciais do dia a dia. A sua adaptabilidade torna-os uma escolha pr\u00e1tica para v\u00e1rias utiliza\u00e7\u00f5es.<\/p>\n<p><img loading=\"lazy\" decoding=\"async\" class=\"alignnone size-full wp-image-12280\" data-src=\"https:\/\/www.nanwangpaperbag.com\/wp-content\/uploads\/2025\/04\/Fully-cutout-handle-with-CPP-film-reinforcement.webp\" alt=\"Sacos de papel com al\u00e7a cortada\" width=\"291\" height=\"213\" srcset=\"https:\/\/www.nanwangpaperbag.com\/wp-content\/uploads\/2025\/04\/Fully-cutout-handle-with-CPP-film-reinforcement.webp 291w, https:\/\/www.nanwangpaperbag.com\/wp-content\/uploads\/2025\/04\/Fully-cutout-handle-with-CPP-film-reinforcement-16x12.webp 16w\" sizes=\"(max-width: 291px) 100vw, 291px\" \/> <img loading=\"lazy\" decoding=\"async\" class=\"alignnone wp-image-12281\" data-src=\"https:\/\/www.nanwangpaperbag.com\/wp-content\/uploads\/2025\/04\/Semi-cutout-handle-with-cardstock-reinforcement.webp\" alt=\"Sacos de papel com al\u00e7a cortada\" width=\"326\" height=\"213\" srcset=\"https:\/\/www.nanwangpaperbag.com\/wp-content\/uploads\/2025\/04\/Semi-cutout-handle-with-cardstock-reinforcement.webp 294w, https:\/\/www.nanwangpaperbag.com\/wp-content\/uploads\/2025\/04\/Semi-cutout-handle-with-cardstock-reinforcement-18x12.webp 18w\" sizes=\"(max-width: 326px) 100vw, 326px\" \/><\/p>\n<h2>Tamanhos padr\u00e3o NanWang<\/h2>\n<table class=\"tg\" style=\"border-collapse: collapse; border-spacing: 0;\">\n<thead>\n<tr>\n<th style=\"font-family: Arial, sans-serif; font-size: 14px; font-weight: normal; overflow: hidden; padding: 10px 5px; text-align: center; vertical-align: top; word-break: normal; border: 1px solid black;\">C\u00f3digo Ltem<\/th>\n<th style=\"font-family: Arial, sans-serif; font-size: 14px; font-weight: normal; overflow: hidden; padding: 10px 5px; text-align: center; vertical-align: top; word-break: normal; border: 1px solid black;\">Dimens\u00f5es do saco (mm)<br \/>\n( Largura x Altura x Refor\u00e7o )<\/th>\n<th style=\"font-family: Arial, sans-serif; font-size: 14px; font-weight: normal; overflow: hidden; padding: 10px 5px; text-align: center; vertical-align: top; word-break: normal; border: 1px solid black;\">Dimens\u00f5es do saco (polegadas)<br \/>\n( Largura x Altura x Refor\u00e7o )<\/th>\n<th style=\"font-family: Arial, sans-serif; font-size: 14px; font-weight: normal; overflow: hidden; padding: 10px 5px; text-align: center; vertical-align: top; word-break: normal; border: 1px solid black;\">Tamanho da embalagem<br \/>\n(pcs \/ ctn)<\/th>\n<th style=\"font-family: Arial, sans-serif; font-size: 14px; font-weight: normal; overflow: hidden; padding: 10px 5px; text-align: center; vertical-align: top; word-break: normal; border: 1px solid black;\">Liso MOQ<br \/>\n(unidades)<\/th>\n<th style=\"font-family: Arial, sans-serif; font-size: 14px; font-weight: normal; overflow: hidden; padding: 10px 5px; text-align: center; vertical-align: top; word-break: normal; border: 1px solid black;\">Impresso MOQ<br \/>\n(unidades)<\/th>\n<\/tr>\n<\/thead>\n<tbody>\n<tr>\n<td style=\"font-family: Arial, sans-serif; font-size: 14px; overflow: hidden; padding: 10px 5px; text-align: center; vertical-align: top; word-break: normal; border: 1px solid black;\">NWD240NA<\/td>\n<td style=\"font-family: Arial, sans-serif; font-size: 14px; overflow: hidden; padding: 10px 5px; text-align: center; vertical-align: top; word-break: normal; border: 1px solid black;\">240x350x120mm<\/td>\n<td style=\"font-family: Arial, sans-serif; font-size: 14px; overflow: hidden; padding: 10px 5px; text-align: center; vertical-align: top; word-break: normal; border: 1px solid black;\">9,45\u2033x13,78\u2033x4,72\u2033<\/td>\n<td style=\"font-family: Arial, sans-serif; font-size: 14px; overflow: hidden; padding: 10px 5px; text-align: center; vertical-align: top; word-break: normal; border: 1px solid black;\">400<\/td>\n<td style=\"font-family: Arial, sans-serif; font-size: 14px; overflow: hidden; padding: 10px 5px; text-align: center; vertical-align: top; word-break: normal; border: 1px solid black;\">100000<\/td>\n<td style=\"font-family: Arial, sans-serif; font-size: 14px; overflow: hidden; padding: 10px 5px; text-align: center; vertical-align: top; word-break: normal; border: 1px solid black;\">100000<\/td>\n<\/tr>\n<tr>\n<td style=\"font-family: Arial, sans-serif; font-size: 14px; overflow: hidden; padding: 10px 5px; text-align: center; vertical-align: top; word-break: normal; border: 1px solid black;\">NWD270NA<\/td>\n<td style=\"font-family: Arial, sans-serif; font-size: 14px; overflow: hidden; padding: 10px 5px; text-align: center; vertical-align: top; word-break: normal; border: 1px solid black;\">270x280x100mm<\/td>\n<td style=\"font-family: Arial, sans-serif; font-size: 14px; overflow: hidden; padding: 10px 5px; text-align: center; vertical-align: top; word-break: normal; border: 1px solid black;\">10,63\u2033x11\u2033x3,94\u2033<\/td>\n<td style=\"font-family: Arial, sans-serif; font-size: 14px; overflow: hidden; padding: 10px 5px; text-align: center; vertical-align: top; word-break: normal; border: 1px solid black;\">400<\/td>\n<td style=\"font-family: Arial, sans-serif; font-size: 14px; overflow: hidden; padding: 10px 5px; text-align: center; vertical-align: top; word-break: normal; border: 1px solid black;\">100000<\/td>\n<td style=\"font-family: Arial, sans-serif; font-size: 14px; overflow: hidden; padding: 10px 5px; text-align: center; vertical-align: top; word-break: normal; border: 1px solid black;\">100000<\/td>\n<\/tr>\n<tr>\n<td style=\"font-family: Arial, sans-serif; font-size: 14px; overflow: hidden; padding: 10px 5px; text-align: center; vertical-align: top; word-break: normal; border: 1px solid black;\">NWD270NA<\/td>\n<td style=\"font-family: Arial, sans-serif; font-size: 14px; overflow: hidden; padding: 10px 5px; text-align: center; vertical-align: top; word-break: normal; border: 1px solid black;\">270x350x140mm<\/td>\n<td style=\"font-family: Arial, sans-serif; font-size: 14px; overflow: hidden; padding: 10px 5px; text-align: center; vertical-align: top; word-break: normal; border: 1px solid black;\">10,63\u2033x13,78\u2033x5,5\u2033<\/td>\n<td style=\"font-family: Arial, sans-serif; font-size: 14px; overflow: hidden; padding: 10px 5px; text-align: center; vertical-align: top; word-break: normal; border: 1px solid black;\">300<\/td>\n<td style=\"font-family: Arial, sans-serif; font-size: 14px; overflow: hidden; padding: 10px 5px; text-align: center; vertical-align: top; word-break: normal; border: 1px solid black;\">100000<\/td>\n<td style=\"font-family: Arial, sans-serif; font-size: 14px; overflow: hidden; padding: 10px 5px; text-align: center; vertical-align: top; word-break: normal; border: 1px solid black;\">100000<\/td>\n<\/tr>\n<\/tbody>\n<\/table>\n<p>&nbsp;<\/p>\n<h2>MATERIAL STANDARD RECOMENDADO<\/h2>\n<p>Papel Kraft Branco 110\/120GSM<br \/>\nPapel kraft castanho virgem 120GSM<br \/>\nPapel kraft versa reciclado 110\/125GSM<br \/>\nPapel kraft castanho 90\/100\/110\/120GSM PCW<\/p>\n<h2>Carater\u00edsticas<\/h2>\n<ul>\n<li>Pr\u00e1tico de transportar: As pegas ergon\u00f3micas, como as em forma de D, proporcionam uma ader\u00eancia confort\u00e1vel. A liga\u00e7\u00e3o entre a pega e o corpo principal \u00e9 firme, com uma forte capacidade de carga. \u00c9 f\u00e1cil de transportar e \u00e9 pouco prov\u00e1vel que os objectos caiam.<\/li>\n<li>Carater\u00edsticas ecol\u00f3gicas: Feitos de papel recicl\u00e1vel, os sacos podem biodegradar-se no ambiente natural, reduzindo o consumo de recursos e a polui\u00e7\u00e3o ambiental, apoiando o desenvolvimento sustent\u00e1vel.<\/li>\n<li>Personaliza\u00e7\u00e3o diversificada: Suporta a impress\u00e3o desde uma cor at\u00e9 v\u00e1rias cores, com tamanhos e formas personaliz\u00e1veis para satisfazer as necessidades de embalagens personalizadas das empresas, ajudando no desenvolvimento da marca.<\/li>\n<li>Alta praticidade: Adequado para embalar alimentos, presentes e necessidades di\u00e1rias. O fundo e os lados s\u00e3o refor\u00e7ados, com boa capacidade de carga, garantindo a seguran\u00e7a dos objectos durante o transporte e a armazenagem.<\/li>\n<li>Aspeto est\u00e9tico: O design \u00e9 simples e elegante, adequado para v\u00e1rias ocasi\u00f5es. Pode ser decorado com papel de seda colorido, fitas, etc., para aumentar a sua atratividade geral.<\/li>\n<\/ul>\n<h2>GEST\u00c3O DA QUALIDADE<\/h2>\n<p>Como l\u00edder na elabora\u00e7\u00e3o de normas nacionais da ind\u00fastria de sacos de papel, a NanWang est\u00e1 totalmente equipada com o laborat\u00f3rio mais avan\u00e7ado no seu campo e desenvolveu normas internas de CQ. Para manter normas de qualidade rigorosas, os nossos testes de laborat\u00f3rio incluem suavidade, rigidez, espessura e brancura do papel, mat\u00e9rias-primas, produtos em processo e acabados, utilizando equipamento de teste como o Espectrofot\u00f3metro UV, MDS, etc.O nosso sistema de rastreabilidade come\u00e7a desde a inspe\u00e7\u00e3o de entrada at\u00e9 ao produto acabado, o que nos permite rastrear todas as mat\u00e9rias-primas, produtos acabados, m\u00e1quinas, operadores e CQ relacionados em 2 horas.<\/p>\n<h2>FAQ<\/h2>\n<p>Q1: Como \u00e9 que sei que a minha encomenda foi aceite?<br \/>\nR: Enviar-lhe-emos o contrato por correio eletr\u00f3nico e o cliente confirma-o com a assinatura e o dep\u00f3sito.<\/p>\n<p>Q2: Qual \u00e9 o prazo de entrega da minha encomenda?<br \/>\nR: Depende da quantidade, do estilo e das mat\u00e9rias-primas, por favor, informe-me dos detalhes da encomenda, e n\u00f3s inform\u00e1-lo-emos do que fazer.<\/p>\n<p>Q3: Quantas cores \u00e9 poss\u00edvel fazer para <a href=\"https:\/\/www.nanwangpaperbag.com\/pt\/category\/retail-paper-bags\/\"><strong>sacos de papel com al\u00e7as por atacado<\/strong><\/a>?<br \/>\nR: 8 cores.<\/p>\n<p>Q4: O que \u00e9 o Referencial de Qualidade?<br \/>\nR: Igual e igual \u00e0s amostras apresentadas.<\/p>\n<p>Q5: Qual \u00e9 a sua pol\u00edtica de qualidade?<br \/>\nR: Temos um SOP de controlo de qualidade rigoroso, podemos personalizar um manual de qualidade exclusivo para o seu produto, e a f\u00e1brica executa a encomenda de acordo com este manual.<\/p>","protected":false},"excerpt":{"rendered":"<p>Artigo:Saco de papel com asa cortada<br \/>\nTamanho: Personalizado<br \/>\nEstilo:Pega de remendo ;Pega cortada<br \/>\nMaterial: papel kraft virgem<br \/>\nAcabamento: acabamento mate natural<\/p>","protected":false},"featured_media":12282,"comment_status":"open","ping_status":"closed","template":"","meta":{"_et_pb_use_builder":"","_et_pb_old_content":"","_et_gb_content_width":""},"product_cat":[266,261],"product_tag":[274,271],"yoast_head":"<!-- This site is optimized with the Yoast SEO plugin v22.7 - https:\/\/yoast.com\/wordpress\/plugins\/seo\/ -->\n<title>Popular Die Cut Paper Bag - Nanwang Paper Packaging<\/title>\n<meta name=\"description\" content=\"Popular Die Cut Paper Bag - Nanwang Paper Packaging , we supply Luxury Paper Bags, Shopping Paper Bag, Paper Carry Bag, Delivery Bag for you with good price.\" \/>\n<meta name=\"robots\" content=\"index, follow, max-snippet:-1, max-image-preview:large, max-video-preview:-1\" \/>\n<link rel=\"canonical\" href=\"https:\/\/www.nanwangpaperbag.com\/pt\/produto\/saco-de-papel-recortado-popular\/\" \/>\n<meta property=\"og:locale\" content=\"pt_PT\" \/>\n<meta property=\"og:type\" content=\"article\" \/>\n<meta property=\"og:title\" content=\"Popular Die Cut Paper Bag - Nanwang Paper Packaging\" \/>\n<meta property=\"og:description\" content=\"Popular Die Cut Paper Bag - Nanwang Paper Packaging , we supply Luxury Paper Bags, Shopping Paper Bag, Paper Carry Bag, Delivery Bag for you with good price.\" \/>\n<meta property=\"og:url\" content=\"https:\/\/www.nanwangpaperbag.com\/pt\/produto\/saco-de-papel-recortado-popular\/\" \/>\n<meta property=\"og:site_name\" content=\"Nanwang Paper Packaging\" \/>\n<meta property=\"article:publisher\" content=\"https:\/\/www.facebook.com\/NanwangPaperBag\" \/>\n<meta property=\"article:modified_time\" content=\"2025-05-15T02:48:15+00:00\" \/>\n<meta property=\"og:image\" content=\"https:\/\/www.nanwangpaperbag.com\/wp-content\/uploads\/2025\/04\/Popular-Die-Cut-Paper-Bag-1.webp\" \/>\n\t<meta property=\"og:image:width\" content=\"800\" \/>\n\t<meta property=\"og:image:height\" content=\"800\" \/>\n\t<meta property=\"og:image:type\" content=\"image\/webp\" \/>\n<meta name=\"twitter:card\" content=\"summary_large_image\" \/>\n<meta name=\"twitter:site\" content=\"@NanwangPack\" \/>\n<meta name=\"twitter:label1\" content=\"Tempo estimado de leitura\" \/>\n\t<meta name=\"twitter:data1\" content=\"3 minutos\" \/>\n<script type=\"application\/ld+json\" class=\"yoast-schema-graph\">{\"@context\":\"https:\/\/schema.org\",\"@graph\":[{\"@type\":\"WebPage\",\"@id\":\"https:\/\/www.nanwangpaperbag.com\/product\/popular-die-cut-paper-bag\/\",\"url\":\"https:\/\/www.nanwangpaperbag.com\/product\/popular-die-cut-paper-bag\/\",\"name\":\"Popular Die Cut Paper Bag - Nanwang Paper Packaging\",\"isPartOf\":{\"@id\":\"https:\/\/www.nanwangpaperbag.com\/#website\"},\"primaryImageOfPage\":{\"@id\":\"https:\/\/www.nanwangpaperbag.com\/product\/popular-die-cut-paper-bag\/#primaryimage\"},\"image\":{\"@id\":\"https:\/\/www.nanwangpaperbag.com\/product\/popular-die-cut-paper-bag\/#primaryimage\"},\"thumbnailUrl\":\"https:\/\/www.nanwangpaperbag.com\/wp-content\/uploads\/2025\/04\/Popular-Die-Cut-Paper-Bag-1.webp\",\"datePublished\":\"2025-04-16T07:21:24+00:00\",\"dateModified\":\"2025-05-15T02:48:15+00:00\",\"description\":\"Popular Die Cut Paper Bag - Nanwang Paper Packaging , we supply Luxury Paper Bags, Shopping Paper Bag, Paper Carry Bag, Delivery Bag for you with good price.\",\"breadcrumb\":{\"@id\":\"https:\/\/www.nanwangpaperbag.com\/product\/popular-die-cut-paper-bag\/#breadcrumb\"},\"inLanguage\":\"pt-PT\",\"potentialAction\":[{\"@type\":\"ReadAction\",\"target\":[\"https:\/\/www.nanwangpaperbag.com\/product\/popular-die-cut-paper-bag\/\"]}]},{\"@type\":\"ImageObject\",\"inLanguage\":\"pt-PT\",\"@id\":\"https:\/\/www.nanwangpaperbag.com\/product\/popular-die-cut-paper-bag\/#primaryimage\",\"url\":\"https:\/\/www.nanwangpaperbag.com\/wp-content\/uploads\/2025\/04\/Popular-Die-Cut-Paper-Bag-1.webp\",\"contentUrl\":\"https:\/\/www.nanwangpaperbag.com\/wp-content\/uploads\/2025\/04\/Popular-Die-Cut-Paper-Bag-1.webp\",\"width\":800,\"height\":800,\"caption\":\"Popular Die Cut Paper Bag\"},{\"@type\":\"BreadcrumbList\",\"@id\":\"https:\/\/www.nanwangpaperbag.com\/product\/popular-die-cut-paper-bag\/#breadcrumb\",\"itemListElement\":[{\"@type\":\"ListItem\",\"position\":1,\"name\":\"Home\",\"item\":\"https:\/\/www.nanwangpaperbag.com\/\"},{\"@type\":\"ListItem\",\"position\":2,\"name\":\"Productos\",\"item\":\"https:\/\/www.nanwangpaperbag.com\/es\/shop\/\"},{\"@type\":\"ListItem\",\"position\":3,\"name\":\"Popular Die Cut Paper Bag\"}]},{\"@type\":\"WebSite\",\"@id\":\"https:\/\/www.nanwangpaperbag.com\/#website\",\"url\":\"https:\/\/www.nanwangpaperbag.com\/\",\"name\":\"Nanwang Paper Packaging\",\"description\":\"\",\"publisher\":{\"@id\":\"https:\/\/www.nanwangpaperbag.com\/#organization\"},\"potentialAction\":[{\"@type\":\"SearchAction\",\"target\":{\"@type\":\"EntryPoint\",\"urlTemplate\":\"https:\/\/www.nanwangpaperbag.com\/?s={search_term_string}\"},\"query-input\":\"required name=search_term_string\"}],\"inLanguage\":\"pt-PT\"},{\"@type\":\"Organization\",\"@id\":\"https:\/\/www.nanwangpaperbag.com\/#organization\",\"name\":\"Nanwang Pack\",\"url\":\"https:\/\/www.nanwangpaperbag.com\/\",\"logo\":{\"@type\":\"ImageObject\",\"inLanguage\":\"pt-PT\",\"@id\":\"https:\/\/www.nanwangpaperbag.com\/#\/schema\/logo\/image\/\",\"url\":\"https:\/\/www.nanwangpaperbag.com\/wp-content\/uploads\/2025\/03\/logo2.webp\",\"contentUrl\":\"https:\/\/www.nanwangpaperbag.com\/wp-content\/uploads\/2025\/03\/logo2.webp\",\"width\":433,\"height\":407,\"caption\":\"Nanwang Pack\"},\"image\":{\"@id\":\"https:\/\/www.nanwangpaperbag.com\/#\/schema\/logo\/image\/\"},\"sameAs\":[\"https:\/\/www.facebook.com\/NanwangPaperBag\",\"https:\/\/x.com\/NanwangPack\",\"https:\/\/www.linkedin.com\/company\/nanwang-paper-bag\/\",\"https:\/\/www.youtube.com\/@NanwangPaperBag\",\"https:\/\/www.tiktok.com\/@nanwangpaperbag\"]}]}<\/script>\n<!-- \/ Yoast SEO plugin. -->","yoast_head_json":{"title":"Popular Die Cut Paper Bag - Nanwang Paper Packaging","description":"Popular Die Cut Paper Bag - Nanwang Paper Packaging , we supply Luxury Paper Bags, Shopping Paper Bag, Paper Carry Bag, Delivery Bag for you with good price.","robots":{"index":"index","follow":"follow","max-snippet":"max-snippet:-1","max-image-preview":"max-image-preview:large","max-video-preview":"max-video-preview:-1"},"canonical":"https:\/\/www.nanwangpaperbag.com\/pt\/produto\/saco-de-papel-recortado-popular\/","og_locale":"pt_PT","og_type":"article","og_title":"Popular Die Cut Paper Bag - Nanwang Paper Packaging","og_description":"Popular Die Cut Paper Bag - Nanwang Paper Packaging , we supply Luxury Paper Bags, Shopping Paper Bag, Paper Carry Bag, Delivery Bag for you with good price.","og_url":"https:\/\/www.nanwangpaperbag.com\/pt\/produto\/saco-de-papel-recortado-popular\/","og_site_name":"Nanwang Paper Packaging","article_publisher":"https:\/\/www.facebook.com\/NanwangPaperBag","article_modified_time":"2025-05-15T02:48:15+00:00","og_image":[{"width":800,"height":800,"url":"https:\/\/www.nanwangpaperbag.com\/wp-content\/uploads\/2025\/04\/Popular-Die-Cut-Paper-Bag-1.webp","type":"image\/webp"}],"twitter_card":"summary_large_image","twitter_site":"@NanwangPack","twitter_misc":{"Tempo estimado de leitura":"3 minutos"},"schema":{"@context":"https:\/\/schema.org","@graph":[{"@type":"WebPage","@id":"https:\/\/www.nanwangpaperbag.com\/product\/popular-die-cut-paper-bag\/","url":"https:\/\/www.nanwangpaperbag.com\/product\/popular-die-cut-paper-bag\/","name":"Popular Die Cut Paper Bag - Nanwang Paper Packaging","isPartOf":{"@id":"https:\/\/www.nanwangpaperbag.com\/#website"},"primaryImageOfPage":{"@id":"https:\/\/www.nanwangpaperbag.com\/product\/popular-die-cut-paper-bag\/#primaryimage"},"image":{"@id":"https:\/\/www.nanwangpaperbag.com\/product\/popular-die-cut-paper-bag\/#primaryimage"},"thumbnailUrl":"https:\/\/www.nanwangpaperbag.com\/wp-content\/uploads\/2025\/04\/Popular-Die-Cut-Paper-Bag-1.webp","datePublished":"2025-04-16T07:21:24+00:00","dateModified":"2025-05-15T02:48:15+00:00","description":"Popular Die Cut Paper Bag - Nanwang Paper Packaging , we supply Luxury Paper Bags, Shopping Paper Bag, Paper Carry Bag, Delivery Bag for you with good price.","breadcrumb":{"@id":"https:\/\/www.nanwangpaperbag.com\/product\/popular-die-cut-paper-bag\/#breadcrumb"},"inLanguage":"pt-PT","potentialAction":[{"@type":"ReadAction","target":["https:\/\/www.nanwangpaperbag.com\/product\/popular-die-cut-paper-bag\/"]}]},{"@type":"ImageObject","inLanguage":"pt-PT","@id":"https:\/\/www.nanwangpaperbag.com\/product\/popular-die-cut-paper-bag\/#primaryimage","url":"https:\/\/www.nanwangpaperbag.com\/wp-content\/uploads\/2025\/04\/Popular-Die-Cut-Paper-Bag-1.webp","contentUrl":"https:\/\/www.nanwangpaperbag.com\/wp-content\/uploads\/2025\/04\/Popular-Die-Cut-Paper-Bag-1.webp","width":800,"height":800,"caption":"Popular Die Cut Paper Bag"},{"@type":"BreadcrumbList","@id":"https:\/\/www.nanwangpaperbag.com\/product\/popular-die-cut-paper-bag\/#breadcrumb","itemListElement":[{"@type":"ListItem","position":1,"name":"Home","item":"https:\/\/www.nanwangpaperbag.com\/"},{"@type":"ListItem","position":2,"name":"Productos","item":"https:\/\/www.nanwangpaperbag.com\/es\/shop\/"},{"@type":"ListItem","position":3,"name":"Popular Die Cut Paper Bag"}]},{"@type":"WebSite","@id":"https:\/\/www.nanwangpaperbag.com\/#website","url":"https:\/\/www.nanwangpaperbag.com\/","name":"Nanwang Paper Packaging","description":"","publisher":{"@id":"https:\/\/www.nanwangpaperbag.com\/#organization"},"potentialAction":[{"@type":"SearchAction","target":{"@type":"EntryPoint","urlTemplate":"https:\/\/www.nanwangpaperbag.com\/?s={search_term_string}"},"query-input":"required name=search_term_string"}],"inLanguage":"pt-PT"},{"@type":"Organization","@id":"https:\/\/www.nanwangpaperbag.com\/#organization","name":"Nanwang Pack","url":"https:\/\/www.nanwangpaperbag.com\/","logo":{"@type":"ImageObject","inLanguage":"pt-PT","@id":"https:\/\/www.nanwangpaperbag.com\/#\/schema\/logo\/image\/","url":"https:\/\/www.nanwangpaperbag.com\/wp-content\/uploads\/2025\/03\/logo2.webp","contentUrl":"https:\/\/www.nanwangpaperbag.com\/wp-content\/uploads\/2025\/03\/logo2.webp","width":433,"height":407,"caption":"Nanwang Pack"},"image":{"@id":"https:\/\/www.nanwangpaperbag.com\/#\/schema\/logo\/image\/"},"sameAs":["https:\/\/www.facebook.com\/NanwangPaperBag","https:\/\/x.com\/NanwangPack","https:\/\/www.linkedin.com\/company\/nanwang-paper-bag\/","https:\/\/www.youtube.com\/@NanwangPaperBag","https:\/\/www.tiktok.com\/@nanwangpaperbag"]}]}},"_links":{"self":[{"href":"https:\/\/www.nanwangpaperbag.com\/pt\/wp-json\/wp\/v2\/product\/12272"}],"collection":[{"href":"https:\/\/www.nanwangpaperbag.com\/pt\/wp-json\/wp\/v2\/product"}],"about":[{"href":"https:\/\/www.nanwangpaperbag.com\/pt\/wp-json\/wp\/v2\/types\/product"}],"replies":[{"embeddable":true,"href":"https:\/\/www.nanwangpaperbag.com\/pt\/wp-json\/wp\/v2\/comments?post=12272"}],"wp:featuredmedia":[{"embeddable":true,"href":"https:\/\/www.nanwangpaperbag.com\/pt\/wp-json\/wp\/v2\/media\/12282"}],"wp:attachment":[{"href":"https:\/\/www.nanwangpaperbag.com\/pt\/wp-json\/wp\/v2\/media?parent=12272"}],"wp:term":[{"taxonomy":"product_cat","embeddable":true,"href":"https:\/\/www.nanwangpaperbag.com\/pt\/wp-json\/wp\/v2\/product_cat?post=12272"},{"taxonomy":"product_tag","embeddable":true,"href":"https:\/\/www.nanwangpaperbag.com\/pt\/wp-json\/wp\/v2\/product_tag?post=12272"}],"curies":[{"name":"wp","href":"https:\/\/api.w.org\/{rel}","templated":true}]}}