{"id":12314,"date":"2025-04-16T08:38:07","date_gmt":"2025-04-16T08:38:07","guid":{"rendered":"https:\/\/www.nanwangpaperbag.com\/?post_type=product&#038;p=12314"},"modified":"2025-04-16T09:07:45","modified_gmt":"2025-04-16T09:07:45","slug":"tin-tie-paper-bags-for-food-package","status":"publish","type":"product","link":"https:\/\/www.nanwangpaperbag.com\/pt\/produto\/sacos-de-papel-para-embalagem-de-alimentos\/","title":{"rendered":"Sacos de papel para embalagem de alimentos"},"content":{"rendered":"<p>Os sacos de papel para embalagem de alimentos da Nanwang oferecem uma solu\u00e7\u00e3o de embalagem r\u00e1pida e sem complica\u00e7\u00f5es para restaurantes de comida r\u00e1pida. As nossas m\u00e1quinas de sacos de papel de \u00faltima gera\u00e7\u00e3o, importadas dos E.U.A., est\u00e3o entre as mais avan\u00e7adas do mundo. Estas m\u00e1quinas permitem a produ\u00e7\u00e3o de sacos numa gama diversificada de tamanhos. Os <a href=\"https:\/\/www.nanwangpaperbag.com\/pt\/category\/food-grade-paper-bag\/sos-bags\/\"><strong>Sacos SOS<\/strong><\/a> A embalagem tem um aspeto atrativo e pode ser impressa at\u00e9 7 cores. Opcionalmente, pode ser aberta com uma janela, o que permite aos clientes ver os alimentos no interior do saco; opcionalmente, pode ser selada com arame, o que garante que os alimentos s\u00e3o frescos e saud\u00e1veis. Ado\u00e7\u00e3o de polpa pura de vaca branca de qualidade alimentar e papel kraft amarelo, que pode ser reciclado e reutilizado para proteger eficazmente o ambiente; utilizando tinta de qualidade alimentar, os clientes podem utiliz\u00e1-la de forma segura e protegida.<\/p>\n<p><img loading=\"lazy\" decoding=\"async\" class=\"wp-image-12329 aligncenter\" data-src=\"https:\/\/www.nanwangpaperbag.com\/wp-content\/uploads\/2025\/04\/Tin-Tie-Paper-Bags-For-Food-Package-3.webp\" alt=\"Sacos de papel para embalagem de alimentos\" width=\"405\" height=\"405\" \/><\/p>\n<h2>Tamanhos padr\u00e3o NanWang<\/h2>\n<table class=\"tg\" style=\"border-collapse: collapse; border-spacing: 0;\">\n<thead>\n<tr>\n<th style=\"font-family: Arial, sans-serif; font-size: 14px; font-weight: normal; overflow: hidden; padding: 10px 5px; text-align: center; vertical-align: top; word-break: normal; border: 1px solid black;\">C\u00f3digo Ltem<\/th>\n<th style=\"font-family: Arial, sans-serif; font-size: 14px; font-weight: normal; overflow: hidden; padding: 10px 5px; text-align: center; vertical-align: top; word-break: normal; border: 1px solid black;\">Dimens\u00f5es do saco (mm)<br \/>\n( Largura x Altura x Refor\u00e7o )<\/th>\n<th style=\"font-family: Arial, sans-serif; font-size: 14px; font-weight: normal; overflow: hidden; padding: 10px 5px; text-align: center; vertical-align: top; word-break: normal; border: 1px solid black;\">Dimens\u00f5es do saco (polegadas)<br \/>\n( Largura x Altura x Refor\u00e7o )<\/th>\n<th style=\"font-family: Arial, sans-serif; font-size: 14px; font-weight: normal; overflow: hidden; padding: 10px 5px; text-align: center; vertical-align: top; word-break: normal; border: 1px solid black;\">Embalagem de caixa<br \/>\n(pcs\/ ctn)<\/th>\n<th style=\"font-family: Arial, sans-serif; font-size: 14px; font-weight: normal; overflow: hidden; padding: 10px 5px; text-align: center; vertical-align: top; word-break: normal; border: 1px solid black;\">Liso MOQ<br \/>\n(unidades)<\/th>\n<th style=\"font-family: Arial, sans-serif; font-size: 14px; font-weight: normal; overflow: hidden; padding: 10px 5px; text-align: center; vertical-align: top; word-break: normal; border: 1px solid black;\">Impresso MOQ<br \/>\n(unidades)<\/th>\n<\/tr>\n<\/thead>\n<tbody>\n<tr>\n<td style=\"font-family: Arial, sans-serif; font-size: 14px; overflow: hidden; padding: 10px 5px; text-align: center; vertical-align: top; word-break: normal; border: 1px solid black;\">NWC4<\/td>\n<td style=\"font-family: Arial, sans-serif; font-size: 14px; overflow: hidden; padding: 10px 5px; text-align: center; vertical-align: top; word-break: normal; border: 1px solid black;\">127X240X79mm<\/td>\n<td style=\"font-family: Arial, sans-serif; font-size: 14px; overflow: hidden; padding: 10px 5px; text-align: center; vertical-align: top; word-break: normal; border: 1px solid black;\">5\u2033x9,75\u2033x3\u2033<\/td>\n<td style=\"font-family: Arial, sans-serif; font-size: 14px; overflow: hidden; padding: 10px 5px; text-align: center; vertical-align: top; word-break: normal; border: 1px solid black;\">500<\/td>\n<td style=\"font-family: Arial, sans-serif; font-size: 14px; overflow: hidden; padding: 10px 5px; text-align: center; vertical-align: top; word-break: normal; border: 1px solid black;\">50000<\/td>\n<td style=\"font-family: Arial, sans-serif; font-size: 14px; overflow: hidden; padding: 10px 5px; text-align: center; vertical-align: top; word-break: normal; border: 1px solid black;\">100000<\/td>\n<\/tr>\n<tr>\n<td style=\"font-family: Arial, sans-serif; font-size: 14px; overflow: hidden; padding: 10px 5px; text-align: center; vertical-align: top; word-break: normal; border: 1px solid black;\">NWC6<\/td>\n<td style=\"font-family: Arial, sans-serif; font-size: 14px; overflow: hidden; padding: 10px 5px; text-align: center; vertical-align: top; word-break: normal; border: 1px solid black;\">152x281x92mm<\/td>\n<td style=\"font-family: Arial, sans-serif; font-size: 14px; overflow: hidden; padding: 10px 5px; text-align: center; vertical-align: top; word-break: normal; border: 1px solid black;\">6\u2033x11\u2033x3,5\u2033<\/td>\n<td style=\"font-family: Arial, sans-serif; font-size: 14px; overflow: hidden; padding: 10px 5px; text-align: center; vertical-align: top; word-break: normal; border: 1px solid black;\">500<\/td>\n<td style=\"font-family: Arial, sans-serif; font-size: 14px; overflow: hidden; padding: 10px 5px; text-align: center; vertical-align: top; word-break: normal; border: 1px solid black;\">50000<\/td>\n<td style=\"font-family: Arial, sans-serif; font-size: 14px; overflow: hidden; padding: 10px 5px; text-align: center; vertical-align: top; word-break: normal; border: 1px solid black;\">100000<\/td>\n<\/tr>\n<tr>\n<td style=\"font-family: Arial, sans-serif; font-size: 14px; overflow: hidden; padding: 10px 5px; text-align: center; vertical-align: top; word-break: normal; border: 1px solid black;\">NWC8<\/td>\n<td style=\"font-family: Arial, sans-serif; font-size: 14px; overflow: hidden; padding: 10px 5px; text-align: center; vertical-align: top; word-break: normal; border: 1px solid black;\">156x316x106mm<\/td>\n<td style=\"font-family: Arial, sans-serif; font-size: 14px; overflow: hidden; padding: 10px 5px; text-align: center; vertical-align: top; word-break: normal; border: 1px solid black;\">6\u2033x12,5\u2033x4\u2033<\/td>\n<td style=\"font-family: Arial, sans-serif; font-size: 14px; overflow: hidden; padding: 10px 5px; text-align: center; vertical-align: top; word-break: normal; border: 1px solid black;\">500<\/td>\n<td style=\"font-family: Arial, sans-serif; font-size: 14px; overflow: hidden; padding: 10px 5px; text-align: center; vertical-align: top; word-break: normal; border: 1px solid black;\">50000<\/td>\n<td style=\"font-family: Arial, sans-serif; font-size: 14px; overflow: hidden; padding: 10px 5px; text-align: center; vertical-align: top; word-break: normal; border: 1px solid black;\">100000<\/td>\n<\/tr>\n<tr>\n<td style=\"font-family: Arial, sans-serif; font-size: 14px; overflow: hidden; padding: 10px 5px; text-align: center; vertical-align: top; word-break: normal; border: 1px solid black;\">NWC10<\/td>\n<td style=\"font-family: Arial, sans-serif; font-size: 14px; overflow: hidden; padding: 10px 5px; text-align: center; vertical-align: top; word-break: normal; border: 1px solid black;\">160x340x106mm<\/td>\n<td style=\"font-family: Arial, sans-serif; font-size: 14px; overflow: hidden; padding: 10px 5px; text-align: center; vertical-align: top; word-break: normal; border: 1px solid black;\">6\u2033x13,5\u2033x4\u2033<\/td>\n<td style=\"font-family: Arial, sans-serif; font-size: 14px; overflow: hidden; padding: 10px 5px; text-align: center; vertical-align: top; word-break: normal; border: 1px solid black;\">500<\/td>\n<td style=\"font-family: Arial, sans-serif; font-size: 14px; overflow: hidden; padding: 10px 5px; text-align: center; vertical-align: top; word-break: normal; border: 1px solid black;\">50000<\/td>\n<td style=\"font-family: Arial, sans-serif; font-size: 14px; overflow: hidden; padding: 10px 5px; text-align: center; vertical-align: top; word-break: normal; border: 1px solid black;\">100000<\/td>\n<\/tr>\n<tr>\n<td style=\"font-family: Arial, sans-serif; font-size: 14px; overflow: hidden; padding: 10px 5px; text-align: center; vertical-align: top; word-break: normal; border: 1px solid black;\">NWC12<\/td>\n<td style=\"font-family: Arial, sans-serif; font-size: 14px; overflow: hidden; padding: 10px 5px; text-align: center; vertical-align: top; word-break: normal; border: 1px solid black;\">179x349x114mm<\/td>\n<td style=\"font-family: Arial, sans-serif; font-size: 14px; overflow: hidden; padding: 10px 5px; text-align: center; vertical-align: top; word-break: normal; border: 1px solid black;\">7\u2033x13,75\u2033x4,5\u2033<\/td>\n<td style=\"font-family: Arial, sans-serif; font-size: 14px; overflow: hidden; padding: 10px 5px; text-align: center; vertical-align: top; word-break: normal; border: 1px solid black;\">500<\/td>\n<td style=\"font-family: Arial, sans-serif; font-size: 14px; overflow: hidden; padding: 10px 5px; text-align: center; vertical-align: top; word-break: normal; border: 1px solid black;\">50000<\/td>\n<td style=\"font-family: Arial, sans-serif; font-size: 14px; overflow: hidden; padding: 10px 5px; text-align: center; vertical-align: top; word-break: normal; border: 1px solid black;\">100000<\/td>\n<\/tr>\n<\/tbody>\n<\/table>\n<p>&nbsp;<\/p>\n<h2>MATERIAL STANDARD RECOMENDADO<\/h2>\n<p>Papel kraft castanho de qualidade alimentar 30\/40\/50GSM<br \/>\n\u00c0 prova de gordura\/ revestido no interior<br \/>\nPapel kraft castanho reciclado 60-90GSM<\/p>\n<h2>Carater\u00edsticas<\/h2>\n<p>1. Coberto com pel\u00edcula de qualidade alimentar, \u00e0 prova de \u00e1gua e de \u00f3leo.<br \/>\n2. A veda\u00e7\u00e3o de arame \u00e9 c\u00f3moda de utilizar e pode ser reutilizada.<br \/>\n3. Material amigo do ambiente.<br \/>\n4. Tamanho e design personaliz\u00e1veis.<br \/>\n5. Impress\u00e3o flexogr\u00e1fica at\u00e9 7 cores.<br \/>\n6. Com a janela OPP de desvio, permite a visualiza\u00e7\u00e3o clara do conte\u00fado.<\/p>\n<h2>Mais pormenores<\/h2>\n<p>1. Sem p\u00f3<br \/>\nFabricado numa oficina de fabrico especial sem p\u00f3 para sacos de papel de padaria de qualidade superior.<\/p>\n<p>2. Processo<br \/>\nUtilizando cola importada no fundo, os nossos sacos de padaria com janela s\u00e3o resistentes e duradouros.<\/p>\n<p>3. Especifica\u00e7\u00f5es<br \/>\nEmbalagem: 50 unidades por pacote<\/p>\n<p>4. Cor<br \/>\nO exterior castanho liso \u00e9 perfeito para colorir e suficientemente simples para decorar para QUALQUER ocasi\u00e3o.<\/p>\n<h2>O nosso servi\u00e7o<\/h2>\n<p>A nossa equipa de I&amp;D, apoiada por um investimento anual superior a 30 milh\u00f5es de RMB, desenvolveu 14 tecnologias de base l\u00edderes da ind\u00fastria para sacos de papel por grosso, incluindo o design de sacos em U com dobra interna, fixa\u00e7\u00e3o autom\u00e1tica da pega e revestimentos anti-penetra\u00e7\u00e3o. Com 84 patentes nacionais (8 patentes de inven\u00e7\u00e3o) e 5 patentes internacionais no sector do <a href=\"https:\/\/www.nanwangpaperbag.com\/pt\/category\/food-grade-paper-bag\/\"><strong>saco de papel por atacado<\/strong><\/a> O nosso laborat\u00f3rio de \u00faltima gera\u00e7\u00e3o integra testes de materiais, an\u00e1lise de dados e inova\u00e7\u00e3o ecol\u00f3gica para a produ\u00e7\u00e3o de sacos de papel.<\/p>","protected":false},"excerpt":{"rendered":"<p>Sacos de mercearia Tamanho: 2#, 4#, 6#, 8#, 10#, 12#, 16#, 20#, 25#<br \/>\nPapel: papel kraft reciclado, papel branco, etc.<br \/>\nEspessura: 40gsm - 140gsm<br \/>\nDescri\u00e7\u00e3o: sacos de papel para p\u00e3o com janela; sacos de papel com janela<br \/>\nTamanho: personaliz\u00e1vel.<br \/>\nImpress\u00e3o: personaliz\u00e1vel.<br \/>\nMaterial de papel: papel kraft castanho\/branco de qualidade alimentar.<\/p>","protected":false},"featured_media":12330,"comment_status":"open","ping_status":"closed","template":"","meta":{"_et_pb_use_builder":"","_et_pb_old_content":"","_et_gb_content_width":""},"product_cat":[280,281],"product_tag":[333,305],"yoast_head":"<!-- This site is optimized with the Yoast SEO plugin v22.7 - https:\/\/yoast.com\/wordpress\/plugins\/seo\/ -->\n<title>Tin Tie Paper Bags For Food Package - Nanwang Paper Packaging<\/title>\n<meta name=\"description\" content=\"Tin Tie Paper Bags For Food Package - Nanwang Paper Packaging , we supply Luxury Paper Bags, Shopping Paper Bag, Paper Carry Bag, Delivery Bag for you with good price.\" \/>\n<meta name=\"robots\" content=\"index, follow, max-snippet:-1, max-image-preview:large, max-video-preview:-1\" \/>\n<link rel=\"canonical\" href=\"https:\/\/www.nanwangpaperbag.com\/pt\/produto\/sacos-de-papel-para-embalagem-de-alimentos\/\" \/>\n<meta property=\"og:locale\" content=\"pt_PT\" \/>\n<meta property=\"og:type\" content=\"article\" \/>\n<meta property=\"og:title\" content=\"Tin Tie Paper Bags For Food Package - Nanwang Paper Packaging\" \/>\n<meta property=\"og:description\" content=\"Tin Tie Paper Bags For Food Package - Nanwang Paper Packaging , we supply Luxury Paper Bags, Shopping Paper Bag, Paper Carry Bag, Delivery Bag for you with good price.\" \/>\n<meta property=\"og:url\" content=\"https:\/\/www.nanwangpaperbag.com\/pt\/produto\/sacos-de-papel-para-embalagem-de-alimentos\/\" \/>\n<meta property=\"og:site_name\" content=\"Nanwang Paper Packaging\" \/>\n<meta property=\"article:publisher\" content=\"https:\/\/www.facebook.com\/NanwangPaperBag\" \/>\n<meta property=\"article:modified_time\" content=\"2025-04-16T09:07:45+00:00\" \/>\n<meta property=\"og:image\" content=\"https:\/\/www.nanwangpaperbag.com\/wp-content\/uploads\/2025\/04\/Tin-Tie-Paper-Bags-For-Food-Package-1.webp\" \/>\n\t<meta property=\"og:image:width\" content=\"800\" \/>\n\t<meta property=\"og:image:height\" content=\"800\" \/>\n\t<meta property=\"og:image:type\" content=\"image\/webp\" \/>\n<meta name=\"twitter:card\" content=\"summary_large_image\" \/>\n<meta name=\"twitter:site\" content=\"@NanwangPack\" \/>\n<meta name=\"twitter:label1\" content=\"Tempo estimado de leitura\" \/>\n\t<meta name=\"twitter:data1\" content=\"3 minutos\" \/>\n<script type=\"application\/ld+json\" class=\"yoast-schema-graph\">{\"@context\":\"https:\/\/schema.org\",\"@graph\":[{\"@type\":\"WebPage\",\"@id\":\"https:\/\/www.nanwangpaperbag.com\/product\/tin-tie-paper-bags-for-food-package\/\",\"url\":\"https:\/\/www.nanwangpaperbag.com\/product\/tin-tie-paper-bags-for-food-package\/\",\"name\":\"Tin Tie Paper Bags For Food Package - Nanwang Paper Packaging\",\"isPartOf\":{\"@id\":\"https:\/\/www.nanwangpaperbag.com\/#website\"},\"primaryImageOfPage\":{\"@id\":\"https:\/\/www.nanwangpaperbag.com\/product\/tin-tie-paper-bags-for-food-package\/#primaryimage\"},\"image\":{\"@id\":\"https:\/\/www.nanwangpaperbag.com\/product\/tin-tie-paper-bags-for-food-package\/#primaryimage\"},\"thumbnailUrl\":\"https:\/\/www.nanwangpaperbag.com\/wp-content\/uploads\/2025\/04\/Tin-Tie-Paper-Bags-For-Food-Package-1.webp\",\"datePublished\":\"2025-04-16T08:38:07+00:00\",\"dateModified\":\"2025-04-16T09:07:45+00:00\",\"description\":\"Tin Tie Paper Bags For Food Package - Nanwang Paper Packaging , we supply Luxury Paper Bags, Shopping Paper Bag, Paper Carry Bag, Delivery Bag for you with good price.\",\"breadcrumb\":{\"@id\":\"https:\/\/www.nanwangpaperbag.com\/product\/tin-tie-paper-bags-for-food-package\/#breadcrumb\"},\"inLanguage\":\"pt-PT\",\"potentialAction\":[{\"@type\":\"ReadAction\",\"target\":[\"https:\/\/www.nanwangpaperbag.com\/product\/tin-tie-paper-bags-for-food-package\/\"]}]},{\"@type\":\"ImageObject\",\"inLanguage\":\"pt-PT\",\"@id\":\"https:\/\/www.nanwangpaperbag.com\/product\/tin-tie-paper-bags-for-food-package\/#primaryimage\",\"url\":\"https:\/\/www.nanwangpaperbag.com\/wp-content\/uploads\/2025\/04\/Tin-Tie-Paper-Bags-For-Food-Package-1.webp\",\"contentUrl\":\"https:\/\/www.nanwangpaperbag.com\/wp-content\/uploads\/2025\/04\/Tin-Tie-Paper-Bags-For-Food-Package-1.webp\",\"width\":800,\"height\":800,\"caption\":\"Tin Tie Paper Bags For Food Package\"},{\"@type\":\"BreadcrumbList\",\"@id\":\"https:\/\/www.nanwangpaperbag.com\/product\/tin-tie-paper-bags-for-food-package\/#breadcrumb\",\"itemListElement\":[{\"@type\":\"ListItem\",\"position\":1,\"name\":\"Home\",\"item\":\"https:\/\/www.nanwangpaperbag.com\/\"},{\"@type\":\"ListItem\",\"position\":2,\"name\":\"Productos\",\"item\":\"https:\/\/www.nanwangpaperbag.com\/es\/shop\/\"},{\"@type\":\"ListItem\",\"position\":3,\"name\":\"Tin Tie Paper Bags For Food Package\"}]},{\"@type\":\"WebSite\",\"@id\":\"https:\/\/www.nanwangpaperbag.com\/#website\",\"url\":\"https:\/\/www.nanwangpaperbag.com\/\",\"name\":\"Nanwang Paper Packaging\",\"description\":\"\",\"publisher\":{\"@id\":\"https:\/\/www.nanwangpaperbag.com\/#organization\"},\"potentialAction\":[{\"@type\":\"SearchAction\",\"target\":{\"@type\":\"EntryPoint\",\"urlTemplate\":\"https:\/\/www.nanwangpaperbag.com\/?s={search_term_string}\"},\"query-input\":\"required name=search_term_string\"}],\"inLanguage\":\"pt-PT\"},{\"@type\":\"Organization\",\"@id\":\"https:\/\/www.nanwangpaperbag.com\/#organization\",\"name\":\"Nanwang Pack\",\"url\":\"https:\/\/www.nanwangpaperbag.com\/\",\"logo\":{\"@type\":\"ImageObject\",\"inLanguage\":\"pt-PT\",\"@id\":\"https:\/\/www.nanwangpaperbag.com\/#\/schema\/logo\/image\/\",\"url\":\"https:\/\/www.nanwangpaperbag.com\/wp-content\/uploads\/2025\/03\/logo2.webp\",\"contentUrl\":\"https:\/\/www.nanwangpaperbag.com\/wp-content\/uploads\/2025\/03\/logo2.webp\",\"width\":433,\"height\":407,\"caption\":\"Nanwang Pack\"},\"image\":{\"@id\":\"https:\/\/www.nanwangpaperbag.com\/#\/schema\/logo\/image\/\"},\"sameAs\":[\"https:\/\/www.facebook.com\/NanwangPaperBag\",\"https:\/\/x.com\/NanwangPack\",\"https:\/\/www.linkedin.com\/company\/nanwang-paper-bag\/\",\"https:\/\/www.youtube.com\/@NanwangPaperBag\",\"https:\/\/www.tiktok.com\/@nanwangpaperbag\"]}]}<\/script>\n<!-- \/ Yoast SEO plugin. -->","yoast_head_json":{"title":"Tin Tie Paper Bags For Food Package - Nanwang Paper Packaging","description":"Tin Tie Paper Bags For Food Package - Nanwang Paper Packaging , we supply Luxury Paper Bags, Shopping Paper Bag, Paper Carry Bag, Delivery Bag for you with good price.","robots":{"index":"index","follow":"follow","max-snippet":"max-snippet:-1","max-image-preview":"max-image-preview:large","max-video-preview":"max-video-preview:-1"},"canonical":"https:\/\/www.nanwangpaperbag.com\/pt\/produto\/sacos-de-papel-para-embalagem-de-alimentos\/","og_locale":"pt_PT","og_type":"article","og_title":"Tin Tie Paper Bags For Food Package - Nanwang Paper Packaging","og_description":"Tin Tie Paper Bags For Food Package - Nanwang Paper Packaging , we supply Luxury Paper Bags, Shopping Paper Bag, Paper Carry Bag, Delivery Bag for you with good price.","og_url":"https:\/\/www.nanwangpaperbag.com\/pt\/produto\/sacos-de-papel-para-embalagem-de-alimentos\/","og_site_name":"Nanwang Paper Packaging","article_publisher":"https:\/\/www.facebook.com\/NanwangPaperBag","article_modified_time":"2025-04-16T09:07:45+00:00","og_image":[{"width":800,"height":800,"url":"https:\/\/www.nanwangpaperbag.com\/wp-content\/uploads\/2025\/04\/Tin-Tie-Paper-Bags-For-Food-Package-1.webp","type":"image\/webp"}],"twitter_card":"summary_large_image","twitter_site":"@NanwangPack","twitter_misc":{"Tempo estimado de leitura":"3 minutos"},"schema":{"@context":"https:\/\/schema.org","@graph":[{"@type":"WebPage","@id":"https:\/\/www.nanwangpaperbag.com\/product\/tin-tie-paper-bags-for-food-package\/","url":"https:\/\/www.nanwangpaperbag.com\/product\/tin-tie-paper-bags-for-food-package\/","name":"Tin Tie Paper Bags For Food Package - Nanwang Paper Packaging","isPartOf":{"@id":"https:\/\/www.nanwangpaperbag.com\/#website"},"primaryImageOfPage":{"@id":"https:\/\/www.nanwangpaperbag.com\/product\/tin-tie-paper-bags-for-food-package\/#primaryimage"},"image":{"@id":"https:\/\/www.nanwangpaperbag.com\/product\/tin-tie-paper-bags-for-food-package\/#primaryimage"},"thumbnailUrl":"https:\/\/www.nanwangpaperbag.com\/wp-content\/uploads\/2025\/04\/Tin-Tie-Paper-Bags-For-Food-Package-1.webp","datePublished":"2025-04-16T08:38:07+00:00","dateModified":"2025-04-16T09:07:45+00:00","description":"Tin Tie Paper Bags For Food Package - Nanwang Paper Packaging , we supply Luxury Paper Bags, Shopping Paper Bag, Paper Carry Bag, Delivery Bag for you with good price.","breadcrumb":{"@id":"https:\/\/www.nanwangpaperbag.com\/product\/tin-tie-paper-bags-for-food-package\/#breadcrumb"},"inLanguage":"pt-PT","potentialAction":[{"@type":"ReadAction","target":["https:\/\/www.nanwangpaperbag.com\/product\/tin-tie-paper-bags-for-food-package\/"]}]},{"@type":"ImageObject","inLanguage":"pt-PT","@id":"https:\/\/www.nanwangpaperbag.com\/product\/tin-tie-paper-bags-for-food-package\/#primaryimage","url":"https:\/\/www.nanwangpaperbag.com\/wp-content\/uploads\/2025\/04\/Tin-Tie-Paper-Bags-For-Food-Package-1.webp","contentUrl":"https:\/\/www.nanwangpaperbag.com\/wp-content\/uploads\/2025\/04\/Tin-Tie-Paper-Bags-For-Food-Package-1.webp","width":800,"height":800,"caption":"Tin Tie Paper Bags For Food Package"},{"@type":"BreadcrumbList","@id":"https:\/\/www.nanwangpaperbag.com\/product\/tin-tie-paper-bags-for-food-package\/#breadcrumb","itemListElement":[{"@type":"ListItem","position":1,"name":"Home","item":"https:\/\/www.nanwangpaperbag.com\/"},{"@type":"ListItem","position":2,"name":"Productos","item":"https:\/\/www.nanwangpaperbag.com\/es\/shop\/"},{"@type":"ListItem","position":3,"name":"Tin Tie Paper Bags For Food Package"}]},{"@type":"WebSite","@id":"https:\/\/www.nanwangpaperbag.com\/#website","url":"https:\/\/www.nanwangpaperbag.com\/","name":"Nanwang Paper Packaging","description":"","publisher":{"@id":"https:\/\/www.nanwangpaperbag.com\/#organization"},"potentialAction":[{"@type":"SearchAction","target":{"@type":"EntryPoint","urlTemplate":"https:\/\/www.nanwangpaperbag.com\/?s={search_term_string}"},"query-input":"required name=search_term_string"}],"inLanguage":"pt-PT"},{"@type":"Organization","@id":"https:\/\/www.nanwangpaperbag.com\/#organization","name":"Nanwang Pack","url":"https:\/\/www.nanwangpaperbag.com\/","logo":{"@type":"ImageObject","inLanguage":"pt-PT","@id":"https:\/\/www.nanwangpaperbag.com\/#\/schema\/logo\/image\/","url":"https:\/\/www.nanwangpaperbag.com\/wp-content\/uploads\/2025\/03\/logo2.webp","contentUrl":"https:\/\/www.nanwangpaperbag.com\/wp-content\/uploads\/2025\/03\/logo2.webp","width":433,"height":407,"caption":"Nanwang Pack"},"image":{"@id":"https:\/\/www.nanwangpaperbag.com\/#\/schema\/logo\/image\/"},"sameAs":["https:\/\/www.facebook.com\/NanwangPaperBag","https:\/\/x.com\/NanwangPack","https:\/\/www.linkedin.com\/company\/nanwang-paper-bag\/","https:\/\/www.youtube.com\/@NanwangPaperBag","https:\/\/www.tiktok.com\/@nanwangpaperbag"]}]}},"_links":{"self":[{"href":"https:\/\/www.nanwangpaperbag.com\/pt\/wp-json\/wp\/v2\/product\/12314"}],"collection":[{"href":"https:\/\/www.nanwangpaperbag.com\/pt\/wp-json\/wp\/v2\/product"}],"about":[{"href":"https:\/\/www.nanwangpaperbag.com\/pt\/wp-json\/wp\/v2\/types\/product"}],"replies":[{"embeddable":true,"href":"https:\/\/www.nanwangpaperbag.com\/pt\/wp-json\/wp\/v2\/comments?post=12314"}],"wp:featuredmedia":[{"embeddable":true,"href":"https:\/\/www.nanwangpaperbag.com\/pt\/wp-json\/wp\/v2\/media\/12330"}],"wp:attachment":[{"href":"https:\/\/www.nanwangpaperbag.com\/pt\/wp-json\/wp\/v2\/media?parent=12314"}],"wp:term":[{"taxonomy":"product_cat","embeddable":true,"href":"https:\/\/www.nanwangpaperbag.com\/pt\/wp-json\/wp\/v2\/product_cat?post=12314"},{"taxonomy":"product_tag","embeddable":true,"href":"https:\/\/www.nanwangpaperbag.com\/pt\/wp-json\/wp\/v2\/product_tag?post=12314"}],"curies":[{"name":"wp","href":"https:\/\/api.w.org\/{rel}","templated":true}]}}