{"id":12359,"date":"2025-04-16T09:48:03","date_gmt":"2025-04-16T09:48:03","guid":{"rendered":"https:\/\/www.nanwangpaperbag.com\/?post_type=product&#038;p=12359"},"modified":"2025-05-14T06:48:48","modified_gmt":"2025-05-14T06:48:48","slug":"eco-friendly-paper-straw","status":"publish","type":"product","link":"https:\/\/www.nanwangpaperbag.com\/pt\/produto\/eco-friendly-paper-straw\/","title":{"rendered":"Palha de papel ecol\u00f3gica"},"content":{"rendered":"<p><a href=\"https:\/\/www.nanwangpaperbag.com\/pt\/produto\/eco-friendly-paper-straw\/\"><strong>Palha de papel ecol\u00f3gica<\/strong><\/a> \u00e9 feito de papel kraft, que \u00e9 amigo do ambiente, descart\u00e1vel, recicl\u00e1vel e biodegrad\u00e1vel. \u00c9 melhor para o nosso ambiente do que o pl\u00e1stico. Resiste a altas temperaturas e mant\u00e9m-se durante muito tempo na bebida. Por isso, \u00e9 adequada para bebidas quentes. A palhinha de papel \u00e9 muito utilizada em bares, restaurantes, festas, casamentos, anivers\u00e1rios, churrascos no quintal, piqueniques.<\/p>\n<p><img loading=\"lazy\" decoding=\"async\" class=\"wp-image-12369 aligncenter\" data-src=\"https:\/\/www.nanwangpaperbag.com\/wp-content\/uploads\/2025\/04\/Paper-Straw_1.webp\" alt=\"Palha de papel ecol\u00f3gica\" width=\"437\" height=\"314\" \/><\/p>\n<h2>MATERIAL STANDARD RECOMENDADO<\/h2>\n<ul>\n<li>O di\u00e2metro \u00e9 de 6 mm a 12 mm.<\/li>\n<li>O comprimento \u00e9 de 120mm a 240mm.<\/li>\n<\/ul>\n<h2>Carater\u00edsticas<\/h2>\n<p>\u25cfDispon\u00edvel<br \/>\nImpress\u00e3o simples \/ personalizada<br \/>\n\u25cf Amigo do calor<\/p>\n<h2>Porqu\u00ea escolher-nos?<\/h2>\n<p>Como uma empresa de alta tecnologia, a NanWang tem muitos especialistas t\u00e9cnicos experientes em impress\u00e3o e fabrica\u00e7\u00e3o de sacos e estabeleceu uma equipe profissional de P&amp;D para se concentrar no desenvolvimento de novos produtos e inova\u00e7\u00e3o em <a href=\"https:\/\/www.nanwangpaperbag.com\/pt\/category\/food-service-disposables\/\"><strong>produtos alimentares descart\u00e1veis<\/strong><\/a> e embalagens a granel. As mat\u00e9rias-primas, os produtos semi-acabados e os produtos acabados - incluindo os produtos descart\u00e1veis para servi\u00e7os alimentares - est\u00e3o equipados com um laborat\u00f3rio profissional e equipamento de inspe\u00e7\u00e3o moderno para garantir o cumprimento de normas de alta qualidade.<\/p>\n<h2>FAQ<\/h2>\n<p>Q1. Como \u00e9 que podemos evitar atrasos?<br \/>\nR: Esperamos que nos possa dar uma previs\u00e3o e preparar os materiais em primeiro lugar para garantir a entrega.<\/p>\n<p>Q2: Em que \u00e9 que a NANWANG \u00e9 boa?<br \/>\nR: Embalagens de papel, especialmente sacos de compras.<\/p>\n<p>Q3: Quais s\u00e3o os vossos principais produtos?<br \/>\nR: Saco de papel para compras, saco de papel para embalagem de alimentos, caixa de embalagem de alimentos e copos de papel.<\/p>\n<p>Q4. Qual \u00e9 o melhor pre\u00e7o que oferece?<br \/>\nR: O pre\u00e7o depende do material, da quantidade, do desenho e do log\u00f3tipo. Pode dizer-nos mais pormenores para que possamos indicar-lhe o pre\u00e7o, mas garantimos que lhe podemos dar o melhor pre\u00e7o e a melhor qualidade.<\/p>\n<p>Q5:Pode ajudar a conceber?<br \/>\nR:Sim, basta dizer-nos a sua ideia, aconselharemos alguns artigos de refer\u00eancia e ajudaremos a conceber o saco especialmente para si.<\/p>","protected":false},"excerpt":{"rendered":"<p>Artigo: Palha de papel<br \/>\nTamanho: DIA6-12*12-24cm<br \/>\nCor: castanho natural, branco<br \/>\nLog\u00f3tipo: simples e personalizado<\/p>","protected":false},"featured_media":12370,"comment_status":"open","ping_status":"closed","template":"","meta":{"_et_pb_use_builder":"","_et_pb_old_content":"","_et_gb_content_width":""},"product_cat":[284,286],"product_tag":[340,315],"yoast_head":"<!-- This site is optimized with the Yoast SEO plugin v22.7 - https:\/\/yoast.com\/wordpress\/plugins\/seo\/ -->\n<title>Eco Friendly Paper Straw - Nanwang Paper Packaging<\/title>\n<meta name=\"description\" content=\"Eco Friendly Paper Straw - Nanwang Paper Packaging , we supply Luxury Paper Bags, Shopping Paper Bag, Paper Carry Bag, Delivery Bag for you with good price.\" \/>\n<meta name=\"robots\" content=\"index, follow, max-snippet:-1, max-image-preview:large, max-video-preview:-1\" \/>\n<link rel=\"canonical\" href=\"https:\/\/www.nanwangpaperbag.com\/pt\/produto\/eco-friendly-paper-straw\/\" \/>\n<meta property=\"og:locale\" content=\"pt_PT\" \/>\n<meta property=\"og:type\" content=\"article\" \/>\n<meta property=\"og:title\" content=\"Eco Friendly Paper Straw - Nanwang Paper Packaging\" \/>\n<meta property=\"og:description\" content=\"Eco Friendly Paper Straw - Nanwang Paper Packaging , we supply Luxury Paper Bags, Shopping Paper Bag, Paper Carry Bag, Delivery Bag for you with good price.\" \/>\n<meta property=\"og:url\" content=\"https:\/\/www.nanwangpaperbag.com\/pt\/produto\/eco-friendly-paper-straw\/\" \/>\n<meta property=\"og:site_name\" content=\"Nanwang Paper Packaging\" \/>\n<meta property=\"article:publisher\" content=\"https:\/\/www.facebook.com\/NanwangPaperBag\" \/>\n<meta property=\"article:modified_time\" content=\"2025-05-14T06:48:48+00:00\" \/>\n<meta property=\"og:image\" content=\"https:\/\/www.nanwangpaperbag.com\/wp-content\/uploads\/2025\/04\/Eco-Friendly-Paper-Straw_1.webp\" \/>\n\t<meta property=\"og:image:width\" content=\"800\" \/>\n\t<meta property=\"og:image:height\" content=\"800\" \/>\n\t<meta property=\"og:image:type\" content=\"image\/webp\" \/>\n<meta name=\"twitter:card\" content=\"summary_large_image\" \/>\n<meta name=\"twitter:site\" content=\"@NanwangPack\" \/>\n<meta name=\"twitter:label1\" content=\"Tempo estimado de leitura\" \/>\n\t<meta name=\"twitter:data1\" content=\"2 minutos\" \/>\n<script type=\"application\/ld+json\" class=\"yoast-schema-graph\">{\"@context\":\"https:\/\/schema.org\",\"@graph\":[{\"@type\":\"WebPage\",\"@id\":\"https:\/\/www.nanwangpaperbag.com\/product\/eco-friendly-paper-straw\/\",\"url\":\"https:\/\/www.nanwangpaperbag.com\/product\/eco-friendly-paper-straw\/\",\"name\":\"Eco Friendly Paper Straw - Nanwang Paper Packaging\",\"isPartOf\":{\"@id\":\"https:\/\/www.nanwangpaperbag.com\/#website\"},\"primaryImageOfPage\":{\"@id\":\"https:\/\/www.nanwangpaperbag.com\/product\/eco-friendly-paper-straw\/#primaryimage\"},\"image\":{\"@id\":\"https:\/\/www.nanwangpaperbag.com\/product\/eco-friendly-paper-straw\/#primaryimage\"},\"thumbnailUrl\":\"https:\/\/www.nanwangpaperbag.com\/wp-content\/uploads\/2025\/04\/Eco-Friendly-Paper-Straw_1.webp\",\"datePublished\":\"2025-04-16T09:48:03+00:00\",\"dateModified\":\"2025-05-14T06:48:48+00:00\",\"description\":\"Eco Friendly Paper Straw - Nanwang Paper Packaging , we supply Luxury Paper Bags, Shopping Paper Bag, Paper Carry Bag, Delivery Bag for you with good price.\",\"breadcrumb\":{\"@id\":\"https:\/\/www.nanwangpaperbag.com\/product\/eco-friendly-paper-straw\/#breadcrumb\"},\"inLanguage\":\"pt-PT\",\"potentialAction\":[{\"@type\":\"ReadAction\",\"target\":[\"https:\/\/www.nanwangpaperbag.com\/product\/eco-friendly-paper-straw\/\"]}]},{\"@type\":\"ImageObject\",\"inLanguage\":\"pt-PT\",\"@id\":\"https:\/\/www.nanwangpaperbag.com\/product\/eco-friendly-paper-straw\/#primaryimage\",\"url\":\"https:\/\/www.nanwangpaperbag.com\/wp-content\/uploads\/2025\/04\/Eco-Friendly-Paper-Straw_1.webp\",\"contentUrl\":\"https:\/\/www.nanwangpaperbag.com\/wp-content\/uploads\/2025\/04\/Eco-Friendly-Paper-Straw_1.webp\",\"width\":800,\"height\":800,\"caption\":\"Eco Friendly Paper Straw\"},{\"@type\":\"BreadcrumbList\",\"@id\":\"https:\/\/www.nanwangpaperbag.com\/product\/eco-friendly-paper-straw\/#breadcrumb\",\"itemListElement\":[{\"@type\":\"ListItem\",\"position\":1,\"name\":\"Home\",\"item\":\"https:\/\/www.nanwangpaperbag.com\/\"},{\"@type\":\"ListItem\",\"position\":2,\"name\":\"Productos\",\"item\":\"https:\/\/www.nanwangpaperbag.com\/es\/shop\/\"},{\"@type\":\"ListItem\",\"position\":3,\"name\":\"Eco Friendly Paper Straw\"}]},{\"@type\":\"WebSite\",\"@id\":\"https:\/\/www.nanwangpaperbag.com\/#website\",\"url\":\"https:\/\/www.nanwangpaperbag.com\/\",\"name\":\"Nanwang Paper Packaging\",\"description\":\"\",\"publisher\":{\"@id\":\"https:\/\/www.nanwangpaperbag.com\/#organization\"},\"potentialAction\":[{\"@type\":\"SearchAction\",\"target\":{\"@type\":\"EntryPoint\",\"urlTemplate\":\"https:\/\/www.nanwangpaperbag.com\/?s={search_term_string}\"},\"query-input\":\"required name=search_term_string\"}],\"inLanguage\":\"pt-PT\"},{\"@type\":\"Organization\",\"@id\":\"https:\/\/www.nanwangpaperbag.com\/#organization\",\"name\":\"Nanwang Pack\",\"url\":\"https:\/\/www.nanwangpaperbag.com\/\",\"logo\":{\"@type\":\"ImageObject\",\"inLanguage\":\"pt-PT\",\"@id\":\"https:\/\/www.nanwangpaperbag.com\/#\/schema\/logo\/image\/\",\"url\":\"https:\/\/www.nanwangpaperbag.com\/wp-content\/uploads\/2025\/03\/logo2.webp\",\"contentUrl\":\"https:\/\/www.nanwangpaperbag.com\/wp-content\/uploads\/2025\/03\/logo2.webp\",\"width\":433,\"height\":407,\"caption\":\"Nanwang Pack\"},\"image\":{\"@id\":\"https:\/\/www.nanwangpaperbag.com\/#\/schema\/logo\/image\/\"},\"sameAs\":[\"https:\/\/www.facebook.com\/NanwangPaperBag\",\"https:\/\/x.com\/NanwangPack\",\"https:\/\/www.linkedin.com\/company\/nanwang-paper-bag\/\",\"https:\/\/www.youtube.com\/@NanwangPaperBag\",\"https:\/\/www.tiktok.com\/@nanwangpaperbag\"]}]}<\/script>\n<!-- \/ Yoast SEO plugin. -->","yoast_head_json":{"title":"Eco Friendly Paper Straw - Nanwang Paper Packaging","description":"Eco Friendly Paper Straw - Nanwang Paper Packaging , we supply Luxury Paper Bags, Shopping Paper Bag, Paper Carry Bag, Delivery Bag for you with good price.","robots":{"index":"index","follow":"follow","max-snippet":"max-snippet:-1","max-image-preview":"max-image-preview:large","max-video-preview":"max-video-preview:-1"},"canonical":"https:\/\/www.nanwangpaperbag.com\/pt\/produto\/eco-friendly-paper-straw\/","og_locale":"pt_PT","og_type":"article","og_title":"Eco Friendly Paper Straw - Nanwang Paper Packaging","og_description":"Eco Friendly Paper Straw - Nanwang Paper Packaging , we supply Luxury Paper Bags, Shopping Paper Bag, Paper Carry Bag, Delivery Bag for you with good price.","og_url":"https:\/\/www.nanwangpaperbag.com\/pt\/produto\/eco-friendly-paper-straw\/","og_site_name":"Nanwang Paper Packaging","article_publisher":"https:\/\/www.facebook.com\/NanwangPaperBag","article_modified_time":"2025-05-14T06:48:48+00:00","og_image":[{"width":800,"height":800,"url":"https:\/\/www.nanwangpaperbag.com\/wp-content\/uploads\/2025\/04\/Eco-Friendly-Paper-Straw_1.webp","type":"image\/webp"}],"twitter_card":"summary_large_image","twitter_site":"@NanwangPack","twitter_misc":{"Tempo estimado de leitura":"2 minutos"},"schema":{"@context":"https:\/\/schema.org","@graph":[{"@type":"WebPage","@id":"https:\/\/www.nanwangpaperbag.com\/product\/eco-friendly-paper-straw\/","url":"https:\/\/www.nanwangpaperbag.com\/product\/eco-friendly-paper-straw\/","name":"Eco Friendly Paper Straw - Nanwang Paper Packaging","isPartOf":{"@id":"https:\/\/www.nanwangpaperbag.com\/#website"},"primaryImageOfPage":{"@id":"https:\/\/www.nanwangpaperbag.com\/product\/eco-friendly-paper-straw\/#primaryimage"},"image":{"@id":"https:\/\/www.nanwangpaperbag.com\/product\/eco-friendly-paper-straw\/#primaryimage"},"thumbnailUrl":"https:\/\/www.nanwangpaperbag.com\/wp-content\/uploads\/2025\/04\/Eco-Friendly-Paper-Straw_1.webp","datePublished":"2025-04-16T09:48:03+00:00","dateModified":"2025-05-14T06:48:48+00:00","description":"Eco Friendly Paper Straw - Nanwang Paper Packaging , we supply Luxury Paper Bags, Shopping Paper Bag, Paper Carry Bag, Delivery Bag for you with good price.","breadcrumb":{"@id":"https:\/\/www.nanwangpaperbag.com\/product\/eco-friendly-paper-straw\/#breadcrumb"},"inLanguage":"pt-PT","potentialAction":[{"@type":"ReadAction","target":["https:\/\/www.nanwangpaperbag.com\/product\/eco-friendly-paper-straw\/"]}]},{"@type":"ImageObject","inLanguage":"pt-PT","@id":"https:\/\/www.nanwangpaperbag.com\/product\/eco-friendly-paper-straw\/#primaryimage","url":"https:\/\/www.nanwangpaperbag.com\/wp-content\/uploads\/2025\/04\/Eco-Friendly-Paper-Straw_1.webp","contentUrl":"https:\/\/www.nanwangpaperbag.com\/wp-content\/uploads\/2025\/04\/Eco-Friendly-Paper-Straw_1.webp","width":800,"height":800,"caption":"Eco Friendly Paper Straw"},{"@type":"BreadcrumbList","@id":"https:\/\/www.nanwangpaperbag.com\/product\/eco-friendly-paper-straw\/#breadcrumb","itemListElement":[{"@type":"ListItem","position":1,"name":"Home","item":"https:\/\/www.nanwangpaperbag.com\/"},{"@type":"ListItem","position":2,"name":"Productos","item":"https:\/\/www.nanwangpaperbag.com\/es\/shop\/"},{"@type":"ListItem","position":3,"name":"Eco Friendly Paper Straw"}]},{"@type":"WebSite","@id":"https:\/\/www.nanwangpaperbag.com\/#website","url":"https:\/\/www.nanwangpaperbag.com\/","name":"Nanwang Paper Packaging","description":"","publisher":{"@id":"https:\/\/www.nanwangpaperbag.com\/#organization"},"potentialAction":[{"@type":"SearchAction","target":{"@type":"EntryPoint","urlTemplate":"https:\/\/www.nanwangpaperbag.com\/?s={search_term_string}"},"query-input":"required name=search_term_string"}],"inLanguage":"pt-PT"},{"@type":"Organization","@id":"https:\/\/www.nanwangpaperbag.com\/#organization","name":"Nanwang Pack","url":"https:\/\/www.nanwangpaperbag.com\/","logo":{"@type":"ImageObject","inLanguage":"pt-PT","@id":"https:\/\/www.nanwangpaperbag.com\/#\/schema\/logo\/image\/","url":"https:\/\/www.nanwangpaperbag.com\/wp-content\/uploads\/2025\/03\/logo2.webp","contentUrl":"https:\/\/www.nanwangpaperbag.com\/wp-content\/uploads\/2025\/03\/logo2.webp","width":433,"height":407,"caption":"Nanwang Pack"},"image":{"@id":"https:\/\/www.nanwangpaperbag.com\/#\/schema\/logo\/image\/"},"sameAs":["https:\/\/www.facebook.com\/NanwangPaperBag","https:\/\/x.com\/NanwangPack","https:\/\/www.linkedin.com\/company\/nanwang-paper-bag\/","https:\/\/www.youtube.com\/@NanwangPaperBag","https:\/\/www.tiktok.com\/@nanwangpaperbag"]}]}},"_links":{"self":[{"href":"https:\/\/www.nanwangpaperbag.com\/pt\/wp-json\/wp\/v2\/product\/12359"}],"collection":[{"href":"https:\/\/www.nanwangpaperbag.com\/pt\/wp-json\/wp\/v2\/product"}],"about":[{"href":"https:\/\/www.nanwangpaperbag.com\/pt\/wp-json\/wp\/v2\/types\/product"}],"replies":[{"embeddable":true,"href":"https:\/\/www.nanwangpaperbag.com\/pt\/wp-json\/wp\/v2\/comments?post=12359"}],"wp:featuredmedia":[{"embeddable":true,"href":"https:\/\/www.nanwangpaperbag.com\/pt\/wp-json\/wp\/v2\/media\/12370"}],"wp:attachment":[{"href":"https:\/\/www.nanwangpaperbag.com\/pt\/wp-json\/wp\/v2\/media?parent=12359"}],"wp:term":[{"taxonomy":"product_cat","embeddable":true,"href":"https:\/\/www.nanwangpaperbag.com\/pt\/wp-json\/wp\/v2\/product_cat?post=12359"},{"taxonomy":"product_tag","embeddable":true,"href":"https:\/\/www.nanwangpaperbag.com\/pt\/wp-json\/wp\/v2\/product_tag?post=12359"}],"curies":[{"name":"wp","href":"https:\/\/api.w.org\/{rel}","templated":true}]}}