{"id":12360,"date":"2025-04-16T09:48:40","date_gmt":"2025-04-16T09:48:40","guid":{"rendered":"https:\/\/www.nanwangpaperbag.com\/?post_type=product&#038;p=12360"},"modified":"2025-05-14T06:49:25","modified_gmt":"2025-05-14T06:49:25","slug":"food-paper-box-container","status":"publish","type":"product","link":"https:\/\/www.nanwangpaperbag.com\/pt\/produto\/caixa-de-papel-para-alimentos\/","title":{"rendered":"Caixa de papel para alimentos"},"content":{"rendered":"<p>A embalagem de caixa de papel para alimentos \u00e9 muito conveniente de utilizar e n\u00e3o \u00e9 f\u00e1cil de deformar quando exposta ao frio, utilizando material de papel de qualidade alimentar. Como um tipo de <a href=\"https:\/\/www.nanwangpaperbag.com\/pt\/category\/food-service-disposables\/\"><strong>embalagens descart\u00e1veis para servi\u00e7os alimentares<\/strong><\/a>A embalagem de papel \u00e9 uma das op\u00e7\u00f5es mais utilizadas em todo o mundo. A embalagem de papel \u00e9 uma das op\u00e7\u00f5es mais populares utilizadas em todo o mundo. Pode ser utilizada para embalar muitos tipos de alimentos, por exemplo, frango frito, peixe e batatas fritas, hamb\u00fargueres e batatas fritas, piza, etc. Como todos sabemos, o papel tem taxas de biodegrada\u00e7\u00e3o mais elevadas em compara\u00e7\u00e3o com outros tipos de embalagens.<\/p>\n<p><img loading=\"lazy\" decoding=\"async\" class=\"size-full wp-image-12361 aligncenter\" data-src=\"https:\/\/www.nanwangpaperbag.com\/wp-content\/uploads\/2025\/04\/Food-Paper-Box-Container_3-1.webp\" alt=\"Caixa de papel para alimentos\" width=\"636\" height=\"390\" srcset=\"https:\/\/www.nanwangpaperbag.com\/wp-content\/uploads\/2025\/04\/Food-Paper-Box-Container_3-1.webp 636w, https:\/\/www.nanwangpaperbag.com\/wp-content\/uploads\/2025\/04\/Food-Paper-Box-Container_3-1-480x294.webp 480w\" sizes=\"(min-width: 0px) and (max-width: 480px) 480px, (min-width: 481px) 636px, 100vw\" \/><\/p>\n<h2>MATERIAL STANDARD RECOMENDADO<\/h2>\n<p>Papel de cart\u00e3o branco revestido de 210 g\/m\u00b2 \u00e0 prova de gordura<\/p>\n<p>Papel de cart\u00e3o branco revestido de 240 g\/m\u00b2 \u00e0 prova de gordura<\/p>\n<p>Papel de cart\u00e3o branco revestido de 250 g\/m\u00b2 \u00e0 prova de gordura<\/p>\n<p>Papel de cart\u00e3o castanho revestido de 250 grs.<\/p>\n<h2>Vantagens<\/h2>\n<p>Este <a href=\"https:\/\/www.nanwangpaperbag.com\/pt\/produto\/caixa-de-papel-para-alimentos\/\"><strong>Caixa de papel para alimentos<\/strong><\/a> \u00e9 amplamente utilizado em padarias, restaurantes, tabernas ou actividades de catering para embalar v\u00e1rios alimentos e snacks. \u00c9 feito de material de papel duro amigo do ambiente, que pode entrar em contacto direto com os alimentos e que se decomp\u00f5e naturalmente ap\u00f3s a utiliza\u00e7\u00e3o, o que \u00e9 muito adequado para substituir os recipientes de estireno e de pl\u00e1stico. Ao mesmo tempo, adopta um design dobr\u00e1vel com uma tampa a condizer, que visa evitar que o p\u00f3 e a humidade entrem em contacto com os alimentos e conservar ao m\u00e1ximo o sabor fresco dos alimentos.<\/p>\n<p><img loading=\"lazy\" decoding=\"async\" class=\"alignnone size-full wp-image-12362\" data-src=\"https:\/\/www.nanwangpaperbag.com\/wp-content\/uploads\/2025\/04\/Paper-Box-Container-_1-1.webp\" alt=\"Caixa de papel para alimentos\" width=\"515\" height=\"329\" srcset=\"https:\/\/www.nanwangpaperbag.com\/wp-content\/uploads\/2025\/04\/Paper-Box-Container-_1-1.webp 515w, https:\/\/www.nanwangpaperbag.com\/wp-content\/uploads\/2025\/04\/Paper-Box-Container-_1-1-480x307.webp 480w\" sizes=\"(min-width: 0px) and (max-width: 480px) 480px, (min-width: 481px) 515px, 100vw\" \/><img loading=\"lazy\" decoding=\"async\" class=\"alignnone size-full wp-image-12363\" data-src=\"https:\/\/www.nanwangpaperbag.com\/wp-content\/uploads\/2025\/04\/Paper-Box-Container_2-1.webp\" alt=\"Caixa de papel para alimentos\" width=\"458\" height=\"376\" srcset=\"https:\/\/www.nanwangpaperbag.com\/wp-content\/uploads\/2025\/04\/Paper-Box-Container_2-1.webp 458w, https:\/\/www.nanwangpaperbag.com\/wp-content\/uploads\/2025\/04\/Paper-Box-Container_2-1-300x246.webp 300w, https:\/\/www.nanwangpaperbag.com\/wp-content\/uploads\/2025\/04\/Paper-Box-Container_2-1-15x12.webp 15w\" sizes=\"(max-width: 458px) 100vw, 458px\" \/><\/p>\n<h2>QUALIFICA\u00c7\u00d5ES<\/h2>\n<p>\u25cfISO9001\/ISO14001\/ISO22000<br \/>\n\u25cfFSC (Forest Stewardship Council)<br \/>\n\u25cfSEDEX<br \/>\n\u25cfBRC<\/p>\n<h2>FAQ<\/h2>\n<p>Q1.Existe alguma tarifa para o meu pa\u00eds?<br \/>\nA \uff1a \u00c9 25% tarifa da China para os EUA, mas outros pa\u00edses n\u00e3o. Temos uma f\u00e1brica na Mal\u00e1sia pode enviar para os EUA para evitar tarifas.<\/p>\n<p>Q2. Podem enviar produtos para o meu escrit\u00f3rio na China?<br \/>\nR: Sim, por favor, indique a morada.<\/p>\n<p>Q3.Existe algum regulamento de transporte adicional para produtos de papel?<br \/>\nR: N\u00e3o.<\/p>\n<p>Q4: Como \u00e9 que posso obter o desconto?<br \/>\nR: Se o QTY da encomenda for maior, os pre\u00e7os ser\u00e3o mais baixos.<\/p>\n<p>Q5: \u00c9 uma f\u00e1brica ou uma empresa comercial?<br \/>\nR:Somos uma f\u00e1brica de produtos de embalagem de papel, e temos 6 f\u00e1bricas. 5 na China, 1 na Mal\u00e1sia.<\/p>","protected":false},"excerpt":{"rendered":"<p>Caixa de papel para embalagem de frango frito e batatas fritas para takeaway. Estilo elegante, tamanho de forma personalizada, cart\u00e3o kraft branco de elevado desempenho. Os recipientes de papel para alimentos oferecem op\u00e7\u00f5es sustent\u00e1veis e vers\u00e1teis para levar e trazer. Apresentam e entregam de forma fi\u00e1vel alimentos quentes ou frios.<br \/>\nO recipiente de embalagem em caixa de qualidade alimentar tamb\u00e9m protege os alimentos das temperaturas - calor e frio - e evita danos nos alimentos durante o processo de expedi\u00e7\u00e3o, entrega e manuseamento.<br \/>\nTamanho: com base no desenho da obra de arte<br \/>\nCor\/Material: Cart\u00e3o Kraft branco<br \/>\nQuantidade: 100,000<\/p>","protected":false},"featured_media":12364,"comment_status":"open","ping_status":"closed","template":"","meta":{"_et_pb_use_builder":"","_et_pb_old_content":"","_et_gb_content_width":""},"product_cat":[284,285],"product_tag":[339,309],"yoast_head":"<!-- This site is optimized with the Yoast SEO plugin v22.7 - https:\/\/yoast.com\/wordpress\/plugins\/seo\/ -->\n<title>Food Paper Box Container - Nanwang Paper Packaging<\/title>\n<meta name=\"description\" content=\"Food Paper Box Container - Nanwang Paper Packaging , we supply Luxury Paper Bags, Shopping Paper Bag, Paper Carry Bag, Delivery Bag for you with good price.\" \/>\n<meta name=\"robots\" content=\"index, follow, max-snippet:-1, max-image-preview:large, max-video-preview:-1\" \/>\n<link rel=\"canonical\" href=\"https:\/\/www.nanwangpaperbag.com\/pt\/produto\/caixa-de-papel-para-alimentos\/\" \/>\n<meta property=\"og:locale\" content=\"pt_PT\" \/>\n<meta property=\"og:type\" content=\"article\" \/>\n<meta property=\"og:title\" content=\"Food Paper Box Container - Nanwang Paper Packaging\" \/>\n<meta property=\"og:description\" content=\"Food Paper Box Container - Nanwang Paper Packaging , we supply Luxury Paper Bags, Shopping Paper Bag, Paper Carry Bag, Delivery Bag for you with good price.\" \/>\n<meta property=\"og:url\" content=\"https:\/\/www.nanwangpaperbag.com\/pt\/produto\/caixa-de-papel-para-alimentos\/\" \/>\n<meta property=\"og:site_name\" content=\"Nanwang Paper Packaging\" \/>\n<meta property=\"article:publisher\" content=\"https:\/\/www.facebook.com\/NanwangPaperBag\" \/>\n<meta property=\"article:modified_time\" content=\"2025-05-14T06:49:25+00:00\" \/>\n<meta property=\"og:image\" content=\"https:\/\/www.nanwangpaperbag.com\/wp-content\/uploads\/2025\/04\/Food-Paper-Box-Container-1-1.webp\" \/>\n\t<meta property=\"og:image:width\" content=\"800\" \/>\n\t<meta property=\"og:image:height\" content=\"800\" \/>\n\t<meta property=\"og:image:type\" content=\"image\/webp\" \/>\n<meta name=\"twitter:card\" content=\"summary_large_image\" \/>\n<meta name=\"twitter:site\" content=\"@NanwangPack\" \/>\n<meta name=\"twitter:label1\" content=\"Tempo estimado de leitura\" \/>\n\t<meta name=\"twitter:data1\" content=\"3 minutos\" \/>\n<script type=\"application\/ld+json\" class=\"yoast-schema-graph\">{\"@context\":\"https:\/\/schema.org\",\"@graph\":[{\"@type\":\"WebPage\",\"@id\":\"https:\/\/www.nanwangpaperbag.com\/product\/food-paper-box-container\/\",\"url\":\"https:\/\/www.nanwangpaperbag.com\/product\/food-paper-box-container\/\",\"name\":\"Food Paper Box Container - Nanwang Paper Packaging\",\"isPartOf\":{\"@id\":\"https:\/\/www.nanwangpaperbag.com\/#website\"},\"primaryImageOfPage\":{\"@id\":\"https:\/\/www.nanwangpaperbag.com\/product\/food-paper-box-container\/#primaryimage\"},\"image\":{\"@id\":\"https:\/\/www.nanwangpaperbag.com\/product\/food-paper-box-container\/#primaryimage\"},\"thumbnailUrl\":\"https:\/\/www.nanwangpaperbag.com\/wp-content\/uploads\/2025\/04\/Food-Paper-Box-Container-1-1.webp\",\"datePublished\":\"2025-04-16T09:48:40+00:00\",\"dateModified\":\"2025-05-14T06:49:25+00:00\",\"description\":\"Food Paper Box Container - Nanwang Paper Packaging , we supply Luxury Paper Bags, Shopping Paper Bag, Paper Carry Bag, Delivery Bag for you with good price.\",\"breadcrumb\":{\"@id\":\"https:\/\/www.nanwangpaperbag.com\/product\/food-paper-box-container\/#breadcrumb\"},\"inLanguage\":\"pt-PT\",\"potentialAction\":[{\"@type\":\"ReadAction\",\"target\":[\"https:\/\/www.nanwangpaperbag.com\/product\/food-paper-box-container\/\"]}]},{\"@type\":\"ImageObject\",\"inLanguage\":\"pt-PT\",\"@id\":\"https:\/\/www.nanwangpaperbag.com\/product\/food-paper-box-container\/#primaryimage\",\"url\":\"https:\/\/www.nanwangpaperbag.com\/wp-content\/uploads\/2025\/04\/Food-Paper-Box-Container-1-1.webp\",\"contentUrl\":\"https:\/\/www.nanwangpaperbag.com\/wp-content\/uploads\/2025\/04\/Food-Paper-Box-Container-1-1.webp\",\"width\":800,\"height\":800,\"caption\":\"Food Paper Box Container\"},{\"@type\":\"BreadcrumbList\",\"@id\":\"https:\/\/www.nanwangpaperbag.com\/product\/food-paper-box-container\/#breadcrumb\",\"itemListElement\":[{\"@type\":\"ListItem\",\"position\":1,\"name\":\"Home\",\"item\":\"https:\/\/www.nanwangpaperbag.com\/\"},{\"@type\":\"ListItem\",\"position\":2,\"name\":\"Productos\",\"item\":\"https:\/\/www.nanwangpaperbag.com\/es\/shop\/\"},{\"@type\":\"ListItem\",\"position\":3,\"name\":\"Food Paper Box Container\"}]},{\"@type\":\"WebSite\",\"@id\":\"https:\/\/www.nanwangpaperbag.com\/#website\",\"url\":\"https:\/\/www.nanwangpaperbag.com\/\",\"name\":\"Nanwang Paper Packaging\",\"description\":\"\",\"publisher\":{\"@id\":\"https:\/\/www.nanwangpaperbag.com\/#organization\"},\"potentialAction\":[{\"@type\":\"SearchAction\",\"target\":{\"@type\":\"EntryPoint\",\"urlTemplate\":\"https:\/\/www.nanwangpaperbag.com\/?s={search_term_string}\"},\"query-input\":\"required name=search_term_string\"}],\"inLanguage\":\"pt-PT\"},{\"@type\":\"Organization\",\"@id\":\"https:\/\/www.nanwangpaperbag.com\/#organization\",\"name\":\"Nanwang Pack\",\"url\":\"https:\/\/www.nanwangpaperbag.com\/\",\"logo\":{\"@type\":\"ImageObject\",\"inLanguage\":\"pt-PT\",\"@id\":\"https:\/\/www.nanwangpaperbag.com\/#\/schema\/logo\/image\/\",\"url\":\"https:\/\/www.nanwangpaperbag.com\/wp-content\/uploads\/2025\/03\/logo2.webp\",\"contentUrl\":\"https:\/\/www.nanwangpaperbag.com\/wp-content\/uploads\/2025\/03\/logo2.webp\",\"width\":433,\"height\":407,\"caption\":\"Nanwang Pack\"},\"image\":{\"@id\":\"https:\/\/www.nanwangpaperbag.com\/#\/schema\/logo\/image\/\"},\"sameAs\":[\"https:\/\/www.facebook.com\/NanwangPaperBag\",\"https:\/\/x.com\/NanwangPack\",\"https:\/\/www.linkedin.com\/company\/nanwang-paper-bag\/\",\"https:\/\/www.youtube.com\/@NanwangPaperBag\",\"https:\/\/www.tiktok.com\/@nanwangpaperbag\"]}]}<\/script>\n<!-- \/ Yoast SEO plugin. -->","yoast_head_json":{"title":"Food Paper Box Container - Nanwang Paper Packaging","description":"Food Paper Box Container - Nanwang Paper Packaging , we supply Luxury Paper Bags, Shopping Paper Bag, Paper Carry Bag, Delivery Bag for you with good price.","robots":{"index":"index","follow":"follow","max-snippet":"max-snippet:-1","max-image-preview":"max-image-preview:large","max-video-preview":"max-video-preview:-1"},"canonical":"https:\/\/www.nanwangpaperbag.com\/pt\/produto\/caixa-de-papel-para-alimentos\/","og_locale":"pt_PT","og_type":"article","og_title":"Food Paper Box Container - Nanwang Paper Packaging","og_description":"Food Paper Box Container - Nanwang Paper Packaging , we supply Luxury Paper Bags, Shopping Paper Bag, Paper Carry Bag, Delivery Bag for you with good price.","og_url":"https:\/\/www.nanwangpaperbag.com\/pt\/produto\/caixa-de-papel-para-alimentos\/","og_site_name":"Nanwang Paper Packaging","article_publisher":"https:\/\/www.facebook.com\/NanwangPaperBag","article_modified_time":"2025-05-14T06:49:25+00:00","og_image":[{"width":800,"height":800,"url":"https:\/\/www.nanwangpaperbag.com\/wp-content\/uploads\/2025\/04\/Food-Paper-Box-Container-1-1.webp","type":"image\/webp"}],"twitter_card":"summary_large_image","twitter_site":"@NanwangPack","twitter_misc":{"Tempo estimado de leitura":"3 minutos"},"schema":{"@context":"https:\/\/schema.org","@graph":[{"@type":"WebPage","@id":"https:\/\/www.nanwangpaperbag.com\/product\/food-paper-box-container\/","url":"https:\/\/www.nanwangpaperbag.com\/product\/food-paper-box-container\/","name":"Food Paper Box Container - Nanwang Paper Packaging","isPartOf":{"@id":"https:\/\/www.nanwangpaperbag.com\/#website"},"primaryImageOfPage":{"@id":"https:\/\/www.nanwangpaperbag.com\/product\/food-paper-box-container\/#primaryimage"},"image":{"@id":"https:\/\/www.nanwangpaperbag.com\/product\/food-paper-box-container\/#primaryimage"},"thumbnailUrl":"https:\/\/www.nanwangpaperbag.com\/wp-content\/uploads\/2025\/04\/Food-Paper-Box-Container-1-1.webp","datePublished":"2025-04-16T09:48:40+00:00","dateModified":"2025-05-14T06:49:25+00:00","description":"Food Paper Box Container - Nanwang Paper Packaging , we supply Luxury Paper Bags, Shopping Paper Bag, Paper Carry Bag, Delivery Bag for you with good price.","breadcrumb":{"@id":"https:\/\/www.nanwangpaperbag.com\/product\/food-paper-box-container\/#breadcrumb"},"inLanguage":"pt-PT","potentialAction":[{"@type":"ReadAction","target":["https:\/\/www.nanwangpaperbag.com\/product\/food-paper-box-container\/"]}]},{"@type":"ImageObject","inLanguage":"pt-PT","@id":"https:\/\/www.nanwangpaperbag.com\/product\/food-paper-box-container\/#primaryimage","url":"https:\/\/www.nanwangpaperbag.com\/wp-content\/uploads\/2025\/04\/Food-Paper-Box-Container-1-1.webp","contentUrl":"https:\/\/www.nanwangpaperbag.com\/wp-content\/uploads\/2025\/04\/Food-Paper-Box-Container-1-1.webp","width":800,"height":800,"caption":"Food Paper Box Container"},{"@type":"BreadcrumbList","@id":"https:\/\/www.nanwangpaperbag.com\/product\/food-paper-box-container\/#breadcrumb","itemListElement":[{"@type":"ListItem","position":1,"name":"Home","item":"https:\/\/www.nanwangpaperbag.com\/"},{"@type":"ListItem","position":2,"name":"Productos","item":"https:\/\/www.nanwangpaperbag.com\/es\/shop\/"},{"@type":"ListItem","position":3,"name":"Food Paper Box Container"}]},{"@type":"WebSite","@id":"https:\/\/www.nanwangpaperbag.com\/#website","url":"https:\/\/www.nanwangpaperbag.com\/","name":"Nanwang Paper Packaging","description":"","publisher":{"@id":"https:\/\/www.nanwangpaperbag.com\/#organization"},"potentialAction":[{"@type":"SearchAction","target":{"@type":"EntryPoint","urlTemplate":"https:\/\/www.nanwangpaperbag.com\/?s={search_term_string}"},"query-input":"required name=search_term_string"}],"inLanguage":"pt-PT"},{"@type":"Organization","@id":"https:\/\/www.nanwangpaperbag.com\/#organization","name":"Nanwang Pack","url":"https:\/\/www.nanwangpaperbag.com\/","logo":{"@type":"ImageObject","inLanguage":"pt-PT","@id":"https:\/\/www.nanwangpaperbag.com\/#\/schema\/logo\/image\/","url":"https:\/\/www.nanwangpaperbag.com\/wp-content\/uploads\/2025\/03\/logo2.webp","contentUrl":"https:\/\/www.nanwangpaperbag.com\/wp-content\/uploads\/2025\/03\/logo2.webp","width":433,"height":407,"caption":"Nanwang Pack"},"image":{"@id":"https:\/\/www.nanwangpaperbag.com\/#\/schema\/logo\/image\/"},"sameAs":["https:\/\/www.facebook.com\/NanwangPaperBag","https:\/\/x.com\/NanwangPack","https:\/\/www.linkedin.com\/company\/nanwang-paper-bag\/","https:\/\/www.youtube.com\/@NanwangPaperBag","https:\/\/www.tiktok.com\/@nanwangpaperbag"]}]}},"_links":{"self":[{"href":"https:\/\/www.nanwangpaperbag.com\/pt\/wp-json\/wp\/v2\/product\/12360"}],"collection":[{"href":"https:\/\/www.nanwangpaperbag.com\/pt\/wp-json\/wp\/v2\/product"}],"about":[{"href":"https:\/\/www.nanwangpaperbag.com\/pt\/wp-json\/wp\/v2\/types\/product"}],"replies":[{"embeddable":true,"href":"https:\/\/www.nanwangpaperbag.com\/pt\/wp-json\/wp\/v2\/comments?post=12360"}],"wp:featuredmedia":[{"embeddable":true,"href":"https:\/\/www.nanwangpaperbag.com\/pt\/wp-json\/wp\/v2\/media\/12364"}],"wp:attachment":[{"href":"https:\/\/www.nanwangpaperbag.com\/pt\/wp-json\/wp\/v2\/media?parent=12360"}],"wp:term":[{"taxonomy":"product_cat","embeddable":true,"href":"https:\/\/www.nanwangpaperbag.com\/pt\/wp-json\/wp\/v2\/product_cat?post=12360"},{"taxonomy":"product_tag","embeddable":true,"href":"https:\/\/www.nanwangpaperbag.com\/pt\/wp-json\/wp\/v2\/product_tag?post=12360"}],"curies":[{"name":"wp","href":"https:\/\/api.w.org\/{rel}","templated":true}]}}