{"id":12392,"date":"2025-04-17T01:57:10","date_gmt":"2025-04-17T01:57:10","guid":{"rendered":"https:\/\/www.nanwangpaperbag.com\/?post_type=product&#038;p=12392"},"modified":"2025-05-14T06:50:24","modified_gmt":"2025-05-14T06:50:24","slug":"food-wrapper-paper","status":"publish","type":"product","link":"https:\/\/www.nanwangpaperbag.com\/pt\/produto\/papel-de-embrulho-para-alimentos\/","title":{"rendered":"Papel de embrulho para alimentos"},"content":{"rendered":"<p><a href=\"https:\/\/www.nanwangpaperbag.com\/pt\/produto\/papel-de-embrulho-para-alimentos\/\"><strong>Papel de embrulho para alimentos<\/strong><\/a> \u00e9 utilizada para embalar alimentos, entrega de alimentos, tais como hamb\u00farguer, batata, frango, etc. \u00c9 amplamente aplicado em restaurantes de fast food, f\u00e1bricas de alimentos e padarias, casas, hot\u00e9is e supermercados. Os nossos produtos s\u00e3o excelentes em termos de volume e qualidade, e fornecemos KFC\/Starbucks\/Costa, etc. O papel de embrulho para alimentos \u00e9 de qualidade alimentar e \u00e0 prova de \u00f3leo e \u00e9 seguro e ben\u00e9fico para a sa\u00fade humana.<\/p>\n<p><img loading=\"lazy\" decoding=\"async\" class=\"wp-image-12394 aligncenter\" data-src=\"https:\/\/www.nanwangpaperbag.com\/wp-content\/uploads\/2025\/04\/Food-Wrapper-Paper_1.webp\" alt=\"Papel de embrulho para alimentos\" width=\"504\" height=\"504\" srcset=\"https:\/\/www.nanwangpaperbag.com\/wp-content\/uploads\/2025\/04\/Food-Wrapper-Paper_1.webp 504w, https:\/\/www.nanwangpaperbag.com\/wp-content\/uploads\/2025\/04\/Food-Wrapper-Paper_1-480x480.webp 480w\" sizes=\"(min-width: 0px) and (max-width: 480px) 480px, (min-width: 481px) 504px, 100vw\" \/><\/p>\n<h2>Carater\u00edsticas<\/h2>\n<p>1. grau alimentar<br \/>\n2.100% Recicl\u00e1vel<br \/>\n3. c\u00f3modo<br \/>\n4. \u00e0 prova de gordura<\/p>\n<p><img loading=\"lazy\" decoding=\"async\" class=\"size-full wp-image-12395 aligncenter\" data-src=\"https:\/\/www.nanwangpaperbag.com\/wp-content\/uploads\/2025\/04\/Food-Wrapper-Paper_2.webp\" alt=\"Papel de embrulho para alimentos\" width=\"631\" height=\"399\" srcset=\"https:\/\/www.nanwangpaperbag.com\/wp-content\/uploads\/2025\/04\/Food-Wrapper-Paper_2.webp 631w, https:\/\/www.nanwangpaperbag.com\/wp-content\/uploads\/2025\/04\/Food-Wrapper-Paper_2-480x304.webp 480w\" sizes=\"(min-width: 0px) and (max-width: 480px) 480px, (min-width: 481px) 631px, 100vw\" \/><\/p>\n<h2>Sobre n\u00f3s<\/h2>\n<p>A Nanwang (C\u00f3digo de Estoque: 301355) foi criada em 2010 como a primeira empresa de embalagens de papel listada na China, especializada em sacos de papel ecol\u00f3gicos, embalagens de alimentos e <a href=\"https:\/\/www.nanwangpaperbag.com\/pt\/category\/food-service-disposables\/\"><strong>produtos alimentares descart\u00e1veis<\/strong><\/a>com activos totais superiores a 2 mil milh\u00f5es de RMB. Equipados com centenas de linhas automatizadas de fabrico de sacos e m\u00e1quinas de impress\u00e3o internacionalmente avan\u00e7adas, somos um dos principais intervenientes na ind\u00fastria de sacos de papel da China e fomos classificados entre as \"100 maiores empresas de impress\u00e3o e embalagem da China\" durante cinco anos consecutivos.<\/p>\n<h2>FAQ<\/h2>\n<p>Q32: Qual \u00e9 o prazo de entrega da minha encomenda?<br \/>\nR: Depende da quantidade, do estilo e das mat\u00e9rias-primas, por favor, informe-me dos detalhes da encomenda, e n\u00f3s inform\u00e1-lo-emos do que fazer.<\/p>\n<p>Q33: Quantas cores consegues fazer?<br \/>\nR: 8 cores.<\/p>\n<p>Q34: O que \u00e9 o Referencial de Qualidade?<br \/>\nR: Igual e igual \u00e0s amostras apresentadas.<\/p>\n<p>Q35: Qual \u00e9 a sua pol\u00edtica de qualidade?<br \/>\nR: Temos um SOP de controlo de qualidade rigoroso, podemos personalizar um manual de qualidade exclusivo para o seu produto, e a f\u00e1brica executa a encomenda de acordo com este manual.<\/p>\n<p>Q36: Pode tratar do transit\u00e1rio em nome do seu cliente?<br \/>\nR: Sim, podemos fornecer or\u00e7amentos de transit\u00e1rios para sua refer\u00eancia. Pode optar por utilizar o transit\u00e1rio que recomendamos ou o transit\u00e1rio que lhe foi indicado por si.<\/p>","protected":false},"excerpt":{"rendered":"<p>Artigo:Folhas de papel de cera para alimentos<br \/>\nLog\u00f3tipo:Log\u00f3tipo personalizado<br \/>\nTipo de papel: Papel 23gsm+cera 8gsm<br \/>\nCor: cor pantone, 1-5 cores<br \/>\nMOQ:1000000pcs<\/p>","protected":false},"featured_media":12396,"comment_status":"open","ping_status":"closed","template":"","meta":{"_et_pb_use_builder":"","_et_pb_old_content":"","_et_gb_content_width":""},"product_cat":[284,288],"product_tag":[315,342],"yoast_head":"<!-- This site is optimized with the Yoast SEO plugin v22.7 - https:\/\/yoast.com\/wordpress\/plugins\/seo\/ -->\n<title>Food Wrapper Paper - Nanwang Paper Packaging<\/title>\n<meta name=\"description\" content=\"Food Wrapper Paper - Nanwang Paper Packaging , we supply Luxury Paper Bags, Shopping Paper Bag, Paper Carry Bag, Delivery Bag for you with good price.\" \/>\n<meta name=\"robots\" content=\"index, follow, max-snippet:-1, max-image-preview:large, max-video-preview:-1\" \/>\n<link rel=\"canonical\" href=\"https:\/\/www.nanwangpaperbag.com\/pt\/produto\/papel-de-embrulho-para-alimentos\/\" \/>\n<meta property=\"og:locale\" content=\"pt_PT\" \/>\n<meta property=\"og:type\" content=\"article\" \/>\n<meta property=\"og:title\" content=\"Food Wrapper Paper - Nanwang Paper Packaging\" \/>\n<meta property=\"og:description\" content=\"Food Wrapper Paper - Nanwang Paper Packaging , we supply Luxury Paper Bags, Shopping Paper Bag, Paper Carry Bag, Delivery Bag for you with good price.\" \/>\n<meta property=\"og:url\" content=\"https:\/\/www.nanwangpaperbag.com\/pt\/produto\/papel-de-embrulho-para-alimentos\/\" \/>\n<meta property=\"og:site_name\" content=\"Nanwang Paper Packaging\" \/>\n<meta property=\"article:publisher\" content=\"https:\/\/www.facebook.com\/NanwangPaperBag\" \/>\n<meta property=\"article:modified_time\" content=\"2025-05-14T06:50:24+00:00\" \/>\n<meta property=\"og:image\" content=\"https:\/\/www.nanwangpaperbag.com\/wp-content\/uploads\/2025\/04\/Food-Wrapper-Paper_1-1.webp\" \/>\n\t<meta property=\"og:image:width\" content=\"730\" \/>\n\t<meta property=\"og:image:height\" content=\"730\" \/>\n\t<meta property=\"og:image:type\" content=\"image\/webp\" \/>\n<meta name=\"twitter:card\" content=\"summary_large_image\" \/>\n<meta name=\"twitter:site\" content=\"@NanwangPack\" \/>\n<meta name=\"twitter:label1\" content=\"Tempo estimado de leitura\" \/>\n\t<meta name=\"twitter:data1\" content=\"2 minutos\" \/>\n<script type=\"application\/ld+json\" class=\"yoast-schema-graph\">{\"@context\":\"https:\/\/schema.org\",\"@graph\":[{\"@type\":\"WebPage\",\"@id\":\"https:\/\/www.nanwangpaperbag.com\/product\/food-wrapper-paper\/\",\"url\":\"https:\/\/www.nanwangpaperbag.com\/product\/food-wrapper-paper\/\",\"name\":\"Food Wrapper Paper - Nanwang Paper Packaging\",\"isPartOf\":{\"@id\":\"https:\/\/www.nanwangpaperbag.com\/#website\"},\"primaryImageOfPage\":{\"@id\":\"https:\/\/www.nanwangpaperbag.com\/product\/food-wrapper-paper\/#primaryimage\"},\"image\":{\"@id\":\"https:\/\/www.nanwangpaperbag.com\/product\/food-wrapper-paper\/#primaryimage\"},\"thumbnailUrl\":\"https:\/\/www.nanwangpaperbag.com\/wp-content\/uploads\/2025\/04\/Food-Wrapper-Paper_1-1.webp\",\"datePublished\":\"2025-04-17T01:57:10+00:00\",\"dateModified\":\"2025-05-14T06:50:24+00:00\",\"description\":\"Food Wrapper Paper - Nanwang Paper Packaging , we supply Luxury Paper Bags, Shopping Paper Bag, Paper Carry Bag, Delivery Bag for you with good price.\",\"breadcrumb\":{\"@id\":\"https:\/\/www.nanwangpaperbag.com\/product\/food-wrapper-paper\/#breadcrumb\"},\"inLanguage\":\"pt-PT\",\"potentialAction\":[{\"@type\":\"ReadAction\",\"target\":[\"https:\/\/www.nanwangpaperbag.com\/product\/food-wrapper-paper\/\"]}]},{\"@type\":\"ImageObject\",\"inLanguage\":\"pt-PT\",\"@id\":\"https:\/\/www.nanwangpaperbag.com\/product\/food-wrapper-paper\/#primaryimage\",\"url\":\"https:\/\/www.nanwangpaperbag.com\/wp-content\/uploads\/2025\/04\/Food-Wrapper-Paper_1-1.webp\",\"contentUrl\":\"https:\/\/www.nanwangpaperbag.com\/wp-content\/uploads\/2025\/04\/Food-Wrapper-Paper_1-1.webp\",\"width\":730,\"height\":730,\"caption\":\"Food Wrapper Paper\"},{\"@type\":\"BreadcrumbList\",\"@id\":\"https:\/\/www.nanwangpaperbag.com\/product\/food-wrapper-paper\/#breadcrumb\",\"itemListElement\":[{\"@type\":\"ListItem\",\"position\":1,\"name\":\"Home\",\"item\":\"https:\/\/www.nanwangpaperbag.com\/\"},{\"@type\":\"ListItem\",\"position\":2,\"name\":\"Productos\",\"item\":\"https:\/\/www.nanwangpaperbag.com\/es\/shop\/\"},{\"@type\":\"ListItem\",\"position\":3,\"name\":\"Food Wrapper Paper\"}]},{\"@type\":\"WebSite\",\"@id\":\"https:\/\/www.nanwangpaperbag.com\/#website\",\"url\":\"https:\/\/www.nanwangpaperbag.com\/\",\"name\":\"Nanwang Paper Packaging\",\"description\":\"\",\"publisher\":{\"@id\":\"https:\/\/www.nanwangpaperbag.com\/#organization\"},\"potentialAction\":[{\"@type\":\"SearchAction\",\"target\":{\"@type\":\"EntryPoint\",\"urlTemplate\":\"https:\/\/www.nanwangpaperbag.com\/?s={search_term_string}\"},\"query-input\":\"required name=search_term_string\"}],\"inLanguage\":\"pt-PT\"},{\"@type\":\"Organization\",\"@id\":\"https:\/\/www.nanwangpaperbag.com\/#organization\",\"name\":\"Nanwang Pack\",\"url\":\"https:\/\/www.nanwangpaperbag.com\/\",\"logo\":{\"@type\":\"ImageObject\",\"inLanguage\":\"pt-PT\",\"@id\":\"https:\/\/www.nanwangpaperbag.com\/#\/schema\/logo\/image\/\",\"url\":\"https:\/\/www.nanwangpaperbag.com\/wp-content\/uploads\/2025\/03\/logo2.webp\",\"contentUrl\":\"https:\/\/www.nanwangpaperbag.com\/wp-content\/uploads\/2025\/03\/logo2.webp\",\"width\":433,\"height\":407,\"caption\":\"Nanwang Pack\"},\"image\":{\"@id\":\"https:\/\/www.nanwangpaperbag.com\/#\/schema\/logo\/image\/\"},\"sameAs\":[\"https:\/\/www.facebook.com\/NanwangPaperBag\",\"https:\/\/x.com\/NanwangPack\",\"https:\/\/www.linkedin.com\/company\/nanwang-paper-bag\/\",\"https:\/\/www.youtube.com\/@NanwangPaperBag\",\"https:\/\/www.tiktok.com\/@nanwangpaperbag\"]}]}<\/script>\n<!-- \/ Yoast SEO plugin. -->","yoast_head_json":{"title":"Food Wrapper Paper - Nanwang Paper Packaging","description":"Food Wrapper Paper - Nanwang Paper Packaging , we supply Luxury Paper Bags, Shopping Paper Bag, Paper Carry Bag, Delivery Bag for you with good price.","robots":{"index":"index","follow":"follow","max-snippet":"max-snippet:-1","max-image-preview":"max-image-preview:large","max-video-preview":"max-video-preview:-1"},"canonical":"https:\/\/www.nanwangpaperbag.com\/pt\/produto\/papel-de-embrulho-para-alimentos\/","og_locale":"pt_PT","og_type":"article","og_title":"Food Wrapper Paper - Nanwang Paper Packaging","og_description":"Food Wrapper Paper - Nanwang Paper Packaging , we supply Luxury Paper Bags, Shopping Paper Bag, Paper Carry Bag, Delivery Bag for you with good price.","og_url":"https:\/\/www.nanwangpaperbag.com\/pt\/produto\/papel-de-embrulho-para-alimentos\/","og_site_name":"Nanwang Paper Packaging","article_publisher":"https:\/\/www.facebook.com\/NanwangPaperBag","article_modified_time":"2025-05-14T06:50:24+00:00","og_image":[{"width":730,"height":730,"url":"https:\/\/www.nanwangpaperbag.com\/wp-content\/uploads\/2025\/04\/Food-Wrapper-Paper_1-1.webp","type":"image\/webp"}],"twitter_card":"summary_large_image","twitter_site":"@NanwangPack","twitter_misc":{"Tempo estimado de leitura":"2 minutos"},"schema":{"@context":"https:\/\/schema.org","@graph":[{"@type":"WebPage","@id":"https:\/\/www.nanwangpaperbag.com\/product\/food-wrapper-paper\/","url":"https:\/\/www.nanwangpaperbag.com\/product\/food-wrapper-paper\/","name":"Food Wrapper Paper - Nanwang Paper Packaging","isPartOf":{"@id":"https:\/\/www.nanwangpaperbag.com\/#website"},"primaryImageOfPage":{"@id":"https:\/\/www.nanwangpaperbag.com\/product\/food-wrapper-paper\/#primaryimage"},"image":{"@id":"https:\/\/www.nanwangpaperbag.com\/product\/food-wrapper-paper\/#primaryimage"},"thumbnailUrl":"https:\/\/www.nanwangpaperbag.com\/wp-content\/uploads\/2025\/04\/Food-Wrapper-Paper_1-1.webp","datePublished":"2025-04-17T01:57:10+00:00","dateModified":"2025-05-14T06:50:24+00:00","description":"Food Wrapper Paper - Nanwang Paper Packaging , we supply Luxury Paper Bags, Shopping Paper Bag, Paper Carry Bag, Delivery Bag for you with good price.","breadcrumb":{"@id":"https:\/\/www.nanwangpaperbag.com\/product\/food-wrapper-paper\/#breadcrumb"},"inLanguage":"pt-PT","potentialAction":[{"@type":"ReadAction","target":["https:\/\/www.nanwangpaperbag.com\/product\/food-wrapper-paper\/"]}]},{"@type":"ImageObject","inLanguage":"pt-PT","@id":"https:\/\/www.nanwangpaperbag.com\/product\/food-wrapper-paper\/#primaryimage","url":"https:\/\/www.nanwangpaperbag.com\/wp-content\/uploads\/2025\/04\/Food-Wrapper-Paper_1-1.webp","contentUrl":"https:\/\/www.nanwangpaperbag.com\/wp-content\/uploads\/2025\/04\/Food-Wrapper-Paper_1-1.webp","width":730,"height":730,"caption":"Food Wrapper Paper"},{"@type":"BreadcrumbList","@id":"https:\/\/www.nanwangpaperbag.com\/product\/food-wrapper-paper\/#breadcrumb","itemListElement":[{"@type":"ListItem","position":1,"name":"Home","item":"https:\/\/www.nanwangpaperbag.com\/"},{"@type":"ListItem","position":2,"name":"Productos","item":"https:\/\/www.nanwangpaperbag.com\/es\/shop\/"},{"@type":"ListItem","position":3,"name":"Food Wrapper Paper"}]},{"@type":"WebSite","@id":"https:\/\/www.nanwangpaperbag.com\/#website","url":"https:\/\/www.nanwangpaperbag.com\/","name":"Nanwang Paper Packaging","description":"","publisher":{"@id":"https:\/\/www.nanwangpaperbag.com\/#organization"},"potentialAction":[{"@type":"SearchAction","target":{"@type":"EntryPoint","urlTemplate":"https:\/\/www.nanwangpaperbag.com\/?s={search_term_string}"},"query-input":"required name=search_term_string"}],"inLanguage":"pt-PT"},{"@type":"Organization","@id":"https:\/\/www.nanwangpaperbag.com\/#organization","name":"Nanwang Pack","url":"https:\/\/www.nanwangpaperbag.com\/","logo":{"@type":"ImageObject","inLanguage":"pt-PT","@id":"https:\/\/www.nanwangpaperbag.com\/#\/schema\/logo\/image\/","url":"https:\/\/www.nanwangpaperbag.com\/wp-content\/uploads\/2025\/03\/logo2.webp","contentUrl":"https:\/\/www.nanwangpaperbag.com\/wp-content\/uploads\/2025\/03\/logo2.webp","width":433,"height":407,"caption":"Nanwang Pack"},"image":{"@id":"https:\/\/www.nanwangpaperbag.com\/#\/schema\/logo\/image\/"},"sameAs":["https:\/\/www.facebook.com\/NanwangPaperBag","https:\/\/x.com\/NanwangPack","https:\/\/www.linkedin.com\/company\/nanwang-paper-bag\/","https:\/\/www.youtube.com\/@NanwangPaperBag","https:\/\/www.tiktok.com\/@nanwangpaperbag"]}]}},"_links":{"self":[{"href":"https:\/\/www.nanwangpaperbag.com\/pt\/wp-json\/wp\/v2\/product\/12392"}],"collection":[{"href":"https:\/\/www.nanwangpaperbag.com\/pt\/wp-json\/wp\/v2\/product"}],"about":[{"href":"https:\/\/www.nanwangpaperbag.com\/pt\/wp-json\/wp\/v2\/types\/product"}],"replies":[{"embeddable":true,"href":"https:\/\/www.nanwangpaperbag.com\/pt\/wp-json\/wp\/v2\/comments?post=12392"}],"wp:featuredmedia":[{"embeddable":true,"href":"https:\/\/www.nanwangpaperbag.com\/pt\/wp-json\/wp\/v2\/media\/12396"}],"wp:attachment":[{"href":"https:\/\/www.nanwangpaperbag.com\/pt\/wp-json\/wp\/v2\/media?parent=12392"}],"wp:term":[{"taxonomy":"product_cat","embeddable":true,"href":"https:\/\/www.nanwangpaperbag.com\/pt\/wp-json\/wp\/v2\/product_cat?post=12392"},{"taxonomy":"product_tag","embeddable":true,"href":"https:\/\/www.nanwangpaperbag.com\/pt\/wp-json\/wp\/v2\/product_tag?post=12392"}],"curies":[{"name":"wp","href":"https:\/\/api.w.org\/{rel}","templated":true}]}}