{"id":12393,"date":"2025-04-17T01:57:11","date_gmt":"2025-04-17T01:57:11","guid":{"rendered":"https:\/\/www.nanwangpaperbag.com\/?post_type=product&#038;p=12393"},"modified":"2025-05-14T06:57:42","modified_gmt":"2025-05-14T06:57:42","slug":"sandwich-wrapping-paper","status":"publish","type":"product","link":"https:\/\/www.nanwangpaperbag.com\/pt\/produto\/sandwich-wrapping-paper\/","title":{"rendered":"Papel de embrulho para sandu\u00edches"},"content":{"rendered":"<p>O <a href=\"https:\/\/www.nanwangpaperbag.com\/pt\/produto\/sandwich-wrapping-paper\/\"><strong>Sandwich wrapping paper<\/strong><\/a> is waxed paper for food packing, food takeout, like hamburger, chips, chicken loaf etc. With the well automatically equipment facilities and strong technical force, our products is widely used in food and bakery factory, household, hotel, restaurant and super market.<br \/>\nOur goods are in good quality, healthy and safe in use, in accordance with the international health organization food safe certificate tested by SGS. Our <a href=\"https:\/\/www.nanwangpaperbag.com\/pt\/category\/food-service-disposables\/\"><strong>produtos descart\u00e1veis para o sector alimentar<\/strong><\/a> are in good quality, healthy and safe in use, in accordance with the international health organization food safe certificate tested by SGS. Over 10 year experience in the food packing, we are familiar with global and domestic market, and also suppliers in China.<\/p>\n<p><img loading=\"lazy\" decoding=\"async\" class=\"size-full wp-image-12401 aligncenter\" data-src=\"https:\/\/www.nanwangpaperbag.com\/wp-content\/uploads\/2025\/04\/Sandwich-Wrapping-Paper_1.webp\" alt=\"Papel de embrulho para sandu\u00edches\" width=\"450\" height=\"356\" srcset=\"https:\/\/www.nanwangpaperbag.com\/wp-content\/uploads\/2025\/04\/Sandwich-Wrapping-Paper_1.webp 450w, https:\/\/www.nanwangpaperbag.com\/wp-content\/uploads\/2025\/04\/Sandwich-Wrapping-Paper_1-300x237.webp 300w, https:\/\/www.nanwangpaperbag.com\/wp-content\/uploads\/2025\/04\/Sandwich-Wrapping-Paper_1-15x12.webp 15w\" sizes=\"(max-width: 450px) 100vw, 450px\" \/><\/p>\n<h2>Carater\u00edsticas<\/h2>\n<p>Qualidade alimentar<br \/>\n\u25cf 100% recicl\u00e1vel<br \/>\nConveniente<br \/>\n\u00c0 prova de gordura<\/p>\n<h2>Mais pormenores<\/h2>\n<ul>\n<li>cafeteria<\/li>\n<li>precision parts processing<\/li>\n<li>our factory appearance<\/li>\n<li>precision parts processing<\/li>\n<\/ul>\n<p><img loading=\"lazy\" decoding=\"async\" class=\"wp-image-12400 aligncenter\" data-src=\"https:\/\/www.nanwangpaperbag.com\/wp-content\/uploads\/2025\/04\/Sandwich-Wrappe-Paper_2.webp\" alt=\"Papel de embrulho para sandu\u00edches\" width=\"787\" height=\"488\" \/><\/p>\n<h2>FAQ<\/h2>\n<p>Q1: Which market is largest market you are exporting?<br \/>\nA: North America, about 100 containers per month.<\/p>\n<p>Q2. What forms of payment do you accept?<br \/>\nR: Normalmente aceitamos T\/T. Por vezes L\/C.<\/p>\n<p>Q3. How do I know if it is safe to deal with you?<br \/>\nR: A Nanwang \u00e9 uma empresa de confian\u00e7a, pelo que pode crescer t\u00e3o rapidamente que n\u00e3o precisa de se preocupar com a sua seguran\u00e7a.<\/p>\n<p>Q4.Is there any discount for bulk\/volume purchases?<br \/>\nR: Os nossos pre\u00e7os dependem do QTY, quanto maior for o QTY da encomenda, mais baixos ser\u00e3o os pre\u00e7os.<\/p>\n<p>Q5.Do you ship internationally?<br \/>\nR: Sim, temos! Exportamos mais de 2000 contentores 40HQ por ano.<\/p>","protected":false},"excerpt":{"rendered":"<p>Item:Sandwich wrapping paper<br \/>\nTamanho: Personalizado<br \/>\nLog\u00f3tipo:Log\u00f3tipo personalizado<br \/>\nTipo de papel: Papel 23gsm+cera 8gsm<br \/>\nCor: cor pantone, 1-5 cores<br \/>\nMOQ:1000000pcs, lower QTY, pls contact us by sales@nwpak.com<\/p>","protected":false},"featured_media":12402,"comment_status":"open","ping_status":"closed","template":"","meta":{"_et_pb_use_builder":"","_et_pb_old_content":"","_et_gb_content_width":""},"product_cat":[284,288],"product_tag":[311,343],"yoast_head":"<!-- This site is optimized with the Yoast SEO plugin v22.7 - https:\/\/yoast.com\/wordpress\/plugins\/seo\/ -->\n<title>Sandwich Wrapping Paper - Nanwang Paper Packaging<\/title>\n<meta name=\"description\" content=\"Sandwich Wrapping Paper - Nanwang Paper Packaging , we supply Luxury Paper Bags, Shopping Paper Bag, Paper Carry Bag, Delivery Bag for you with good price.\" \/>\n<meta name=\"robots\" content=\"index, follow, max-snippet:-1, max-image-preview:large, max-video-preview:-1\" \/>\n<link rel=\"canonical\" href=\"https:\/\/www.nanwangpaperbag.com\/pt\/produto\/sandwich-wrapping-paper\/\" \/>\n<meta property=\"og:locale\" content=\"pt_PT\" \/>\n<meta property=\"og:type\" content=\"article\" \/>\n<meta property=\"og:title\" content=\"Sandwich Wrapping Paper - Nanwang Paper Packaging\" \/>\n<meta property=\"og:description\" content=\"Sandwich Wrapping Paper - Nanwang Paper Packaging , we supply Luxury Paper Bags, Shopping Paper Bag, Paper Carry Bag, Delivery Bag for you with good price.\" \/>\n<meta property=\"og:url\" content=\"https:\/\/www.nanwangpaperbag.com\/pt\/produto\/sandwich-wrapping-paper\/\" \/>\n<meta property=\"og:site_name\" content=\"Nanwang Paper Packaging\" \/>\n<meta property=\"article:publisher\" content=\"https:\/\/www.facebook.com\/NanwangPaperBag\" \/>\n<meta property=\"article:modified_time\" content=\"2025-05-14T06:57:42+00:00\" \/>\n<meta property=\"og:image\" content=\"https:\/\/www.nanwangpaperbag.com\/wp-content\/uploads\/2025\/04\/Sandwich-Wrapping-Paper_1-1.webp\" \/>\n\t<meta property=\"og:image:width\" content=\"800\" \/>\n\t<meta property=\"og:image:height\" content=\"800\" \/>\n\t<meta property=\"og:image:type\" content=\"image\/webp\" \/>\n<meta name=\"twitter:card\" content=\"summary_large_image\" \/>\n<meta name=\"twitter:site\" content=\"@NanwangPack\" \/>\n<meta name=\"twitter:label1\" content=\"Tempo estimado de leitura\" \/>\n\t<meta name=\"twitter:data1\" content=\"2 minutos\" \/>\n<script type=\"application\/ld+json\" class=\"yoast-schema-graph\">{\"@context\":\"https:\/\/schema.org\",\"@graph\":[{\"@type\":\"WebPage\",\"@id\":\"https:\/\/www.nanwangpaperbag.com\/product\/sandwich-wrapping-paper\/\",\"url\":\"https:\/\/www.nanwangpaperbag.com\/product\/sandwich-wrapping-paper\/\",\"name\":\"Sandwich Wrapping Paper - Nanwang Paper Packaging\",\"isPartOf\":{\"@id\":\"https:\/\/www.nanwangpaperbag.com\/#website\"},\"primaryImageOfPage\":{\"@id\":\"https:\/\/www.nanwangpaperbag.com\/product\/sandwich-wrapping-paper\/#primaryimage\"},\"image\":{\"@id\":\"https:\/\/www.nanwangpaperbag.com\/product\/sandwich-wrapping-paper\/#primaryimage\"},\"thumbnailUrl\":\"https:\/\/www.nanwangpaperbag.com\/wp-content\/uploads\/2025\/04\/Sandwich-Wrapping-Paper_1-1.webp\",\"datePublished\":\"2025-04-17T01:57:11+00:00\",\"dateModified\":\"2025-05-14T06:57:42+00:00\",\"description\":\"Sandwich Wrapping Paper - Nanwang Paper Packaging , we supply Luxury Paper Bags, Shopping Paper Bag, Paper Carry Bag, Delivery Bag for you with good price.\",\"breadcrumb\":{\"@id\":\"https:\/\/www.nanwangpaperbag.com\/product\/sandwich-wrapping-paper\/#breadcrumb\"},\"inLanguage\":\"pt-PT\",\"potentialAction\":[{\"@type\":\"ReadAction\",\"target\":[\"https:\/\/www.nanwangpaperbag.com\/product\/sandwich-wrapping-paper\/\"]}]},{\"@type\":\"ImageObject\",\"inLanguage\":\"pt-PT\",\"@id\":\"https:\/\/www.nanwangpaperbag.com\/product\/sandwich-wrapping-paper\/#primaryimage\",\"url\":\"https:\/\/www.nanwangpaperbag.com\/wp-content\/uploads\/2025\/04\/Sandwich-Wrapping-Paper_1-1.webp\",\"contentUrl\":\"https:\/\/www.nanwangpaperbag.com\/wp-content\/uploads\/2025\/04\/Sandwich-Wrapping-Paper_1-1.webp\",\"width\":800,\"height\":800,\"caption\":\"Sandwich Wrapping Paper\"},{\"@type\":\"BreadcrumbList\",\"@id\":\"https:\/\/www.nanwangpaperbag.com\/product\/sandwich-wrapping-paper\/#breadcrumb\",\"itemListElement\":[{\"@type\":\"ListItem\",\"position\":1,\"name\":\"Home\",\"item\":\"https:\/\/www.nanwangpaperbag.com\/\"},{\"@type\":\"ListItem\",\"position\":2,\"name\":\"Productos\",\"item\":\"https:\/\/www.nanwangpaperbag.com\/es\/shop\/\"},{\"@type\":\"ListItem\",\"position\":3,\"name\":\"Sandwich Wrapping Paper\"}]},{\"@type\":\"WebSite\",\"@id\":\"https:\/\/www.nanwangpaperbag.com\/#website\",\"url\":\"https:\/\/www.nanwangpaperbag.com\/\",\"name\":\"Nanwang Paper Packaging\",\"description\":\"\",\"publisher\":{\"@id\":\"https:\/\/www.nanwangpaperbag.com\/#organization\"},\"potentialAction\":[{\"@type\":\"SearchAction\",\"target\":{\"@type\":\"EntryPoint\",\"urlTemplate\":\"https:\/\/www.nanwangpaperbag.com\/?s={search_term_string}\"},\"query-input\":\"required name=search_term_string\"}],\"inLanguage\":\"pt-PT\"},{\"@type\":\"Organization\",\"@id\":\"https:\/\/www.nanwangpaperbag.com\/#organization\",\"name\":\"Nanwang Pack\",\"url\":\"https:\/\/www.nanwangpaperbag.com\/\",\"logo\":{\"@type\":\"ImageObject\",\"inLanguage\":\"pt-PT\",\"@id\":\"https:\/\/www.nanwangpaperbag.com\/#\/schema\/logo\/image\/\",\"url\":\"https:\/\/www.nanwangpaperbag.com\/wp-content\/uploads\/2025\/03\/logo2.webp\",\"contentUrl\":\"https:\/\/www.nanwangpaperbag.com\/wp-content\/uploads\/2025\/03\/logo2.webp\",\"width\":433,\"height\":407,\"caption\":\"Nanwang Pack\"},\"image\":{\"@id\":\"https:\/\/www.nanwangpaperbag.com\/#\/schema\/logo\/image\/\"},\"sameAs\":[\"https:\/\/www.facebook.com\/NanwangPaperBag\",\"https:\/\/x.com\/NanwangPack\",\"https:\/\/www.linkedin.com\/company\/nanwang-paper-bag\/\",\"https:\/\/www.youtube.com\/@NanwangPaperBag\",\"https:\/\/www.tiktok.com\/@nanwangpaperbag\"]}]}<\/script>\n<!-- \/ Yoast SEO plugin. -->","yoast_head_json":{"title":"Sandwich Wrapping Paper - Nanwang Paper Packaging","description":"Sandwich Wrapping Paper - Nanwang Paper Packaging , we supply Luxury Paper Bags, Shopping Paper Bag, Paper Carry Bag, Delivery Bag for you with good price.","robots":{"index":"index","follow":"follow","max-snippet":"max-snippet:-1","max-image-preview":"max-image-preview:large","max-video-preview":"max-video-preview:-1"},"canonical":"https:\/\/www.nanwangpaperbag.com\/pt\/produto\/sandwich-wrapping-paper\/","og_locale":"pt_PT","og_type":"article","og_title":"Sandwich Wrapping Paper - Nanwang Paper Packaging","og_description":"Sandwich Wrapping Paper - Nanwang Paper Packaging , we supply Luxury Paper Bags, Shopping Paper Bag, Paper Carry Bag, Delivery Bag for you with good price.","og_url":"https:\/\/www.nanwangpaperbag.com\/pt\/produto\/sandwich-wrapping-paper\/","og_site_name":"Nanwang Paper Packaging","article_publisher":"https:\/\/www.facebook.com\/NanwangPaperBag","article_modified_time":"2025-05-14T06:57:42+00:00","og_image":[{"width":800,"height":800,"url":"https:\/\/www.nanwangpaperbag.com\/wp-content\/uploads\/2025\/04\/Sandwich-Wrapping-Paper_1-1.webp","type":"image\/webp"}],"twitter_card":"summary_large_image","twitter_site":"@NanwangPack","twitter_misc":{"Tempo estimado de leitura":"2 minutos"},"schema":{"@context":"https:\/\/schema.org","@graph":[{"@type":"WebPage","@id":"https:\/\/www.nanwangpaperbag.com\/product\/sandwich-wrapping-paper\/","url":"https:\/\/www.nanwangpaperbag.com\/product\/sandwich-wrapping-paper\/","name":"Sandwich Wrapping Paper - Nanwang Paper Packaging","isPartOf":{"@id":"https:\/\/www.nanwangpaperbag.com\/#website"},"primaryImageOfPage":{"@id":"https:\/\/www.nanwangpaperbag.com\/product\/sandwich-wrapping-paper\/#primaryimage"},"image":{"@id":"https:\/\/www.nanwangpaperbag.com\/product\/sandwich-wrapping-paper\/#primaryimage"},"thumbnailUrl":"https:\/\/www.nanwangpaperbag.com\/wp-content\/uploads\/2025\/04\/Sandwich-Wrapping-Paper_1-1.webp","datePublished":"2025-04-17T01:57:11+00:00","dateModified":"2025-05-14T06:57:42+00:00","description":"Sandwich Wrapping Paper - Nanwang Paper Packaging , we supply Luxury Paper Bags, Shopping Paper Bag, Paper Carry Bag, Delivery Bag for you with good price.","breadcrumb":{"@id":"https:\/\/www.nanwangpaperbag.com\/product\/sandwich-wrapping-paper\/#breadcrumb"},"inLanguage":"pt-PT","potentialAction":[{"@type":"ReadAction","target":["https:\/\/www.nanwangpaperbag.com\/product\/sandwich-wrapping-paper\/"]}]},{"@type":"ImageObject","inLanguage":"pt-PT","@id":"https:\/\/www.nanwangpaperbag.com\/product\/sandwich-wrapping-paper\/#primaryimage","url":"https:\/\/www.nanwangpaperbag.com\/wp-content\/uploads\/2025\/04\/Sandwich-Wrapping-Paper_1-1.webp","contentUrl":"https:\/\/www.nanwangpaperbag.com\/wp-content\/uploads\/2025\/04\/Sandwich-Wrapping-Paper_1-1.webp","width":800,"height":800,"caption":"Sandwich Wrapping Paper"},{"@type":"BreadcrumbList","@id":"https:\/\/www.nanwangpaperbag.com\/product\/sandwich-wrapping-paper\/#breadcrumb","itemListElement":[{"@type":"ListItem","position":1,"name":"Home","item":"https:\/\/www.nanwangpaperbag.com\/"},{"@type":"ListItem","position":2,"name":"Productos","item":"https:\/\/www.nanwangpaperbag.com\/es\/shop\/"},{"@type":"ListItem","position":3,"name":"Sandwich Wrapping Paper"}]},{"@type":"WebSite","@id":"https:\/\/www.nanwangpaperbag.com\/#website","url":"https:\/\/www.nanwangpaperbag.com\/","name":"Nanwang Paper Packaging","description":"","publisher":{"@id":"https:\/\/www.nanwangpaperbag.com\/#organization"},"potentialAction":[{"@type":"SearchAction","target":{"@type":"EntryPoint","urlTemplate":"https:\/\/www.nanwangpaperbag.com\/?s={search_term_string}"},"query-input":"required name=search_term_string"}],"inLanguage":"pt-PT"},{"@type":"Organization","@id":"https:\/\/www.nanwangpaperbag.com\/#organization","name":"Nanwang Pack","url":"https:\/\/www.nanwangpaperbag.com\/","logo":{"@type":"ImageObject","inLanguage":"pt-PT","@id":"https:\/\/www.nanwangpaperbag.com\/#\/schema\/logo\/image\/","url":"https:\/\/www.nanwangpaperbag.com\/wp-content\/uploads\/2025\/03\/logo2.webp","contentUrl":"https:\/\/www.nanwangpaperbag.com\/wp-content\/uploads\/2025\/03\/logo2.webp","width":433,"height":407,"caption":"Nanwang Pack"},"image":{"@id":"https:\/\/www.nanwangpaperbag.com\/#\/schema\/logo\/image\/"},"sameAs":["https:\/\/www.facebook.com\/NanwangPaperBag","https:\/\/x.com\/NanwangPack","https:\/\/www.linkedin.com\/company\/nanwang-paper-bag\/","https:\/\/www.youtube.com\/@NanwangPaperBag","https:\/\/www.tiktok.com\/@nanwangpaperbag"]}]}},"_links":{"self":[{"href":"https:\/\/www.nanwangpaperbag.com\/pt\/wp-json\/wp\/v2\/product\/12393"}],"collection":[{"href":"https:\/\/www.nanwangpaperbag.com\/pt\/wp-json\/wp\/v2\/product"}],"about":[{"href":"https:\/\/www.nanwangpaperbag.com\/pt\/wp-json\/wp\/v2\/types\/product"}],"replies":[{"embeddable":true,"href":"https:\/\/www.nanwangpaperbag.com\/pt\/wp-json\/wp\/v2\/comments?post=12393"}],"wp:featuredmedia":[{"embeddable":true,"href":"https:\/\/www.nanwangpaperbag.com\/pt\/wp-json\/wp\/v2\/media\/12402"}],"wp:attachment":[{"href":"https:\/\/www.nanwangpaperbag.com\/pt\/wp-json\/wp\/v2\/media?parent=12393"}],"wp:term":[{"taxonomy":"product_cat","embeddable":true,"href":"https:\/\/www.nanwangpaperbag.com\/pt\/wp-json\/wp\/v2\/product_cat?post=12393"},{"taxonomy":"product_tag","embeddable":true,"href":"https:\/\/www.nanwangpaperbag.com\/pt\/wp-json\/wp\/v2\/product_tag?post=12393"}],"curies":[{"name":"wp","href":"https:\/\/api.w.org\/{rel}","templated":true}]}}