{"id":12407,"date":"2025-04-16T02:11:43","date_gmt":"2025-04-16T02:11:43","guid":{"rendered":"https:\/\/www.nanwangpaperbag.com\/?post_type=product&#038;p=12407"},"modified":"2025-05-14T06:58:08","modified_gmt":"2025-05-14T06:58:08","slug":"white-paper-placemats","status":"publish","type":"product","link":"https:\/\/www.nanwangpaperbag.com\/pt\/produto\/white-paper-placemats\/","title":{"rendered":"Individuais de papel branco"},"content":{"rendered":"<p>Mantenha o seu restaurante higi\u00e9nico! Qualquer pessoa que trabalhe no sector dos servi\u00e7os alimentares sabe que a higiene \u00e9 de extrema import\u00e2ncia. Os nossos individuais de mesa descart\u00e1veis apresentam uma superf\u00edcie fresca e higi\u00e9nica para cada cliente em cada visita. Proteja os seus tampos de mesa! Os individuais de mesa podem ajudar a proteger a sua mob\u00edlia contra derrames, manchas e gordura. Estes<a href=\"https:\/\/www.nanwangpaperbag.com\/pt\/category\/foodservice-disposables\/paper-placemats\/\"><strong> individuais de papel<\/strong><\/a> s\u00e3o coloridos com tinta de cor r\u00e1pida, pelo que a cor n\u00e3o escorre nem sangra. Isto significa que as suas mesas n\u00e3o ser\u00e3o danificadas pela tinta. Combine com o seu estilo! Os nossos individuais de mesa est\u00e3o dispon\u00edveis numa variedade de cores e desenhos, o que significa que poder\u00e1 encontrar a combina\u00e7\u00e3o perfeita para a personalidade da sua marca.<\/p>\n<p><img loading=\"lazy\" decoding=\"async\" class=\"size-full wp-image-12409 aligncenter\" data-src=\"https:\/\/www.nanwangpaperbag.com\/wp-content\/uploads\/2025\/04\/White-Paper-Placemats_1.webp\" alt=\"Individuais de papel branco\" width=\"771\" height=\"520\" srcset=\"https:\/\/www.nanwangpaperbag.com\/wp-content\/uploads\/2025\/04\/White-Paper-Placemats_1.webp 771w, https:\/\/www.nanwangpaperbag.com\/wp-content\/uploads\/2025\/04\/White-Paper-Placemats_1-480x324.webp 480w\" sizes=\"(min-width: 0px) and (max-width: 480px) 480px, (min-width: 481px) 771px, 100vw\" \/><\/p>\n<h2>MATERIAL STANDARD RECOMENDADO<\/h2>\n<p>Papel de gramagem leve super branco 50GSM<\/p>\n<p>Papel de jornal 50GSM<\/p>\n<p>Papel de 60 a 80 g\/m\u00b2<\/p>\n<h2>Carater\u00edsticas<\/h2>\n<p>Tintas ambientais<br \/>\nAnti-alta e baixa temperatura, \u00e0 prova de \u00e1gua<br \/>\nPublicidade perfeita<br \/>\nSele\u00e7\u00e3o de v\u00e1rios estilos<br \/>\nImpermeabiliza\u00e7\u00e3o de gorduras<br \/>\nTapete antiderrapante para tabuleiros<\/p>\n<h2>FAQ<\/h2>\n<p>Q1. Qual \u00e9 a capacidade da vossa f\u00e1brica?<br \/>\nA:200 milh\u00f5es de unidades de capacidade de sacos de compras por m\u00eas, e 900 milh\u00f5es de unidades <a href=\"https:\/\/www.nanwangpaperbag.com\/pt\/category\/food-service-disposables\/\"><strong>embalagens descart\u00e1veis para servi\u00e7os alimentares<\/strong><\/a> por m\u00eas.<\/p>\n<p>Q2: Podemos criar a nossa pr\u00f3pria marca?<br \/>\nA: Sim, n\u00f3s podemos fornecer o servi\u00e7o OEM.<\/p>\n<p>Q3: Onde est\u00e1 localizada a vossa f\u00e1brica? Posso l\u00e1 ir?<br \/>\nR: Temos 6 f\u00e1bricas, 5 na China e 1 na Mal\u00e1sia. Bem-vindo \u00e0 vossa visita.<\/p>\n<p>Q4: Como posso obter algumas amostras?<br \/>\nR: Se tivermos a amostra em stock, fornecer-lhe-emos. A taxa da amostra ser-lhe-\u00e1 devolvida nas encomendas posteriores<br \/>\n2. Se a amostra for personalizada, n\u00f3s a faremos para voc\u00ea, ent\u00e3o voc\u00ea deve pagar a taxa da amostra e o frete, de qualquer forma a taxa da amostra ser\u00e1 paga de volta para voc\u00ea nos pedidos posteriores.<\/p>\n<p>Q5.Podem reembolsar o custo da placa?<br \/>\nR: Sim, se o QTY da encomenda for grande, reembolsaremos o custo da placa.<\/p>","protected":false},"excerpt":{"rendered":"<p>Artigo:Individual de papel branco<br \/>\nTamanho: Personalizado<br \/>\nLog\u00f3tipo:log\u00f3tipo personalizado<br \/>\nMaterial de papel:Papel Kraft branco<br \/>\nImpress\u00e3o:impress\u00e3o flexogr\u00e1fica<br \/>\nTempo de amostragem: 3-5 dias<br \/>\nPrazo de execu\u00e7\u00e3o: 35-45 dias<\/p>","protected":false},"featured_media":12410,"comment_status":"open","ping_status":"closed","template":"","meta":{"_et_pb_use_builder":"","_et_pb_old_content":"","_et_gb_content_width":""},"product_cat":[284,289],"product_tag":[309,351],"yoast_head":"<!-- This site is optimized with the Yoast SEO plugin v22.7 - https:\/\/yoast.com\/wordpress\/plugins\/seo\/ -->\n<title>White Paper Placemats - Nanwang Paper Packaging<\/title>\n<meta name=\"description\" content=\"White Paper Placemats - Nanwang Paper Packaging , we supply Luxury Paper Bags, Shopping Paper Bag, Paper Carry Bag, Delivery Bag for you with good price.\" \/>\n<meta name=\"robots\" content=\"index, follow, max-snippet:-1, max-image-preview:large, max-video-preview:-1\" \/>\n<link rel=\"canonical\" href=\"https:\/\/www.nanwangpaperbag.com\/pt\/produto\/white-paper-placemats\/\" \/>\n<meta property=\"og:locale\" content=\"pt_PT\" \/>\n<meta property=\"og:type\" content=\"article\" \/>\n<meta property=\"og:title\" content=\"White Paper Placemats - Nanwang Paper Packaging\" \/>\n<meta property=\"og:description\" content=\"White Paper Placemats - Nanwang Paper Packaging , we supply Luxury Paper Bags, Shopping Paper Bag, Paper Carry Bag, Delivery Bag for you with good price.\" \/>\n<meta property=\"og:url\" content=\"https:\/\/www.nanwangpaperbag.com\/pt\/produto\/white-paper-placemats\/\" \/>\n<meta property=\"og:site_name\" content=\"Nanwang Paper Packaging\" \/>\n<meta property=\"article:publisher\" content=\"https:\/\/www.facebook.com\/NanwangPaperBag\" \/>\n<meta property=\"article:modified_time\" content=\"2025-05-14T06:58:08+00:00\" \/>\n<meta property=\"og:image\" content=\"https:\/\/www.nanwangpaperbag.com\/wp-content\/uploads\/2025\/04\/White-Paper-Placemats_1-1.webp\" \/>\n\t<meta property=\"og:image:width\" content=\"800\" \/>\n\t<meta property=\"og:image:height\" content=\"800\" \/>\n\t<meta property=\"og:image:type\" content=\"image\/webp\" \/>\n<meta name=\"twitter:card\" content=\"summary_large_image\" \/>\n<meta name=\"twitter:site\" content=\"@NanwangPack\" \/>\n<meta name=\"twitter:label1\" content=\"Tempo estimado de leitura\" \/>\n\t<meta name=\"twitter:data1\" content=\"2 minutos\" \/>\n<script type=\"application\/ld+json\" class=\"yoast-schema-graph\">{\"@context\":\"https:\/\/schema.org\",\"@graph\":[{\"@type\":\"WebPage\",\"@id\":\"https:\/\/www.nanwangpaperbag.com\/product\/white-paper-placemats\/\",\"url\":\"https:\/\/www.nanwangpaperbag.com\/product\/white-paper-placemats\/\",\"name\":\"White Paper Placemats - Nanwang Paper Packaging\",\"isPartOf\":{\"@id\":\"https:\/\/www.nanwangpaperbag.com\/#website\"},\"primaryImageOfPage\":{\"@id\":\"https:\/\/www.nanwangpaperbag.com\/product\/white-paper-placemats\/#primaryimage\"},\"image\":{\"@id\":\"https:\/\/www.nanwangpaperbag.com\/product\/white-paper-placemats\/#primaryimage\"},\"thumbnailUrl\":\"https:\/\/www.nanwangpaperbag.com\/wp-content\/uploads\/2025\/04\/White-Paper-Placemats_1-1.webp\",\"datePublished\":\"2025-04-16T02:11:43+00:00\",\"dateModified\":\"2025-05-14T06:58:08+00:00\",\"description\":\"White Paper Placemats - Nanwang Paper Packaging , we supply Luxury Paper Bags, Shopping Paper Bag, Paper Carry Bag, Delivery Bag for you with good price.\",\"breadcrumb\":{\"@id\":\"https:\/\/www.nanwangpaperbag.com\/product\/white-paper-placemats\/#breadcrumb\"},\"inLanguage\":\"pt-PT\",\"potentialAction\":[{\"@type\":\"ReadAction\",\"target\":[\"https:\/\/www.nanwangpaperbag.com\/product\/white-paper-placemats\/\"]}]},{\"@type\":\"ImageObject\",\"inLanguage\":\"pt-PT\",\"@id\":\"https:\/\/www.nanwangpaperbag.com\/product\/white-paper-placemats\/#primaryimage\",\"url\":\"https:\/\/www.nanwangpaperbag.com\/wp-content\/uploads\/2025\/04\/White-Paper-Placemats_1-1.webp\",\"contentUrl\":\"https:\/\/www.nanwangpaperbag.com\/wp-content\/uploads\/2025\/04\/White-Paper-Placemats_1-1.webp\",\"width\":800,\"height\":800,\"caption\":\"White Paper Placemats\"},{\"@type\":\"BreadcrumbList\",\"@id\":\"https:\/\/www.nanwangpaperbag.com\/product\/white-paper-placemats\/#breadcrumb\",\"itemListElement\":[{\"@type\":\"ListItem\",\"position\":1,\"name\":\"Home\",\"item\":\"https:\/\/www.nanwangpaperbag.com\/\"},{\"@type\":\"ListItem\",\"position\":2,\"name\":\"Productos\",\"item\":\"https:\/\/www.nanwangpaperbag.com\/es\/shop\/\"},{\"@type\":\"ListItem\",\"position\":3,\"name\":\"White Paper Placemats\"}]},{\"@type\":\"WebSite\",\"@id\":\"https:\/\/www.nanwangpaperbag.com\/#website\",\"url\":\"https:\/\/www.nanwangpaperbag.com\/\",\"name\":\"Nanwang Paper Packaging\",\"description\":\"\",\"publisher\":{\"@id\":\"https:\/\/www.nanwangpaperbag.com\/#organization\"},\"potentialAction\":[{\"@type\":\"SearchAction\",\"target\":{\"@type\":\"EntryPoint\",\"urlTemplate\":\"https:\/\/www.nanwangpaperbag.com\/?s={search_term_string}\"},\"query-input\":\"required name=search_term_string\"}],\"inLanguage\":\"pt-PT\"},{\"@type\":\"Organization\",\"@id\":\"https:\/\/www.nanwangpaperbag.com\/#organization\",\"name\":\"Nanwang Pack\",\"url\":\"https:\/\/www.nanwangpaperbag.com\/\",\"logo\":{\"@type\":\"ImageObject\",\"inLanguage\":\"pt-PT\",\"@id\":\"https:\/\/www.nanwangpaperbag.com\/#\/schema\/logo\/image\/\",\"url\":\"https:\/\/www.nanwangpaperbag.com\/wp-content\/uploads\/2025\/03\/logo2.webp\",\"contentUrl\":\"https:\/\/www.nanwangpaperbag.com\/wp-content\/uploads\/2025\/03\/logo2.webp\",\"width\":433,\"height\":407,\"caption\":\"Nanwang Pack\"},\"image\":{\"@id\":\"https:\/\/www.nanwangpaperbag.com\/#\/schema\/logo\/image\/\"},\"sameAs\":[\"https:\/\/www.facebook.com\/NanwangPaperBag\",\"https:\/\/x.com\/NanwangPack\",\"https:\/\/www.linkedin.com\/company\/nanwang-paper-bag\/\",\"https:\/\/www.youtube.com\/@NanwangPaperBag\",\"https:\/\/www.tiktok.com\/@nanwangpaperbag\"]}]}<\/script>\n<!-- \/ Yoast SEO plugin. -->","yoast_head_json":{"title":"White Paper Placemats - Nanwang Paper Packaging","description":"White Paper Placemats - Nanwang Paper Packaging , we supply Luxury Paper Bags, Shopping Paper Bag, Paper Carry Bag, Delivery Bag for you with good price.","robots":{"index":"index","follow":"follow","max-snippet":"max-snippet:-1","max-image-preview":"max-image-preview:large","max-video-preview":"max-video-preview:-1"},"canonical":"https:\/\/www.nanwangpaperbag.com\/pt\/produto\/white-paper-placemats\/","og_locale":"pt_PT","og_type":"article","og_title":"White Paper Placemats - Nanwang Paper Packaging","og_description":"White Paper Placemats - Nanwang Paper Packaging , we supply Luxury Paper Bags, Shopping Paper Bag, Paper Carry Bag, Delivery Bag for you with good price.","og_url":"https:\/\/www.nanwangpaperbag.com\/pt\/produto\/white-paper-placemats\/","og_site_name":"Nanwang Paper Packaging","article_publisher":"https:\/\/www.facebook.com\/NanwangPaperBag","article_modified_time":"2025-05-14T06:58:08+00:00","og_image":[{"width":800,"height":800,"url":"https:\/\/www.nanwangpaperbag.com\/wp-content\/uploads\/2025\/04\/White-Paper-Placemats_1-1.webp","type":"image\/webp"}],"twitter_card":"summary_large_image","twitter_site":"@NanwangPack","twitter_misc":{"Tempo estimado de leitura":"2 minutos"},"schema":{"@context":"https:\/\/schema.org","@graph":[{"@type":"WebPage","@id":"https:\/\/www.nanwangpaperbag.com\/product\/white-paper-placemats\/","url":"https:\/\/www.nanwangpaperbag.com\/product\/white-paper-placemats\/","name":"White Paper Placemats - Nanwang Paper Packaging","isPartOf":{"@id":"https:\/\/www.nanwangpaperbag.com\/#website"},"primaryImageOfPage":{"@id":"https:\/\/www.nanwangpaperbag.com\/product\/white-paper-placemats\/#primaryimage"},"image":{"@id":"https:\/\/www.nanwangpaperbag.com\/product\/white-paper-placemats\/#primaryimage"},"thumbnailUrl":"https:\/\/www.nanwangpaperbag.com\/wp-content\/uploads\/2025\/04\/White-Paper-Placemats_1-1.webp","datePublished":"2025-04-16T02:11:43+00:00","dateModified":"2025-05-14T06:58:08+00:00","description":"White Paper Placemats - Nanwang Paper Packaging , we supply Luxury Paper Bags, Shopping Paper Bag, Paper Carry Bag, Delivery Bag for you with good price.","breadcrumb":{"@id":"https:\/\/www.nanwangpaperbag.com\/product\/white-paper-placemats\/#breadcrumb"},"inLanguage":"pt-PT","potentialAction":[{"@type":"ReadAction","target":["https:\/\/www.nanwangpaperbag.com\/product\/white-paper-placemats\/"]}]},{"@type":"ImageObject","inLanguage":"pt-PT","@id":"https:\/\/www.nanwangpaperbag.com\/product\/white-paper-placemats\/#primaryimage","url":"https:\/\/www.nanwangpaperbag.com\/wp-content\/uploads\/2025\/04\/White-Paper-Placemats_1-1.webp","contentUrl":"https:\/\/www.nanwangpaperbag.com\/wp-content\/uploads\/2025\/04\/White-Paper-Placemats_1-1.webp","width":800,"height":800,"caption":"White Paper Placemats"},{"@type":"BreadcrumbList","@id":"https:\/\/www.nanwangpaperbag.com\/product\/white-paper-placemats\/#breadcrumb","itemListElement":[{"@type":"ListItem","position":1,"name":"Home","item":"https:\/\/www.nanwangpaperbag.com\/"},{"@type":"ListItem","position":2,"name":"Productos","item":"https:\/\/www.nanwangpaperbag.com\/es\/shop\/"},{"@type":"ListItem","position":3,"name":"White Paper Placemats"}]},{"@type":"WebSite","@id":"https:\/\/www.nanwangpaperbag.com\/#website","url":"https:\/\/www.nanwangpaperbag.com\/","name":"Nanwang Paper Packaging","description":"","publisher":{"@id":"https:\/\/www.nanwangpaperbag.com\/#organization"},"potentialAction":[{"@type":"SearchAction","target":{"@type":"EntryPoint","urlTemplate":"https:\/\/www.nanwangpaperbag.com\/?s={search_term_string}"},"query-input":"required name=search_term_string"}],"inLanguage":"pt-PT"},{"@type":"Organization","@id":"https:\/\/www.nanwangpaperbag.com\/#organization","name":"Nanwang Pack","url":"https:\/\/www.nanwangpaperbag.com\/","logo":{"@type":"ImageObject","inLanguage":"pt-PT","@id":"https:\/\/www.nanwangpaperbag.com\/#\/schema\/logo\/image\/","url":"https:\/\/www.nanwangpaperbag.com\/wp-content\/uploads\/2025\/03\/logo2.webp","contentUrl":"https:\/\/www.nanwangpaperbag.com\/wp-content\/uploads\/2025\/03\/logo2.webp","width":433,"height":407,"caption":"Nanwang Pack"},"image":{"@id":"https:\/\/www.nanwangpaperbag.com\/#\/schema\/logo\/image\/"},"sameAs":["https:\/\/www.facebook.com\/NanwangPaperBag","https:\/\/x.com\/NanwangPack","https:\/\/www.linkedin.com\/company\/nanwang-paper-bag\/","https:\/\/www.youtube.com\/@NanwangPaperBag","https:\/\/www.tiktok.com\/@nanwangpaperbag"]}]}},"_links":{"self":[{"href":"https:\/\/www.nanwangpaperbag.com\/pt\/wp-json\/wp\/v2\/product\/12407"}],"collection":[{"href":"https:\/\/www.nanwangpaperbag.com\/pt\/wp-json\/wp\/v2\/product"}],"about":[{"href":"https:\/\/www.nanwangpaperbag.com\/pt\/wp-json\/wp\/v2\/types\/product"}],"replies":[{"embeddable":true,"href":"https:\/\/www.nanwangpaperbag.com\/pt\/wp-json\/wp\/v2\/comments?post=12407"}],"wp:featuredmedia":[{"embeddable":true,"href":"https:\/\/www.nanwangpaperbag.com\/pt\/wp-json\/wp\/v2\/media\/12410"}],"wp:attachment":[{"href":"https:\/\/www.nanwangpaperbag.com\/pt\/wp-json\/wp\/v2\/media?parent=12407"}],"wp:term":[{"taxonomy":"product_cat","embeddable":true,"href":"https:\/\/www.nanwangpaperbag.com\/pt\/wp-json\/wp\/v2\/product_cat?post=12407"},{"taxonomy":"product_tag","embeddable":true,"href":"https:\/\/www.nanwangpaperbag.com\/pt\/wp-json\/wp\/v2\/product_tag?post=12407"}],"curies":[{"name":"wp","href":"https:\/\/api.w.org\/{rel}","templated":true}]}}