{"id":12408,"date":"2025-04-16T02:11:45","date_gmt":"2025-04-16T02:11:45","guid":{"rendered":"https:\/\/www.nanwangpaperbag.com\/?post_type=product&#038;p=12408"},"modified":"2025-05-14T06:47:04","modified_gmt":"2025-05-14T06:47:04","slug":"disposable-placemats","status":"publish","type":"product","link":"https:\/\/www.nanwangpaperbag.com\/pt\/produto\/individuais-descartaveis\/","title":{"rendered":"Individuais descart\u00e1veis"},"content":{"rendered":"<p><a href=\"https:\/\/www.nanwangpaperbag.com\/pt\/produto\/individuais-descartaveis\/\"><strong>Individuais descart\u00e1veis<\/strong> <\/a>s\u00e3o amplamente utilizados nas mesas de hot\u00e9is, restaurantes de fast food e restaurantes de frango frito. S\u00e3o fabricados com papel de qualidade alimentar e tintas de qualidade alimentar, com uma impress\u00e3o requintada e respeitadora do ambiente.<\/p>\n<p>Os tamanhos s\u00e3o opcionais e podem ser personalizados de acordo com as necessidades do cliente. Entretanto, a impress\u00e3o do log\u00f3tipo nos individuais de mesa ajuda a aumentar o efeito publicit\u00e1rio.<\/p>\n<p><img loading=\"lazy\" decoding=\"async\" class=\"wp-image-12414 aligncenter\" data-src=\"https:\/\/www.nanwangpaperbag.com\/wp-content\/uploads\/2025\/04\/Disposable-Placemats_5.webp\" alt=\"Individuais descart\u00e1veis\" width=\"472\" height=\"472\" \/><\/p>\n<h2>Carater\u00edsticas<\/h2>\n<ol>\n<li>Tintas ambientais, de seguran\u00e7a e saud\u00e1veis<\/li>\n<li>\u00c0 prova de gordura<\/li>\n<li>M\u00faltiplas selec\u00e7\u00f5es de estilo<\/li>\n<li>Sustent\u00e1vel<\/li>\n<\/ol>\n<h2>Aplica\u00e7\u00e3o<\/h2>\n<ul>\n<li>Cafetaria<\/li>\n<li>Mesa de jantar<\/li>\n<li>Restaurante<\/li>\n<li>Hamburgueria<\/li>\n<li>Restaurante de pratos quentes<\/li>\n<\/ul>\n<h2>Porqu\u00ea escolher-nos<\/h2>\n<ul>\n<li>Certificados segundo as normas ISO 22000:2018 (Seguran\u00e7a Alimentar), ISO 9001:2015 (Qualidade), ISO 14001:2015 (Ambiente), FSC-COC e BRC (Grau A+), mantemos um rigoroso sistema de gest\u00e3o da qualidade especificamente concebido para <a href=\"https:\/\/www.nanwangpaperbag.com\/pt\/category\/food-service-disposables\/\"><strong>produtos alimentares descart\u00e1veis<\/strong><\/a>.<\/li>\n<li>A nossa equipa de I&amp;D, apoiada por um investimento anual superior a 30 milh\u00f5es de RMB, desenvolveu 14 tecnologias principais l\u00edderes na ind\u00fastria, incluindo o design de sacos em U com dobra interna, fixa\u00e7\u00e3o autom\u00e1tica da pega e revestimentos anti-penetra\u00e7\u00e3o, todos optimizados para o desempenho e seguran\u00e7a dos descart\u00e1veis para servi\u00e7os alimentares.<\/li>\n<li data-spm-anchor-id=\"5176.28103460.0.i6.34eb451eSgZalA\">Com 84 patentes nacionais (8 patentes de inven\u00e7\u00e3o) e 5 patentes internacionais, o nosso laborat\u00f3rio de \u00faltima gera\u00e7\u00e3o integra testes de materiais, an\u00e1lise de dados e inova\u00e7\u00e3o ecol\u00f3gica para garantir os mais elevados padr\u00f5es em produtos descart\u00e1veis para servi\u00e7os alimentares.<\/li>\n<\/ul>\n<h2>FAQ<\/h2>\n<p>Q1: Pode ajudar a conceber?<br \/>\nR:Sim, basta dizer-nos a sua ideia, aconselharemos alguns artigos de refer\u00eancia e ajudaremos a conceber o saco especialmente para si.<\/p>\n<p>Q2: O que acontece com o MOQ?<br \/>\nR: O MOQ \u00e9 de 50000 pe\u00e7as por desenho e por tamanho, mas queremos apoi\u00e1-lo com o seu novo neg\u00f3cio, uma pequena encomenda de 20000 pe\u00e7as est\u00e1 OK para ordem experimental.<\/p>\n<p>Q3: Posso obter uma amostra antes da encomenda em massa?<br \/>\nA: Sim, a fim de testar a qualidade, voc\u00ea pode obter uma amostra antes da ordem em massa. Estamos muito confiantes sobre a qualidade. E o tempo de amostra \u00e9 de 3-5 dias.<\/p>\n<p>Q4: E quanto ao vosso servi\u00e7o p\u00f3s-venda?<br \/>\nR: Respondemos a todos os inqu\u00e9ritos no prazo de 12 horas e tentamos o nosso melhor para satisfazer a procura dos clientes, consultamos e seguimos as vendas e os tratamentos relevantes.<\/p>\n<p>Q5: Qual \u00e9 o seu tempo de fabrica\u00e7\u00e3o e envio?<br \/>\nA: Cerca de 25-35 dias ap\u00f3s a confirma\u00e7\u00e3o dos detalhes.<\/p>","protected":false},"excerpt":{"rendered":"<p>Item: Individuais de papel descart\u00e1veis dispon\u00edveis<br \/>\nTamanho: 230X340\/250X350mm<br \/>\nLog\u00f3tipo personalizado: 1-8 cores por impress\u00e3o flexogr\u00e1fica<br \/>\nMaterial de papel: Papel Kraft castanho, papel kraft branco, papel revestido a PE<br \/>\nCores de impress\u00e3o: At\u00e9 5 cores<br \/>\nPeso do papel: 23-80g\/m2<br \/>\nInforma\u00e7\u00e3o de embalagem: Embalado em saco poli, em seguida, em caixa de exporta\u00e7\u00e3o padr\u00e3o<\/p>","protected":false},"featured_media":12415,"comment_status":"open","ping_status":"closed","template":"","meta":{"_et_pb_use_builder":"","_et_pb_old_content":"","_et_gb_content_width":""},"product_cat":[284,289],"product_tag":[344,315],"yoast_head":"<!-- This site is optimized with the Yoast SEO plugin v22.7 - https:\/\/yoast.com\/wordpress\/plugins\/seo\/ -->\n<title>Disposable Placemats - Nanwang Paper Packaging<\/title>\n<meta name=\"description\" content=\"Disposable Placemats - Nanwang Paper Packaging , we supply Luxury Paper Bags, Shopping Paper Bag, Paper Carry Bag, Delivery Bag for you with good price.\" \/>\n<meta name=\"robots\" content=\"index, follow, max-snippet:-1, max-image-preview:large, max-video-preview:-1\" \/>\n<link rel=\"canonical\" href=\"https:\/\/www.nanwangpaperbag.com\/pt\/produto\/individuais-descartaveis\/\" \/>\n<meta property=\"og:locale\" content=\"pt_PT\" \/>\n<meta property=\"og:type\" content=\"article\" \/>\n<meta property=\"og:title\" content=\"Disposable Placemats - Nanwang Paper Packaging\" \/>\n<meta property=\"og:description\" content=\"Disposable Placemats - Nanwang Paper Packaging , we supply Luxury Paper Bags, Shopping Paper Bag, Paper Carry Bag, Delivery Bag for you with good price.\" \/>\n<meta property=\"og:url\" content=\"https:\/\/www.nanwangpaperbag.com\/pt\/produto\/individuais-descartaveis\/\" \/>\n<meta property=\"og:site_name\" content=\"Nanwang Paper Packaging\" \/>\n<meta property=\"article:publisher\" content=\"https:\/\/www.facebook.com\/NanwangPaperBag\" \/>\n<meta property=\"article:modified_time\" content=\"2025-05-14T06:47:04+00:00\" \/>\n<meta property=\"og:image\" content=\"https:\/\/www.nanwangpaperbag.com\/wp-content\/uploads\/2025\/04\/Disposable-Placemats_1.webp\" \/>\n\t<meta property=\"og:image:width\" content=\"800\" \/>\n\t<meta property=\"og:image:height\" content=\"800\" \/>\n\t<meta property=\"og:image:type\" content=\"image\/webp\" \/>\n<meta name=\"twitter:card\" content=\"summary_large_image\" \/>\n<meta name=\"twitter:site\" content=\"@NanwangPack\" \/>\n<meta name=\"twitter:label1\" content=\"Tempo estimado de leitura\" \/>\n\t<meta name=\"twitter:data1\" content=\"2 minutos\" \/>\n<script type=\"application\/ld+json\" class=\"yoast-schema-graph\">{\"@context\":\"https:\/\/schema.org\",\"@graph\":[{\"@type\":\"WebPage\",\"@id\":\"https:\/\/www.nanwangpaperbag.com\/product\/disposable-placemats\/\",\"url\":\"https:\/\/www.nanwangpaperbag.com\/product\/disposable-placemats\/\",\"name\":\"Disposable Placemats - Nanwang Paper Packaging\",\"isPartOf\":{\"@id\":\"https:\/\/www.nanwangpaperbag.com\/#website\"},\"primaryImageOfPage\":{\"@id\":\"https:\/\/www.nanwangpaperbag.com\/product\/disposable-placemats\/#primaryimage\"},\"image\":{\"@id\":\"https:\/\/www.nanwangpaperbag.com\/product\/disposable-placemats\/#primaryimage\"},\"thumbnailUrl\":\"https:\/\/www.nanwangpaperbag.com\/wp-content\/uploads\/2025\/04\/Disposable-Placemats_1.webp\",\"datePublished\":\"2025-04-16T02:11:45+00:00\",\"dateModified\":\"2025-05-14T06:47:04+00:00\",\"description\":\"Disposable Placemats - Nanwang Paper Packaging , we supply Luxury Paper Bags, Shopping Paper Bag, Paper Carry Bag, Delivery Bag for you with good price.\",\"breadcrumb\":{\"@id\":\"https:\/\/www.nanwangpaperbag.com\/product\/disposable-placemats\/#breadcrumb\"},\"inLanguage\":\"pt-PT\",\"potentialAction\":[{\"@type\":\"ReadAction\",\"target\":[\"https:\/\/www.nanwangpaperbag.com\/product\/disposable-placemats\/\"]}]},{\"@type\":\"ImageObject\",\"inLanguage\":\"pt-PT\",\"@id\":\"https:\/\/www.nanwangpaperbag.com\/product\/disposable-placemats\/#primaryimage\",\"url\":\"https:\/\/www.nanwangpaperbag.com\/wp-content\/uploads\/2025\/04\/Disposable-Placemats_1.webp\",\"contentUrl\":\"https:\/\/www.nanwangpaperbag.com\/wp-content\/uploads\/2025\/04\/Disposable-Placemats_1.webp\",\"width\":800,\"height\":800,\"caption\":\"Disposable Placemats\"},{\"@type\":\"BreadcrumbList\",\"@id\":\"https:\/\/www.nanwangpaperbag.com\/product\/disposable-placemats\/#breadcrumb\",\"itemListElement\":[{\"@type\":\"ListItem\",\"position\":1,\"name\":\"Home\",\"item\":\"https:\/\/www.nanwangpaperbag.com\/\"},{\"@type\":\"ListItem\",\"position\":2,\"name\":\"Productos\",\"item\":\"https:\/\/www.nanwangpaperbag.com\/es\/shop\/\"},{\"@type\":\"ListItem\",\"position\":3,\"name\":\"Disposable Placemats\"}]},{\"@type\":\"WebSite\",\"@id\":\"https:\/\/www.nanwangpaperbag.com\/#website\",\"url\":\"https:\/\/www.nanwangpaperbag.com\/\",\"name\":\"Nanwang Paper Packaging\",\"description\":\"\",\"publisher\":{\"@id\":\"https:\/\/www.nanwangpaperbag.com\/#organization\"},\"potentialAction\":[{\"@type\":\"SearchAction\",\"target\":{\"@type\":\"EntryPoint\",\"urlTemplate\":\"https:\/\/www.nanwangpaperbag.com\/?s={search_term_string}\"},\"query-input\":\"required name=search_term_string\"}],\"inLanguage\":\"pt-PT\"},{\"@type\":\"Organization\",\"@id\":\"https:\/\/www.nanwangpaperbag.com\/#organization\",\"name\":\"Nanwang Pack\",\"url\":\"https:\/\/www.nanwangpaperbag.com\/\",\"logo\":{\"@type\":\"ImageObject\",\"inLanguage\":\"pt-PT\",\"@id\":\"https:\/\/www.nanwangpaperbag.com\/#\/schema\/logo\/image\/\",\"url\":\"https:\/\/www.nanwangpaperbag.com\/wp-content\/uploads\/2025\/03\/logo2.webp\",\"contentUrl\":\"https:\/\/www.nanwangpaperbag.com\/wp-content\/uploads\/2025\/03\/logo2.webp\",\"width\":433,\"height\":407,\"caption\":\"Nanwang Pack\"},\"image\":{\"@id\":\"https:\/\/www.nanwangpaperbag.com\/#\/schema\/logo\/image\/\"},\"sameAs\":[\"https:\/\/www.facebook.com\/NanwangPaperBag\",\"https:\/\/x.com\/NanwangPack\",\"https:\/\/www.linkedin.com\/company\/nanwang-paper-bag\/\",\"https:\/\/www.youtube.com\/@NanwangPaperBag\",\"https:\/\/www.tiktok.com\/@nanwangpaperbag\"]}]}<\/script>\n<!-- \/ Yoast SEO plugin. -->","yoast_head_json":{"title":"Disposable Placemats - Nanwang Paper Packaging","description":"Disposable Placemats - Nanwang Paper Packaging , we supply Luxury Paper Bags, Shopping Paper Bag, Paper Carry Bag, Delivery Bag for you with good price.","robots":{"index":"index","follow":"follow","max-snippet":"max-snippet:-1","max-image-preview":"max-image-preview:large","max-video-preview":"max-video-preview:-1"},"canonical":"https:\/\/www.nanwangpaperbag.com\/pt\/produto\/individuais-descartaveis\/","og_locale":"pt_PT","og_type":"article","og_title":"Disposable Placemats - Nanwang Paper Packaging","og_description":"Disposable Placemats - Nanwang Paper Packaging , we supply Luxury Paper Bags, Shopping Paper Bag, Paper Carry Bag, Delivery Bag for you with good price.","og_url":"https:\/\/www.nanwangpaperbag.com\/pt\/produto\/individuais-descartaveis\/","og_site_name":"Nanwang Paper Packaging","article_publisher":"https:\/\/www.facebook.com\/NanwangPaperBag","article_modified_time":"2025-05-14T06:47:04+00:00","og_image":[{"width":800,"height":800,"url":"https:\/\/www.nanwangpaperbag.com\/wp-content\/uploads\/2025\/04\/Disposable-Placemats_1.webp","type":"image\/webp"}],"twitter_card":"summary_large_image","twitter_site":"@NanwangPack","twitter_misc":{"Tempo estimado de leitura":"2 minutos"},"schema":{"@context":"https:\/\/schema.org","@graph":[{"@type":"WebPage","@id":"https:\/\/www.nanwangpaperbag.com\/product\/disposable-placemats\/","url":"https:\/\/www.nanwangpaperbag.com\/product\/disposable-placemats\/","name":"Disposable Placemats - Nanwang Paper Packaging","isPartOf":{"@id":"https:\/\/www.nanwangpaperbag.com\/#website"},"primaryImageOfPage":{"@id":"https:\/\/www.nanwangpaperbag.com\/product\/disposable-placemats\/#primaryimage"},"image":{"@id":"https:\/\/www.nanwangpaperbag.com\/product\/disposable-placemats\/#primaryimage"},"thumbnailUrl":"https:\/\/www.nanwangpaperbag.com\/wp-content\/uploads\/2025\/04\/Disposable-Placemats_1.webp","datePublished":"2025-04-16T02:11:45+00:00","dateModified":"2025-05-14T06:47:04+00:00","description":"Disposable Placemats - Nanwang Paper Packaging , we supply Luxury Paper Bags, Shopping Paper Bag, Paper Carry Bag, Delivery Bag for you with good price.","breadcrumb":{"@id":"https:\/\/www.nanwangpaperbag.com\/product\/disposable-placemats\/#breadcrumb"},"inLanguage":"pt-PT","potentialAction":[{"@type":"ReadAction","target":["https:\/\/www.nanwangpaperbag.com\/product\/disposable-placemats\/"]}]},{"@type":"ImageObject","inLanguage":"pt-PT","@id":"https:\/\/www.nanwangpaperbag.com\/product\/disposable-placemats\/#primaryimage","url":"https:\/\/www.nanwangpaperbag.com\/wp-content\/uploads\/2025\/04\/Disposable-Placemats_1.webp","contentUrl":"https:\/\/www.nanwangpaperbag.com\/wp-content\/uploads\/2025\/04\/Disposable-Placemats_1.webp","width":800,"height":800,"caption":"Disposable Placemats"},{"@type":"BreadcrumbList","@id":"https:\/\/www.nanwangpaperbag.com\/product\/disposable-placemats\/#breadcrumb","itemListElement":[{"@type":"ListItem","position":1,"name":"Home","item":"https:\/\/www.nanwangpaperbag.com\/"},{"@type":"ListItem","position":2,"name":"Productos","item":"https:\/\/www.nanwangpaperbag.com\/es\/shop\/"},{"@type":"ListItem","position":3,"name":"Disposable Placemats"}]},{"@type":"WebSite","@id":"https:\/\/www.nanwangpaperbag.com\/#website","url":"https:\/\/www.nanwangpaperbag.com\/","name":"Nanwang Paper Packaging","description":"","publisher":{"@id":"https:\/\/www.nanwangpaperbag.com\/#organization"},"potentialAction":[{"@type":"SearchAction","target":{"@type":"EntryPoint","urlTemplate":"https:\/\/www.nanwangpaperbag.com\/?s={search_term_string}"},"query-input":"required name=search_term_string"}],"inLanguage":"pt-PT"},{"@type":"Organization","@id":"https:\/\/www.nanwangpaperbag.com\/#organization","name":"Nanwang Pack","url":"https:\/\/www.nanwangpaperbag.com\/","logo":{"@type":"ImageObject","inLanguage":"pt-PT","@id":"https:\/\/www.nanwangpaperbag.com\/#\/schema\/logo\/image\/","url":"https:\/\/www.nanwangpaperbag.com\/wp-content\/uploads\/2025\/03\/logo2.webp","contentUrl":"https:\/\/www.nanwangpaperbag.com\/wp-content\/uploads\/2025\/03\/logo2.webp","width":433,"height":407,"caption":"Nanwang Pack"},"image":{"@id":"https:\/\/www.nanwangpaperbag.com\/#\/schema\/logo\/image\/"},"sameAs":["https:\/\/www.facebook.com\/NanwangPaperBag","https:\/\/x.com\/NanwangPack","https:\/\/www.linkedin.com\/company\/nanwang-paper-bag\/","https:\/\/www.youtube.com\/@NanwangPaperBag","https:\/\/www.tiktok.com\/@nanwangpaperbag"]}]}},"_links":{"self":[{"href":"https:\/\/www.nanwangpaperbag.com\/pt\/wp-json\/wp\/v2\/product\/12408"}],"collection":[{"href":"https:\/\/www.nanwangpaperbag.com\/pt\/wp-json\/wp\/v2\/product"}],"about":[{"href":"https:\/\/www.nanwangpaperbag.com\/pt\/wp-json\/wp\/v2\/types\/product"}],"replies":[{"embeddable":true,"href":"https:\/\/www.nanwangpaperbag.com\/pt\/wp-json\/wp\/v2\/comments?post=12408"}],"wp:featuredmedia":[{"embeddable":true,"href":"https:\/\/www.nanwangpaperbag.com\/pt\/wp-json\/wp\/v2\/media\/12415"}],"wp:attachment":[{"href":"https:\/\/www.nanwangpaperbag.com\/pt\/wp-json\/wp\/v2\/media?parent=12408"}],"wp:term":[{"taxonomy":"product_cat","embeddable":true,"href":"https:\/\/www.nanwangpaperbag.com\/pt\/wp-json\/wp\/v2\/product_cat?post=12408"},{"taxonomy":"product_tag","embeddable":true,"href":"https:\/\/www.nanwangpaperbag.com\/pt\/wp-json\/wp\/v2\/product_tag?post=12408"}],"curies":[{"name":"wp","href":"https:\/\/api.w.org\/{rel}","templated":true}]}}